{"id":692545,"date":"2024-08-18T12:21:09","date_gmt":"2024-08-18T09:21:09","guid":{"rendered":"https:\/\/nbg.eu\/product\/main-spring-plug-kmr\/"},"modified":"2026-05-13T16:01:03","modified_gmt":"2026-05-13T13:01:03","slug":"main-spring-plug-kmr","status":"publish","type":"product","link":"https:\/\/nbg.eu\/es\/producto\/main-spring-plug-kmr\/","title":{"rendered":"KMR Tap\u00f3n del Muelle Principal"},"content":{"rendered":"<h2>Enchufe principal KMR<\/h2>\n<p>Elaborado con precisi\u00f3n y atenci\u00f3n al detalle, el enchufe principal KMR asegura un funcionamiento suave y una funcionalidad precisa dentro de los mecanismos del arma. Su compatibilidad con una amplia gama de modelos KMR, tanto de la generaci\u00f3n actual como de las anteriores, lo convierte en un componente vers\u00e1til y esencial para los propietarios de armas y los profesionales de mantenimiento.<\/p>\n<p>Ya sea que est\u00e9 actualizando, dando servicio o reemplazando un componente en su arma equipada con KMR, el enchufe principal KMR es una pieza cr\u00edtica que se debe considerar. Con su construcci\u00f3n confiable y su integraci\u00f3n fluida, este enchufe ayuda a mantener el rendimiento y la confiabilidad \u00f3ptimos de su sistema de armas, asegurando una experiencia de usuario consistente y confiable.<\/p>\n<p>Para armas KMR:<\/p>\n<p>KMR L-02 EMIQ<\/p>\n<p>KMR L-02 EMIQ (OR)<\/p>\n<p>KMR L-02 ORCA DESDE 2024<\/p>\n<p>KMR L-02 ORCA HASTA 2023<\/p>\n<p>KMR L-02 SPECTRA DESDE 2024<\/p>\n<p>KMR L-02 SPECTRA HASTA 2023<\/p>\n<p>KMR S-01 LANCE (OR)<\/p>\n<p>KMR S-02 DESDE 2024<\/p>\n<p>KMR S-02 HASTA 2023<\/p>\n<p>KMR W-02 CUDA (OR)<\/p>\n<p>KMR W-02 UMBRA<\/p>\n<p>KMR W-02 UMBRA (OR)<\/p>\n<p>N\u00famero de referencia: 1160-00108-0401<\/p>\n","protected":false},"excerpt":{"rendered":"<p>Tap\u00f3n de Muelle Principal KMR para Armas KMR.<\/p>\n","protected":false},"featured_media":25971,"template":"","meta":{"_acf_changed":false},"product_brand":[11503],"product_cat":[12229,12247],"product_tag":[],"class_list":{"0":"post-692545","1":"product","2":"type-product","3":"status-publish","4":"has-post-thumbnail","6":"product_brand-kmr-precision","7":"product_cat-piezas-kmr","8":"product_cat-resortes","10":"first","11":"instock","12":"taxable","13":"shipping-taxable","14":"product-type-simple"},"acf":[],"_links":{"self":[{"href":"https:\/\/nbg.eu\/es\/wp-json\/wp\/v2\/product\/692545","targetHints":{"allow":["GET"]}}],"collection":[{"href":"https:\/\/nbg.eu\/es\/wp-json\/wp\/v2\/product"}],"about":[{"href":"https:\/\/nbg.eu\/es\/wp-json\/wp\/v2\/types\/product"}],"wp:featuredmedia":[{"embeddable":true,"href":"https:\/\/nbg.eu\/es\/wp-json\/wp\/v2\/media\/25971"}],"wp:attachment":[{"href":"https:\/\/nbg.eu\/es\/wp-json\/wp\/v2\/media?parent=692545"}],"wp:term":[{"taxonomy":"product_brand","embeddable":true,"href":"https:\/\/nbg.eu\/es\/wp-json\/wp\/v2\/product_brand?post=692545"},{"taxonomy":"product_cat","embeddable":true,"href":"https:\/\/nbg.eu\/es\/wp-json\/wp\/v2\/product_cat?post=692545"},{"taxonomy":"product_tag","embeddable":true,"href":"https:\/\/nbg.eu\/es\/wp-json\/wp\/v2\/product_tag?post=692545"}],"curies":[{"name":"wp","href":"https:\/\/api.w.org\/{rel}","templated":true}]}}