{"id":692606,"date":"2024-11-03T10:02:34","date_gmt":"2024-11-03T07:02:34","guid":{"rendered":"https:\/\/nbg.eu\/product\/norma-cal-6-5-creedmoore-target-match-8-4g-130gr\/"},"modified":"2026-05-13T16:04:50","modified_gmt":"2026-05-13T13:04:50","slug":"norma-cal-6-5-creedmoore-target-match-8-4g-130gr","status":"publish","type":"product","link":"https:\/\/nbg.eu\/es\/producto\/norma-cal-6-5-creedmoore-target-match-8-4g-130gr\/","title":{"rendered":"NORMA cal. 6.5 Creedmoore Target Match 8.4g\/130gr."},"content":{"rendered":"<h2>NORMA cal. 6.5 Creedmoore Target Match 8.4g\/130gr<\/h2>\n<p>Experimente precisi\u00f3n con la munici\u00f3n NORMA 6.5 Creedmoor Target Match. Desarrollada en 2007, este cartucho se destaca en el tiro de precisi\u00f3n a larga distancia y la caza. La bala de 6.5 mm cuenta con excelentes densidades seccionales y coeficientes bal\u00edsticos, lo que asegura un rendimiento superior a distancias extendidas.<\/p>\n<h3>Caracter\u00edsticas:<\/h3>\n<ul>\n<li>Calibre: 6.5 Creedmoor<\/li>\n<li>Peso: 8.4g\/130gr<\/li>\n<li>Coeficiente bal\u00edstico: G1 0.548 \/ G7 0.294<\/li>\n<li>Tipo: Golden Target<\/li>\n<li>Ignici\u00f3n: Fulminante central<\/li>\n<\/ul>\n<h3>Velocidad:<\/h3>\n<ul>\n<li>V0: 869 m\/s<\/li>\n<li>V100: 813 m\/s<\/li>\n<li>V200: 759 m\/s<\/li>\n<li>V300: 708 m\/s<\/li>\n<\/ul>\n","protected":false},"excerpt":{"rendered":"<p>Munici\u00f3n Precision 6.5 Creedmoor para tiro de precisi\u00f3n a larga distancia.<\/p>\n","protected":false},"featured_media":76708,"template":"","meta":{"_acf_changed":false},"product_brand":[14480],"product_cat":[12292],"product_tag":[],"class_list":{"0":"post-692606","1":"product","2":"type-product","3":"status-publish","4":"has-post-thumbnail","6":"product_brand-norma-precision","7":"product_cat-municion-para-rifle","9":"first","10":"instock","11":"taxable","12":"shipping-taxable","13":"purchasable","14":"product-type-simple"},"acf":[],"_links":{"self":[{"href":"https:\/\/nbg.eu\/es\/wp-json\/wp\/v2\/product\/692606","targetHints":{"allow":["GET"]}}],"collection":[{"href":"https:\/\/nbg.eu\/es\/wp-json\/wp\/v2\/product"}],"about":[{"href":"https:\/\/nbg.eu\/es\/wp-json\/wp\/v2\/types\/product"}],"wp:featuredmedia":[{"embeddable":true,"href":"https:\/\/nbg.eu\/es\/wp-json\/wp\/v2\/media\/76708"}],"wp:attachment":[{"href":"https:\/\/nbg.eu\/es\/wp-json\/wp\/v2\/media?parent=692606"}],"wp:term":[{"taxonomy":"product_brand","embeddable":true,"href":"https:\/\/nbg.eu\/es\/wp-json\/wp\/v2\/product_brand?post=692606"},{"taxonomy":"product_cat","embeddable":true,"href":"https:\/\/nbg.eu\/es\/wp-json\/wp\/v2\/product_cat?post=692606"},{"taxonomy":"product_tag","embeddable":true,"href":"https:\/\/nbg.eu\/es\/wp-json\/wp\/v2\/product_tag?post=692606"}],"curies":[{"name":"wp","href":"https:\/\/api.w.org\/{rel}","templated":true}]}}