{"id":692646,"date":"2025-03-07T13:29:53","date_gmt":"2025-03-07T10:29:53","guid":{"rendered":"https:\/\/nbg.eu\/product\/nitehog-18650-rechargeable-battery\/"},"modified":"2026-05-13T16:02:19","modified_gmt":"2026-05-13T13:02:19","slug":"nitehog-18650-rechargeable-battery","status":"publish","type":"product","link":"https:\/\/nbg.eu\/es\/producto\/nitehog-18650-rechargeable-battery\/","title":{"rendered":"Nitehog 18650 Rechargeable Battery"},"content":{"rendered":"<h2>Bater\u00eda recargable de i\u00f3n de litio Nitehog 18650: Energ\u00eda confiable para im\u00e1genes t\u00e9rmicas y visi\u00f3n nocturna<\/h2>\n<p>Libera el m\u00e1ximo potencial de tus \u00f3pticas t\u00e9rmicas y dispositivos de visi\u00f3n nocturna Nitehog con la bater\u00eda recargable de i\u00f3n de litio Nitehog 18650. Con una alta capacidad t\u00edpica de 3500mAh, esta bater\u00eda ofrece una descarga de alta corriente constante, esencial para los avanzados sensores digitales y n\u00facleos t\u00e9rmicos.<\/p>\n<p>Dise\u00f1ada para un rendimiento \u00f3ptimo, la bater\u00eda Nitehog 18650 tiene un voltaje nominal de 3.7V y un circuito de protecci\u00f3n integrado (PCB) para evitar la sobrecarga y la descarga profunda. Esta medida de seguridad garantiza una vida \u00fatil m\u00e1xima y seguridad, permiti\u00e9ndote confiar en esta fuente de energ\u00eda durante largas sesiones de caza nocturna u operaciones t\u00e1cticas.<\/p>\n<p>Ya sea que est\u00e9s rastreando presas en la naturaleza o realizando operaciones encubiertas, la bater\u00eda recargable Nitehog 18650 proporciona la energ\u00eda confiable y de alta capacidad que tus dispositivos exigen. Experimenta un rendimiento ininterrumpido y la confianza que brinda un dise\u00f1o protegido, convirti\u00e9ndola en el compa\u00f1ero perfecto para tu equipo de im\u00e1genes t\u00e9rmicas y visi\u00f3n nocturna Nitehog.<\/p>\n","protected":false},"excerpt":{"rendered":"<p>Bater\u00eda recargable de i\u00f3n de litio Nitehog 18650: Potencia confiable de alta capacidad para dispositivos de visi\u00f3n t\u00e9rmica\/nocturna.<\/p>\n","protected":false},"featured_media":246189,"template":"","meta":{"_acf_changed":false},"product_brand":[11604],"product_cat":[12255,12230,12290,12250],"product_tag":[],"class_list":{"0":"post-692646","1":"product","2":"type-product","3":"status-publish","4":"has-post-thumbnail","6":"product_brand-nitehog","7":"product_cat-accesorios-de-apuntado","8":"product_cat-apuntado","9":"product_cat-baterias","10":"product_cat-termico","12":"first","13":"instock","14":"taxable","15":"shipping-taxable","16":"purchasable","17":"product-type-simple"},"acf":[],"_links":{"self":[{"href":"https:\/\/nbg.eu\/es\/wp-json\/wp\/v2\/product\/692646","targetHints":{"allow":["GET"]}}],"collection":[{"href":"https:\/\/nbg.eu\/es\/wp-json\/wp\/v2\/product"}],"about":[{"href":"https:\/\/nbg.eu\/es\/wp-json\/wp\/v2\/types\/product"}],"wp:featuredmedia":[{"embeddable":true,"href":"https:\/\/nbg.eu\/es\/wp-json\/wp\/v2\/media\/246189"}],"wp:attachment":[{"href":"https:\/\/nbg.eu\/es\/wp-json\/wp\/v2\/media?parent=692646"}],"wp:term":[{"taxonomy":"product_brand","embeddable":true,"href":"https:\/\/nbg.eu\/es\/wp-json\/wp\/v2\/product_brand?post=692646"},{"taxonomy":"product_cat","embeddable":true,"href":"https:\/\/nbg.eu\/es\/wp-json\/wp\/v2\/product_cat?post=692646"},{"taxonomy":"product_tag","embeddable":true,"href":"https:\/\/nbg.eu\/es\/wp-json\/wp\/v2\/product_tag?post=692646"}],"curies":[{"name":"wp","href":"https:\/\/api.w.org\/{rel}","templated":true}]}}