{"id":692661,"date":"2024-08-17T14:49:07","date_gmt":"2024-08-17T11:49:07","guid":{"rendered":"https:\/\/nbg.eu\/product\/mounting-kit-for-l-02-w-02-steel-black\/"},"modified":"2026-05-13T16:01:41","modified_gmt":"2026-05-13T13:01:41","slug":"mounting-kit-for-l-02-w-02-steel-black","status":"publish","type":"product","link":"https:\/\/nbg.eu\/es\/producto\/mounting-kit-for-l-02-w-02-steel-black\/","title":{"rendered":"KMR Kit de Montaje for L-02, W-02 Acero Negro"},"content":{"rendered":"<h2>KMR Optic Ready (OR) Mounting Kit \u2013 Acero, Negro<\/h2>\n<p>Eleva tus plataformas KMR L-02 y W-02 con el Kit de montaje KMR Optic Ready (OR). Mecanizado en acero de alta resistencia, esta soluci\u00f3n de montaje ofrece una durabilidad y rigidez sin igual para garantizar que tu \u00f3ptica mantenga su cero, incluso ante las intensas fuerzas de retroceso del tiro competitivo.<\/p>\n<p>Con un dise\u00f1o espec\u00edfico para cada modelo, el Kit de montaje OR est\u00e1 dise\u00f1ado para ajustarse de forma segura a las \u00f3pticas Trijicon RMR, Leupold DeltaPoint Pro o Shield, proporcionando una base s\u00f3lida para tu sistema de mira. A diferencia de las placas de aluminio est\u00e1ndar, la construcci\u00f3n de acero evita el desgaste de los hilos y mantiene un ajuste perfecto para las diapositivas Optic Ready L-02 y W-02, protegiendo tu inversi\u00f3n.<\/p>\n<p>Acabado con un revestimiento mate negro anticorrosivo, este kit de montaje no solo tiene un aspecto adecuado, sino que tambi\u00e9n resiste a los elementos, garantizando un rendimiento confiable en cualquier condici\u00f3n. Actualiza tu plataforma KMR con el Kit de montaje KMR Optic Ready (OR), la soluci\u00f3n definitiva para la integraci\u00f3n de \u00f3pticas de alta durabilidad.<\/p>\n","protected":false},"excerpt":{"rendered":"<p>Kit de montaje de acero de alta resistencia para la integraci\u00f3n \u00f3ptica L-02, W-02 KMR.<\/p>\n","protected":false},"featured_media":30379,"template":"","meta":{"_acf_changed":false},"product_brand":[],"product_cat":[12225,12229,12261,14920],"product_tag":[],"class_list":{"0":"post-692661","1":"product","2":"type-product","3":"status-publish","4":"has-post-thumbnail","6":"product_cat-piezas-de-pistola","7":"product_cat-piezas-kmr","8":"product_cat-puntos-para-pistola","9":"product_cat-red-dot-sights-mounts-es","11":"first","12":"instock","13":"taxable","14":"shipping-taxable","15":"purchasable","16":"product-type-variable","17":"wvs-archive-product-wrapper"},"acf":[],"_links":{"self":[{"href":"https:\/\/nbg.eu\/es\/wp-json\/wp\/v2\/product\/692661","targetHints":{"allow":["GET"]}}],"collection":[{"href":"https:\/\/nbg.eu\/es\/wp-json\/wp\/v2\/product"}],"about":[{"href":"https:\/\/nbg.eu\/es\/wp-json\/wp\/v2\/types\/product"}],"wp:featuredmedia":[{"embeddable":true,"href":"https:\/\/nbg.eu\/es\/wp-json\/wp\/v2\/media\/30379"}],"wp:attachment":[{"href":"https:\/\/nbg.eu\/es\/wp-json\/wp\/v2\/media?parent=692661"}],"wp:term":[{"taxonomy":"product_brand","embeddable":true,"href":"https:\/\/nbg.eu\/es\/wp-json\/wp\/v2\/product_brand?post=692661"},{"taxonomy":"product_cat","embeddable":true,"href":"https:\/\/nbg.eu\/es\/wp-json\/wp\/v2\/product_cat?post=692661"},{"taxonomy":"product_tag","embeddable":true,"href":"https:\/\/nbg.eu\/es\/wp-json\/wp\/v2\/product_tag?post=692661"}],"curies":[{"name":"wp","href":"https:\/\/api.w.org\/{rel}","templated":true}]}}