{"id":692981,"date":"2024-09-17T08:37:52","date_gmt":"2024-09-17T05:37:52","guid":{"rendered":"https:\/\/nbg.eu\/product\/or-cover-22-lr-screw-m3x6-iso-14580-kmr\/"},"modified":"2026-05-13T16:02:37","modified_gmt":"2026-05-13T13:02:37","slug":"or-cover-22-lr-screw-m3x6-iso-14580-kmr","status":"publish","type":"product","link":"https:\/\/nbg.eu\/es\/producto\/or-cover-22-lr-screw-m3x6-iso-14580-kmr\/","title":{"rendered":"KMR Tornillo Tapa OR .22 LR M3x6 ISO 14580"},"content":{"rendered":"<h2>TORNILLO OR COVER 22 LR M3x6 ISO 14580 KMR<\/h2>\n<p>El TORNILLO OR COVER 22 LR M3x6 ISO 14580 KMR es un componente cr\u00edtico para una variedad de sistemas de armas KMR. Dise\u00f1ado seg\u00fan las especificaciones precisas de la norma ISO 14580, este tornillo garantiza una conexi\u00f3n segura y confiable, manteniendo la integridad de su sistema de armas.<\/p>\n<p>Para armas KMR:<\/p>\n<p>KMR S-01 LANCE (OR)<\/p>\n<p>KMR S-02 75 (OR) SR ADA<\/p>\n<p>KMR S-02 A PARTIR DE 2024<\/p>\n<p>KMR S-02 SH1 (OR) SR ADA<\/p>\n<p>KMR S-02 SH2 (OR) SR ADA<\/p>\n<p>KMR S-02 TS (OR) SR ADA<\/p>\n<p>KMR S-02 HASTA 2023<\/p>\n","protected":false},"excerpt":{"rendered":"<p>OR COVER 22 LR TORNILLO M3x6 ISO 14580 KMR para armas de la serie KMR.<\/p>\n","protected":false},"featured_media":63666,"template":"","meta":{"_acf_changed":false},"product_brand":[11503],"product_cat":[12229],"product_tag":[],"class_list":{"0":"post-692981","1":"product","2":"type-product","3":"status-publish","4":"has-post-thumbnail","6":"product_brand-kmr-precision","7":"product_cat-piezas-kmr","9":"first","10":"instock","11":"taxable","12":"shipping-taxable","13":"product-type-simple"},"acf":[],"_links":{"self":[{"href":"https:\/\/nbg.eu\/es\/wp-json\/wp\/v2\/product\/692981","targetHints":{"allow":["GET"]}}],"collection":[{"href":"https:\/\/nbg.eu\/es\/wp-json\/wp\/v2\/product"}],"about":[{"href":"https:\/\/nbg.eu\/es\/wp-json\/wp\/v2\/types\/product"}],"wp:featuredmedia":[{"embeddable":true,"href":"https:\/\/nbg.eu\/es\/wp-json\/wp\/v2\/media\/63666"}],"wp:attachment":[{"href":"https:\/\/nbg.eu\/es\/wp-json\/wp\/v2\/media?parent=692981"}],"wp:term":[{"taxonomy":"product_brand","embeddable":true,"href":"https:\/\/nbg.eu\/es\/wp-json\/wp\/v2\/product_brand?post=692981"},{"taxonomy":"product_cat","embeddable":true,"href":"https:\/\/nbg.eu\/es\/wp-json\/wp\/v2\/product_cat?post=692981"},{"taxonomy":"product_tag","embeddable":true,"href":"https:\/\/nbg.eu\/es\/wp-json\/wp\/v2\/product_tag?post=692981"}],"curies":[{"name":"wp","href":"https:\/\/api.w.org\/{rel}","templated":true}]}}