{"id":693206,"date":"2024-08-18T11:12:21","date_gmt":"2024-08-18T08:12:21","guid":{"rendered":"https:\/\/nbg.eu\/product\/rear-sight-screw-m4x6-din-913-kmr\/"},"modified":"2026-05-13T16:02:02","modified_gmt":"2026-05-13T13:02:02","slug":"rear-sight-screw-m4x6-din-913-kmr","status":"publish","type":"product","link":"https:\/\/nbg.eu\/es\/producto\/rear-sight-screw-m4x6-din-913-kmr\/","title":{"rendered":"KMR Tornillo del Alza M4x6 DIN 913"},"content":{"rendered":"<h2>Tornillo de Mira Trasera M4X6 Din 913 KMR<\/h2>\n<p>Este tornillo de mira trasera est\u00e1 dise\u00f1ado para su uso con una variedad de armas KMR. Mide M4x6 mm y cumple con los est\u00e1ndares DIN 913, este tornillo garantiza una sujeci\u00f3n segura y confiable de la mira trasera a tu arma de fuego KMR. Fabricado con precisi\u00f3n y durabilidad en mente, este tornillo de mira trasera proporciona un componente crucial para mantener el rendimiento y la funcionalidad \u00f3ptimos de tu sistema de armas KMR.<\/p>\n<p>Para Armas KMR:<\/p>\n<p>KMR L-02 EMIQ<\/p>\n<p>KMR L-02 EMIQ (OR)<\/p>\n<p>KMR L-02 ORCA DESDE 2024<\/p>\n<p>KMR L-02 ORCA HASTA 2023<\/p>\n<p>KMR L-02 SPECTRA HASTA 2023<\/p>\n<p>KMR L-02 UMBRA (OR) SR<\/p>\n<p>KMR W-02 CUDA (OR)<\/p>\n<p>KMR W-02 UMBRA (OR)<\/p>\n","protected":false},"excerpt":{"rendered":"<p>Tornillo de mira trasera M4X6 Din 913 para los modelos de arma KMR: L-02 EMIQ, ORCA, SPECTRA, UMBRA, W-02 CUDA, UMBRA.<\/p>\n","protected":false},"featured_media":25394,"template":"","meta":{"_acf_changed":false},"product_brand":[11503],"product_cat":[12229],"product_tag":[],"class_list":{"0":"post-693206","1":"product","2":"type-product","3":"status-publish","4":"has-post-thumbnail","6":"product_brand-kmr-precision","7":"product_cat-piezas-kmr","9":"first","10":"instock","11":"taxable","12":"shipping-taxable","13":"product-type-simple"},"acf":[],"_links":{"self":[{"href":"https:\/\/nbg.eu\/es\/wp-json\/wp\/v2\/product\/693206","targetHints":{"allow":["GET"]}}],"collection":[{"href":"https:\/\/nbg.eu\/es\/wp-json\/wp\/v2\/product"}],"about":[{"href":"https:\/\/nbg.eu\/es\/wp-json\/wp\/v2\/types\/product"}],"wp:featuredmedia":[{"embeddable":true,"href":"https:\/\/nbg.eu\/es\/wp-json\/wp\/v2\/media\/25394"}],"wp:attachment":[{"href":"https:\/\/nbg.eu\/es\/wp-json\/wp\/v2\/media?parent=693206"}],"wp:term":[{"taxonomy":"product_brand","embeddable":true,"href":"https:\/\/nbg.eu\/es\/wp-json\/wp\/v2\/product_brand?post=693206"},{"taxonomy":"product_cat","embeddable":true,"href":"https:\/\/nbg.eu\/es\/wp-json\/wp\/v2\/product_cat?post=693206"},{"taxonomy":"product_tag","embeddable":true,"href":"https:\/\/nbg.eu\/es\/wp-json\/wp\/v2\/product_tag?post=693206"}],"curies":[{"name":"wp","href":"https:\/\/api.w.org\/{rel}","templated":true}]}}