{"id":693537,"date":"2024-08-16T21:03:31","date_gmt":"2024-08-16T18:03:31","guid":{"rendered":"https:\/\/nbg.eu\/product\/rhh-leg-strap\/"},"modified":"2026-05-13T16:03:28","modified_gmt":"2026-05-13T13:03:28","slug":"rhh-leg-strap","status":"publish","type":"product","link":"https:\/\/nbg.eu\/es\/producto\/rhh-leg-strap\/","title":{"rendered":"RHH Leg Strap"},"content":{"rendered":"<h2>Correa para pierna RHH: Estabilidad mejorada de la funda para actividades din\u00e1micas<\/h2>\n<p>La correa para pierna RHH es un accesorio vers\u00e1til dise\u00f1ado para proporcionar una estabilidad excepcional y una reducci\u00f3n del movimiento para fundas en la pierna o en el medio del cuerpo durante actividades din\u00e1micas. Fabricada con cinta el\u00e1stica de nailon resistente y con una hebilla de pol\u00edmero de alto impacto, esta correa ajustable asegura un ajuste seguro y c\u00f3modo alrededor de tu muslo.<\/p>\n<p>El cosido de goma antideslizante integrado agrega una textura adherente, eliminando efectivamente el \u00abbamboleo de la funda\u00bb que puede ocurrir durante la carrera, el arrodillamiento u otros movimientos intensos. La construcci\u00f3n el\u00e1stica permite que la correa se expanda y se contraiga con los m\u00fasculos de la pierna, manteniendo la funda en una posici\u00f3n consistente para un disparo confiable y sin obst\u00e1culos.<\/p>\n<p>Ya seas un oficial en servicio activo, un tirador competitivo o un amante de la naturaleza, la correa para pierna RHH es la soluci\u00f3n perfecta para mantener tu funda firmemente en su lugar sin restringir tu rango de movimiento o circulaci\u00f3n. Experimenta una mayor estabilidad de la funda y confianza en tu equipo, incluso en las situaciones m\u00e1s exigentes.<\/p>\n","protected":false},"excerpt":{"rendered":"<p>Asegura tu funda con la cinta el\u00e1stica de nil\u00f3n resistente y el dise\u00f1o antideslizante del RHH Leg Strap.<\/p>\n","protected":false},"featured_media":0,"template":"","meta":{"_acf_changed":false},"product_brand":[11650],"product_cat":[12260],"product_tag":[],"class_list":{"0":"post-693537","1":"product","2":"type-product","3":"status-publish","5":"product_brand-rh-holsters","6":"product_cat-accesorios-para-fundas","8":"first","9":"instock","10":"taxable","11":"shipping-taxable","12":"purchasable","13":"product-type-simple"},"acf":[],"_links":{"self":[{"href":"https:\/\/nbg.eu\/es\/wp-json\/wp\/v2\/product\/693537","targetHints":{"allow":["GET"]}}],"collection":[{"href":"https:\/\/nbg.eu\/es\/wp-json\/wp\/v2\/product"}],"about":[{"href":"https:\/\/nbg.eu\/es\/wp-json\/wp\/v2\/types\/product"}],"wp:attachment":[{"href":"https:\/\/nbg.eu\/es\/wp-json\/wp\/v2\/media?parent=693537"}],"wp:term":[{"taxonomy":"product_brand","embeddable":true,"href":"https:\/\/nbg.eu\/es\/wp-json\/wp\/v2\/product_brand?post=693537"},{"taxonomy":"product_cat","embeddable":true,"href":"https:\/\/nbg.eu\/es\/wp-json\/wp\/v2\/product_cat?post=693537"},{"taxonomy":"product_tag","embeddable":true,"href":"https:\/\/nbg.eu\/es\/wp-json\/wp\/v2\/product_tag?post=693537"}],"curies":[{"name":"wp","href":"https:\/\/api.w.org\/{rel}","templated":true}]}}