{"id":694310,"date":"2024-08-18T12:10:09","date_gmt":"2024-08-18T09:10:09","guid":{"rendered":"https:\/\/nbg.eu\/product\/sear-kmr\/"},"modified":"2026-05-13T15:10:50","modified_gmt":"2026-05-13T12:10:50","slug":"sear-kmr","status":"publish","type":"product","link":"https:\/\/nbg.eu\/es\/producto\/sear-kmr\/","title":{"rendered":"KMR Fiador"},"content":{"rendered":"<h2>KMR Precision Sear<\/h2>\n<p>El Sear de KMR es un componente interno principal dise\u00f1ado para aquellos que exigen lo m\u00e1ximo en el rendimiento del disparador. Como el enlace principal en el sistema de encendido, el sear mantiene el martillo hacia atr\u00e1s hasta el momento exacto de la descarga. Esta pieza original de KMR est\u00e1 dise\u00f1ada para proporcionar el quiebre limpio y suave que se ha convertido en el sello distintivo de la marca KMR.<\/p>\n<h3>Ignici\u00f3n de Nivel de Competici\u00f3n<\/h3>\n<p>La geometr\u00eda del Sear de KMR se calcula meticulosamente para minimizar el desplazamiento y el sobretiro. Al utilizar acero endurecido de alta calidad, KMR asegura que los bordes de compromiso permanezcan afilados y consistentes durante cientos de miles de ciclos. Ya sea que est\u00e9 construyendo un equipo de competici\u00f3n a medida o restaurando su pistola al rendimiento de f\u00e1brica, este sear es la clave para un disparo repetible y seguro.<\/p>\n<h3>Especificaciones T\u00e9cnicas:<\/h3>\n<ul>\n<li><strong>Acero Endurecido de Alto Carbono:<\/strong> Forjado para una durabilidad extrema y resistencia al desgaste superficial en el punto de compromiso.<\/li>\n<li><strong>Mecanizado de Precisi\u00f3n:<\/strong> Fabricado con las tolerancias m\u00e1s altas para asegurar una interfaz perfecta con los ganchos del martillo.<\/li>\n<li><strong>Geometr\u00eda de Restablecimiento Optimizada:<\/strong> Dise\u00f1ada para facilitar un restablecimiento corto y positivo para disparos de seguimiento m\u00e1s r\u00e1pidos en escenarios de tiro din\u00e1micos.<\/li>\n<li><strong>Compatibilidad Universal KMR:<\/strong> Compatible con las series de marcos L-02 y W-02 de KMR.<\/li>\n<\/ul>\n<h3>Beneficios Clave:<\/h3>\n<ul>\n<li><strong>Eliminar el Desplazamiento del Disparador:<\/strong> Proporciona una liberaci\u00f3n inmediata y n\u00edtida que mejora la precisi\u00f3n al reducir la posibilidad de tirar del disparo.<\/li>\n<li><strong>Seguridad Mejorada:<\/strong> Las superficies rectificadas con precisi\u00f3n garantizan un bloqueo seguro del martillo, manteniendo la seguridad mec\u00e1nica incluso bajo uso intensivo.<\/li>\n<li><strong>Calidad Plug-and-Play:<\/strong> Si bien se recomienda siempre el ajuste por armero para los mejores disparadores, esta pieza OEM proporciona la base m\u00e1s confiable para un trabajo de disparador profesional.<\/li>\n<\/ul>\n<p><em><strong>Nota:<\/strong> Debido a que el sear es un componente de seguridad cr\u00edtico, KMR recomienda que la instalaci\u00f3n y cualquier posterior pulido sean realizados por un armero calificado para asegurar un compromiso adecuado del sear con el martillo.<\/em><\/p>\n","protected":false},"excerpt":{"rendered":"<p>1110-00106-0401<\/p>\n","protected":false},"featured_media":25810,"template":"","meta":{"_acf_changed":false},"product_brand":[11503],"product_cat":[12229],"product_tag":[],"class_list":{"0":"post-694310","1":"product","2":"type-product","3":"status-publish","4":"has-post-thumbnail","6":"product_brand-kmr-precision","7":"product_cat-piezas-kmr","9":"first","10":"instock","11":"taxable","12":"shipping-taxable","13":"product-type-simple"},"acf":[],"_links":{"self":[{"href":"https:\/\/nbg.eu\/es\/wp-json\/wp\/v2\/product\/694310","targetHints":{"allow":["GET"]}}],"collection":[{"href":"https:\/\/nbg.eu\/es\/wp-json\/wp\/v2\/product"}],"about":[{"href":"https:\/\/nbg.eu\/es\/wp-json\/wp\/v2\/types\/product"}],"wp:featuredmedia":[{"embeddable":true,"href":"https:\/\/nbg.eu\/es\/wp-json\/wp\/v2\/media\/25810"}],"wp:attachment":[{"href":"https:\/\/nbg.eu\/es\/wp-json\/wp\/v2\/media?parent=694310"}],"wp:term":[{"taxonomy":"product_brand","embeddable":true,"href":"https:\/\/nbg.eu\/es\/wp-json\/wp\/v2\/product_brand?post=694310"},{"taxonomy":"product_cat","embeddable":true,"href":"https:\/\/nbg.eu\/es\/wp-json\/wp\/v2\/product_cat?post=694310"},{"taxonomy":"product_tag","embeddable":true,"href":"https:\/\/nbg.eu\/es\/wp-json\/wp\/v2\/product_tag?post=694310"}],"curies":[{"name":"wp","href":"https:\/\/api.w.org\/{rel}","templated":true}]}}