{"id":694401,"date":"2024-09-16T14:42:04","date_gmt":"2024-09-16T11:42:04","guid":{"rendered":"https:\/\/nbg.eu\/product\/slide-stop-kmr-s\/"},"modified":"2026-05-13T16:02:57","modified_gmt":"2026-05-13T13:02:57","slug":"slide-stop-kmr-s","status":"publish","type":"product","link":"https:\/\/nbg.eu\/es\/producto\/slide-stop-kmr-s\/","title":{"rendered":"KMR Retenida de Corredera S"},"content":{"rendered":"<h2>SLIDE STOP S &#8211; La caracter\u00edstica de seguridad esencial para su arma<\/h2>\n<p>El SLIDE STOP S es un componente crucial para su arma, dise\u00f1ado para mejorar la seguridad y la funcionalidad. Cuando el cargador est\u00e1 vac\u00edo, el seguro del cerrojo bloquea autom\u00e1ticamente el cerrojo en la posici\u00f3n posterior, indicando claramente al tirador que se debe cargar un nuevo cargador.<\/p>\n<p>Esta caracter\u00edstica permite una recarga fluida, ya que el tirador simplemente puede presionar el seguro del cerrojo para liberar el cerrojo y cargar el primer cartucho en la rec\u00e1mara. El SLIDE STOP S funciona como un mecanismo de seguridad, evitando la descarga accidental hasta que el cargador se haya insertado correctamente y el arma est\u00e9 lista para su uso.<\/p>\n<p>Compatibilidad con los siguientes modelos de arma:<\/p>\n<p> KMR S-01 LANCE (OR)<\/p>\n<\/p>\n<p>KMR S-02 75 (OR) SR ADA,<\/p>\n<p> KMR S-02 FROM 2024,<\/p>\n<p> KMR S-02 SH1 (OR) SR ADA, <\/p>\n<p> KMR S-02 UNTIL 2023.<\/p>\n<\/p>\n<p> Referencia de pieza: 1110-01503-0400.<\/p>\n","protected":false},"excerpt":{"rendered":"<p>Deslice el cerrojo a la posici\u00f3n posterior, lo que indica que el cargador est\u00e1 vac\u00edo. Permite cargar munici\u00f3n nueva. Funci\u00f3n de seguridad que evita la descarga accidental.<\/p>\n","protected":false},"featured_media":25902,"template":"","meta":{"_acf_changed":false},"product_brand":[11503],"product_cat":[12229],"product_tag":[],"class_list":{"0":"post-694401","1":"product","2":"type-product","3":"status-publish","4":"has-post-thumbnail","6":"product_brand-kmr-precision","7":"product_cat-piezas-kmr","9":"first","10":"instock","11":"taxable","12":"shipping-taxable","13":"product-type-simple"},"acf":[],"_links":{"self":[{"href":"https:\/\/nbg.eu\/es\/wp-json\/wp\/v2\/product\/694401","targetHints":{"allow":["GET"]}}],"collection":[{"href":"https:\/\/nbg.eu\/es\/wp-json\/wp\/v2\/product"}],"about":[{"href":"https:\/\/nbg.eu\/es\/wp-json\/wp\/v2\/types\/product"}],"wp:featuredmedia":[{"embeddable":true,"href":"https:\/\/nbg.eu\/es\/wp-json\/wp\/v2\/media\/25902"}],"wp:attachment":[{"href":"https:\/\/nbg.eu\/es\/wp-json\/wp\/v2\/media?parent=694401"}],"wp:term":[{"taxonomy":"product_brand","embeddable":true,"href":"https:\/\/nbg.eu\/es\/wp-json\/wp\/v2\/product_brand?post=694401"},{"taxonomy":"product_cat","embeddable":true,"href":"https:\/\/nbg.eu\/es\/wp-json\/wp\/v2\/product_cat?post=694401"},{"taxonomy":"product_tag","embeddable":true,"href":"https:\/\/nbg.eu\/es\/wp-json\/wp\/v2\/product_tag?post=694401"}],"curies":[{"name":"wp","href":"https:\/\/api.w.org\/{rel}","templated":true}]}}