{"id":694485,"date":"2024-09-17T22:47:08","date_gmt":"2024-09-17T19:47:08","guid":{"rendered":"https:\/\/nbg.eu\/product\/slide-stop-spring-22-lr-kmr\/"},"modified":"2026-02-13T18:49:52","modified_gmt":"2026-02-13T15:49:52","slug":"slide-stop-spring-22-lr-kmr","status":"publish","type":"product","link":"https:\/\/nbg.eu\/es\/producto\/slide-stop-spring-22-lr-kmr\/","title":{"rendered":"MUELLE DEL TOPE DESLIZANTE 22 LR KMR"},"content":{"rendered":"<h2>SLIDE STOP SPRING 22 LR KMR para Armas KMR<\/h2>\n<p>Dise\u00f1ado para su uso con la serie de armas KMR, el SLIDE STOP SPRING 22 LR KMR es un accesorio duradero y confiable que asegura un funcionamiento suave y una funcionalidad mejorada.<\/p>\n<p>Fabricado con precisi\u00f3n y atenci\u00f3n al detalle, el SLIDE STOP SPRING 22 LR KMR garantiza un rendimiento confiable y una vida \u00fatil extendida, convirti\u00e9ndolo en un componente esencial para los entusiastas y profesionales de las armas KMR. Este resorte es compatible con todos los modelos KMR hasta 2023, proporcionando una soluci\u00f3n duradera para las necesidades de mantenimiento y actualizaci\u00f3n de tu arma de fuego.<\/p>\n<p>Para Armas KMR<\/p>\n<p>KMR S-01 LANCE (OR)<\/p>\n<p>KMR S-02 10 (OR) SR ADA<\/p>\n<p>KMR S-02 75 (OR) SR ADA<\/p>\n<p>KMR S-02 SH1 (OR) SR ADA<\/p>\n<p>KMR S-02 SH2 (OR) SR ADA<\/p>\n<p>KMR S-02 TS (OR) SR ADA<\/p>\n<p>KMR S-02 HASTA 2023<\/p>\n","protected":false},"excerpt":{"rendered":"<p>Resorte de tope deslizante de repuesto para armas KMR.<\/p>\n","protected":false},"featured_media":24910,"template":"","meta":{"_acf_changed":false},"product_brand":[11503],"product_cat":[12229,12247],"product_tag":[],"class_list":{"0":"post-694485","1":"product","2":"type-product","3":"status-publish","4":"has-post-thumbnail","6":"product_brand-kmr-precision","7":"product_cat-piezas-kmr","8":"product_cat-resortes","10":"first","11":"instock","12":"taxable","13":"shipping-taxable","14":"product-type-simple"},"acf":[],"_links":{"self":[{"href":"https:\/\/nbg.eu\/es\/wp-json\/wp\/v2\/product\/694485","targetHints":{"allow":["GET"]}}],"collection":[{"href":"https:\/\/nbg.eu\/es\/wp-json\/wp\/v2\/product"}],"about":[{"href":"https:\/\/nbg.eu\/es\/wp-json\/wp\/v2\/types\/product"}],"wp:featuredmedia":[{"embeddable":true,"href":"https:\/\/nbg.eu\/es\/wp-json\/wp\/v2\/media\/24910"}],"wp:attachment":[{"href":"https:\/\/nbg.eu\/es\/wp-json\/wp\/v2\/media?parent=694485"}],"wp:term":[{"taxonomy":"product_brand","embeddable":true,"href":"https:\/\/nbg.eu\/es\/wp-json\/wp\/v2\/product_brand?post=694485"},{"taxonomy":"product_cat","embeddable":true,"href":"https:\/\/nbg.eu\/es\/wp-json\/wp\/v2\/product_cat?post=694485"},{"taxonomy":"product_tag","embeddable":true,"href":"https:\/\/nbg.eu\/es\/wp-json\/wp\/v2\/product_tag?post=694485"}],"curies":[{"name":"wp","href":"https:\/\/api.w.org\/{rel}","templated":true}]}}