{"id":694562,"date":"2024-08-16T23:20:35","date_gmt":"2024-08-16T20:20:35","guid":{"rendered":"https:\/\/nbg.eu\/product\/slide-stop-pin-kmr\/"},"modified":"2026-05-13T16:03:14","modified_gmt":"2026-05-13T13:03:14","slug":"slide-stop-pin-kmr","status":"publish","type":"product","link":"https:\/\/nbg.eu\/es\/producto\/slide-stop-pin-kmr\/","title":{"rendered":"KMR Pasador de Retenida de Corredera"},"content":{"rendered":"<h2>Pasador de bloqueo del deslizador para pistolas KMR<\/h2>\n<p>Mejore el rendimiento de su pistola KMR con el pasador de bloqueo del deslizador, un componente dise\u00f1ado con precisi\u00f3n para optimizar el eje de pivote de la palanca de bloqueo del deslizador y el cierre del ca\u00f1\u00f3n. Fabricado en acero endurecido de alta resistencia, este pasador cuenta con una superficie rectificada con precisi\u00f3n que minimiza la fricci\u00f3n, asegurando una interfaz fluida y confiable con las tolerancias de f\u00e1brica de su arma de fuego.<\/p>\n<p>En el coraz\u00f3n del mecanismo de funcionamiento de su KMR, el pasador de bloqueo del deslizador sirve como el enlace mec\u00e1nico cr\u00edtico que asegura los salientes inferiores del ca\u00f1\u00f3n al armaz\u00f3n. Su alta resistencia al esfuerzo cortante le permite soportar el impacto repetido del deslizador durante el funcionamiento, mientras que el acabado liso permite que la palanca de bloqueo del deslizador se mueva sin esfuerzo, garantizando un bloqueo confiable del cerrojo despu\u00e9s del \u00faltimo tiro y un funcionamiento manual suave.<\/p>\n<p>Actualice su pistola KMR con el pasador de bloqueo del deslizador y experimente la diferencia en precisi\u00f3n y confiabilidad. Este componente meticulosamente dise\u00f1ado es la opci\u00f3n perfecta para tiradores exigentes que demandan lo mejor de sus armas de fuego.<\/p>\n","protected":false},"excerpt":{"rendered":"<p>Eje de pivote de precisi\u00f3n para palanca de detenci\u00f3n deslizante y bloqueo del ca\u00f1\u00f3n. Fabricado en acero endurecido de alta resistencia con acabado suave.<\/p>\n","protected":false},"featured_media":23837,"template":"","meta":{"_acf_changed":false},"product_brand":[11503],"product_cat":[12229],"product_tag":[],"class_list":{"0":"post-694562","1":"product","2":"type-product","3":"status-publish","4":"has-post-thumbnail","6":"product_brand-kmr-precision","7":"product_cat-piezas-kmr","9":"first","10":"instock","11":"taxable","12":"shipping-taxable","13":"product-type-simple"},"acf":[],"_links":{"self":[{"href":"https:\/\/nbg.eu\/es\/wp-json\/wp\/v2\/product\/694562","targetHints":{"allow":["GET"]}}],"collection":[{"href":"https:\/\/nbg.eu\/es\/wp-json\/wp\/v2\/product"}],"about":[{"href":"https:\/\/nbg.eu\/es\/wp-json\/wp\/v2\/types\/product"}],"wp:featuredmedia":[{"embeddable":true,"href":"https:\/\/nbg.eu\/es\/wp-json\/wp\/v2\/media\/23837"}],"wp:attachment":[{"href":"https:\/\/nbg.eu\/es\/wp-json\/wp\/v2\/media?parent=694562"}],"wp:term":[{"taxonomy":"product_brand","embeddable":true,"href":"https:\/\/nbg.eu\/es\/wp-json\/wp\/v2\/product_brand?post=694562"},{"taxonomy":"product_cat","embeddable":true,"href":"https:\/\/nbg.eu\/es\/wp-json\/wp\/v2\/product_cat?post=694562"},{"taxonomy":"product_tag","embeddable":true,"href":"https:\/\/nbg.eu\/es\/wp-json\/wp\/v2\/product_tag?post=694562"}],"curies":[{"name":"wp","href":"https:\/\/api.w.org\/{rel}","templated":true}]}}