{"id":694734,"date":"2024-08-17T15:43:53","date_gmt":"2024-08-17T12:43:53","guid":{"rendered":"https:\/\/nbg.eu\/product\/thumbrest-4-48-alu-black-kmr\/"},"modified":"2026-05-13T16:03:17","modified_gmt":"2026-05-13T13:03:17","slug":"thumbrest-4-48-alu-black-kmr","status":"publish","type":"product","link":"https:\/\/nbg.eu\/es\/producto\/thumbrest-4-48-alu-black-kmr\/","title":{"rendered":"KMR Reposapolgar 4-48\u00b0 ALU Negro para Orca 2023"},"content":{"rendered":"<h2>REPOSAMU\u00d1ECAS 4-48\u00b0 ALU NEGRO KMR<\/h2>\n<p>Mejora tu experiencia de tiro con el REPOSAMU\u00d1ECAS 4-48\u00b0 ALU NEGRO KMR. Este accesorio innovador proporciona un agarre c\u00f3modo y estable en tu arma, lo que te permite mantener un mejor control y precisi\u00f3n al disparar.<\/p>\n<p>Dise\u00f1ado para su uso con Armas KMR, espec\u00edficamente con el modelo KMR L-02 ORCA hasta 2023, el reposamu\u00f1ecas cuenta con un rango de ajuste de \u00e1ngulo vers\u00e1til de 4-48\u00b0. Esta ajustabilidad garantiza un ajuste personalizado que se adapta a tu estilo y preferencias de tiro personal.<\/p>\n<p>Mejora tu rendimiento de tiro y eleva tu control con el REPOSAMU\u00d1ECAS 4-48\u00b0 ALU NEGRO KMR. Eleva tu experiencia de tiro y lleva tus habilidades al siguiente nivel.<\/p>\n","protected":false},"excerpt":{"rendered":"<p>Agarre c\u00f3modo, arma estabilizada, mejor control para KMR L-02 ORCA.<\/p>\n","protected":false},"featured_media":24258,"template":"","meta":{"_acf_changed":false},"product_brand":[11503],"product_cat":[12229],"product_tag":[],"class_list":{"0":"post-694734","1":"product","2":"type-product","3":"status-publish","4":"has-post-thumbnail","6":"product_brand-kmr-precision","7":"product_cat-piezas-kmr","9":"first","10":"instock","11":"taxable","12":"shipping-taxable","13":"product-type-simple"},"acf":[],"_links":{"self":[{"href":"https:\/\/nbg.eu\/es\/wp-json\/wp\/v2\/product\/694734","targetHints":{"allow":["GET"]}}],"collection":[{"href":"https:\/\/nbg.eu\/es\/wp-json\/wp\/v2\/product"}],"about":[{"href":"https:\/\/nbg.eu\/es\/wp-json\/wp\/v2\/types\/product"}],"wp:featuredmedia":[{"embeddable":true,"href":"https:\/\/nbg.eu\/es\/wp-json\/wp\/v2\/media\/24258"}],"wp:attachment":[{"href":"https:\/\/nbg.eu\/es\/wp-json\/wp\/v2\/media?parent=694734"}],"wp:term":[{"taxonomy":"product_brand","embeddable":true,"href":"https:\/\/nbg.eu\/es\/wp-json\/wp\/v2\/product_brand?post=694734"},{"taxonomy":"product_cat","embeddable":true,"href":"https:\/\/nbg.eu\/es\/wp-json\/wp\/v2\/product_cat?post=694734"},{"taxonomy":"product_tag","embeddable":true,"href":"https:\/\/nbg.eu\/es\/wp-json\/wp\/v2\/product_tag?post=694734"}],"curies":[{"name":"wp","href":"https:\/\/api.w.org\/{rel}","templated":true}]}}