{"id":695152,"date":"2024-08-16T23:17:10","date_gmt":"2024-08-16T20:17:10","guid":{"rendered":"https:\/\/nbg.eu\/product\/trigger-hammer-pin-kmr\/"},"modified":"2026-05-13T16:02:03","modified_gmt":"2026-05-13T13:02:03","slug":"trigger-hammer-pin-kmr","status":"publish","type":"product","link":"https:\/\/nbg.eu\/es\/producto\/trigger-hammer-pin-kmr\/","title":{"rendered":"KMR Gatillo &amp; Hammer Pin"},"content":{"rendered":"<h2>DISPARADOR Y PASADOR DEL MARTILLO<\/h2>\n<p>Mejora el rendimiento de tu arma de fuego con el DISPARADOR Y PASADOR DEL MARTILLO, un componente de repuesto premium dise\u00f1ado para mejorar el tiro del gatillo y la experiencia de tiro en general. Fabricado con materiales de alta calidad, este conjunto de pasadores est\u00e1 dise\u00f1ado para proporcionar una acci\u00f3n de gatillo suave y constante, lo que mejora la precisi\u00f3n y el control.<\/p>\n<p>Con un dise\u00f1o mecanizado con precisi\u00f3n, el DISPARADOR Y PASADOR DEL MARTILLO asegura un ajuste perfecto en tu arma de fuego, minimizando el juego y mejorando la respuesta del gatillo. Su construcci\u00f3n resistente est\u00e1 dise\u00f1ada para soportar los rigores del uso frecuente, lo que garantiza una fiabilidad y un rendimiento duraderos.<\/p>\n<p>Dise\u00f1ado como un reemplazo directo, el DISPARADOR Y PASADOR DEL MARTILLO es f\u00e1cil de instalar, lo que te permite actualizar r\u00e1pida y f\u00e1cilmente tu arma de fuego sin necesidad de herramientas especializadas o modificaciones extensas. Ya seas un tirador competitivo, un operador t\u00e1ctico o un aficionado apasionado, este conjunto de pasadores elevar\u00e1 tus habilidades de tiro y llevar\u00e1 el rendimiento de tu arma de fuego al siguiente nivel.<\/p>\n<p>Para armas KMR, como:<br \/>\nKMR L-02 EMIQ<br \/>\nKMR L-02 EMIQ (OR)<br \/>\nKMR L-02 ORCA DESDE 2024<br \/>\nKMR L-02 ORCA HASTA 2023<br \/>\nKMR L-02 SPECTRA DESDE 2024<br \/>\nKMR L-02 SPECTRA HASTA 2023<br \/>\nKMR L-02 UMBRA DESDE 2024<br \/>\nKMR L-02 UMBRA HASTA 2023<br \/>\nKMR S-01 LANCE (OR)<br \/>\nKMR S-02 DESDE 2024<br \/>\nKMR S-02 HASTA 2023<br \/>\nKMR W-02 CUDA DESDE 2024<br \/>\nKMR W-02 CUDA HASTA 2023<br \/>\nKMR W-02 UMBRA<br \/>\nKMR W-02 UMBRA (OR)<\/p>\n","protected":false},"excerpt":{"rendered":"<p>Pasador de gatillo y martillo de alta calidad para pistolas KMR, dise\u00f1ado con precisi\u00f3n.<\/p>\n","protected":false},"featured_media":720188,"template":"","meta":{"_acf_changed":false},"product_brand":[11503],"product_cat":[12229],"product_tag":[],"class_list":{"0":"post-695152","1":"product","2":"type-product","3":"status-publish","4":"has-post-thumbnail","6":"product_brand-kmr-precision","7":"product_cat-piezas-kmr","9":"first","10":"instock","11":"taxable","12":"shipping-taxable","13":"product-type-simple"},"acf":[],"_links":{"self":[{"href":"https:\/\/nbg.eu\/es\/wp-json\/wp\/v2\/product\/695152","targetHints":{"allow":["GET"]}}],"collection":[{"href":"https:\/\/nbg.eu\/es\/wp-json\/wp\/v2\/product"}],"about":[{"href":"https:\/\/nbg.eu\/es\/wp-json\/wp\/v2\/types\/product"}],"wp:featuredmedia":[{"embeddable":true,"href":"https:\/\/nbg.eu\/es\/wp-json\/wp\/v2\/media\/720188"}],"wp:attachment":[{"href":"https:\/\/nbg.eu\/es\/wp-json\/wp\/v2\/media?parent=695152"}],"wp:term":[{"taxonomy":"product_brand","embeddable":true,"href":"https:\/\/nbg.eu\/es\/wp-json\/wp\/v2\/product_brand?post=695152"},{"taxonomy":"product_cat","embeddable":true,"href":"https:\/\/nbg.eu\/es\/wp-json\/wp\/v2\/product_cat?post=695152"},{"taxonomy":"product_tag","embeddable":true,"href":"https:\/\/nbg.eu\/es\/wp-json\/wp\/v2\/product_tag?post=695152"}],"curies":[{"name":"wp","href":"https:\/\/api.w.org\/{rel}","templated":true}]}}