{"id":695251,"date":"2024-09-18T13:32:40","date_gmt":"2024-09-18T10:32:40","guid":{"rendered":"https:\/\/nbg.eu\/product\/trigger-spring-sa-kmr\/"},"modified":"2026-05-13T16:03:09","modified_gmt":"2026-05-13T13:03:09","slug":"trigger-spring-sa-kmr","status":"publish","type":"product","link":"https:\/\/nbg.eu\/es\/producto\/trigger-spring-sa-kmr\/","title":{"rendered":"KMR Muelle del Gatillo SA"},"content":{"rendered":"<h2>Actualizaci\u00f3n de alto rendimiento para armas KMR<\/h2>\n<p>Eleva el rendimiento de tus armas KMR con el resorte del disparador, una pieza de repuesto dise\u00f1ada con precisi\u00f3n para una compatibilidad fluida. Fabricado con materiales premium, este resorte del disparador ofrece un tiraje del disparador suave y constante para mejorar la precisi\u00f3n y el control de los disparos.<\/p>\n<p>Dise\u00f1ado con una atenci\u00f3n meticulosa a los detalles, el resorte del disparador presenta una tensi\u00f3n del resorte cuidadosamente calibrada que garantiza una respuesta del disparador n\u00edtida y predecible. Esta actualizaci\u00f3n promueve un mejor control del disparador, permitiendo una colocaci\u00f3n m\u00e1s precisa de los disparos y una adquisici\u00f3n m\u00e1s r\u00e1pida de los objetivos.<\/p>\n<p>Construido con materiales duraderos y de alta calidad, el resorte del disparador est\u00e1 dise\u00f1ado para soportar los rigores del uso frecuente. Su dise\u00f1o robusto y su rendimiento confiable lo convierten en una actualizaci\u00f3n esencial para cualquiera que busque elevar las capacidades de sus armas KMR.<\/p>\n<p>Ya sea que seas un tirador competitivo, un operador t\u00e1ctico o un aficionado recreativo, el resorte del disparador es la elecci\u00f3n perfecta para mejorar el rendimiento de tus armas de fuego KMR. Experimenta la diferencia que puede hacer un resorte de disparador de alta calidad y lleva tu tiro a nuevas alturas.<\/p>\n","protected":false},"excerpt":{"rendered":"<p>Resorte de detonaci\u00f3n de repuesto para los modelos de armas KMR L-02 EMIQ y ORCA (hasta 2023).<\/p>\n","protected":false},"featured_media":24604,"template":"","meta":{"_acf_changed":false},"product_brand":[11503],"product_cat":[12229,12247,15034],"product_tag":[],"class_list":{"0":"post-695251","1":"product","2":"type-product","3":"status-publish","4":"has-post-thumbnail","6":"product_brand-kmr-precision","7":"product_cat-piezas-kmr","8":"product_cat-resortes","9":"product_cat-trigger-springs-es","11":"first","12":"instock","13":"taxable","14":"shipping-taxable","15":"product-type-simple"},"acf":[],"_links":{"self":[{"href":"https:\/\/nbg.eu\/es\/wp-json\/wp\/v2\/product\/695251","targetHints":{"allow":["GET"]}}],"collection":[{"href":"https:\/\/nbg.eu\/es\/wp-json\/wp\/v2\/product"}],"about":[{"href":"https:\/\/nbg.eu\/es\/wp-json\/wp\/v2\/types\/product"}],"wp:featuredmedia":[{"embeddable":true,"href":"https:\/\/nbg.eu\/es\/wp-json\/wp\/v2\/media\/24604"}],"wp:attachment":[{"href":"https:\/\/nbg.eu\/es\/wp-json\/wp\/v2\/media?parent=695251"}],"wp:term":[{"taxonomy":"product_brand","embeddable":true,"href":"https:\/\/nbg.eu\/es\/wp-json\/wp\/v2\/product_brand?post=695251"},{"taxonomy":"product_cat","embeddable":true,"href":"https:\/\/nbg.eu\/es\/wp-json\/wp\/v2\/product_cat?post=695251"},{"taxonomy":"product_tag","embeddable":true,"href":"https:\/\/nbg.eu\/es\/wp-json\/wp\/v2\/product_tag?post=695251"}],"curies":[{"name":"wp","href":"https:\/\/api.w.org\/{rel}","templated":true}]}}