{"id":695271,"date":"2024-08-16T23:17:42","date_gmt":"2024-08-16T20:17:42","guid":{"rendered":"https:\/\/nbg.eu\/product\/trigger-pin-kmr-s-02\/"},"modified":"2026-04-16T19:11:49","modified_gmt":"2026-04-16T16:11:49","slug":"trigger-pin-kmr-s-02","status":"publish","type":"product","link":"https:\/\/nbg.eu\/es\/producto\/trigger-pin-kmr-s-02\/","title":{"rendered":"KMR Pasador del Gatillo S-02"},"content":{"rendered":"<h2>Pasador de activaci\u00f3n para KMR S-02: Pivote de precisi\u00f3n para un rendimiento \u00f3ptimo del gatillo<\/h2>\n<p>El pasador de activaci\u00f3n para el KMR S-02 es un componente de ingenier\u00eda de precisi\u00f3n dise\u00f1ado para proporcionar el eje mec\u00e1nico cr\u00edtico para el conjunto del gatillo. Fabricado en acero de herramienta endurecido, este pasador de pivote especializado asegura un ajuste sin holgura dentro de las dimensiones del marco S-02, lo que resulta en un movimiento de gatillo m\u00e1s estable y un accionamiento m\u00e1s predecible y n\u00edtido.<\/p>\n<p>Con una superficie de ultra baja fricci\u00f3n y alta resistencia al corte, el pasador de activaci\u00f3n protege el marco S-02 del desgaste interno durante el uso de alto volumen, manteniendo la integridad del mecanismo del gatillo para un rendimiento confiable a lo largo del tiempo. Este nivel de precisi\u00f3n y atenci\u00f3n al detalle es esencial para los tiradores que exigen lo m\u00e1ximo en capacidad de respuesta y consistencia del gatillo.<\/p>\n<p>Ya sea que seas un tirador competitivo, un operador t\u00e1ctico o un entusiasta apasionado, el pasador de activaci\u00f3n para el KMR S-02 ofrece una soluci\u00f3n a medida para mejorar la experiencia general del gatillo de tu arma de fuego. Eleva tu precisi\u00f3n de tiro y confianza con este componente meticulosamente dise\u00f1ado, dise\u00f1ado para integrarse perfectamente con el chasis S-02 y ofrecer el rendimiento que mereces.<\/p>\n","protected":false},"excerpt":{"rendered":"<p>Eje de pivote de precisi\u00f3n para el chasis KMR S-02, acero endurecido, ultra-baja fricci\u00f3n.<\/p>\n","protected":false},"featured_media":23767,"template":"","meta":{"_acf_changed":false},"product_brand":[11503],"product_cat":[12229],"product_tag":[],"class_list":{"0":"post-695271","1":"product","2":"type-product","3":"status-publish","4":"has-post-thumbnail","6":"product_brand-kmr-precision","7":"product_cat-piezas-kmr","9":"first","10":"instock","11":"taxable","12":"shipping-taxable","13":"product-type-simple"},"acf":[],"_links":{"self":[{"href":"https:\/\/nbg.eu\/es\/wp-json\/wp\/v2\/product\/695271","targetHints":{"allow":["GET"]}}],"collection":[{"href":"https:\/\/nbg.eu\/es\/wp-json\/wp\/v2\/product"}],"about":[{"href":"https:\/\/nbg.eu\/es\/wp-json\/wp\/v2\/types\/product"}],"wp:featuredmedia":[{"embeddable":true,"href":"https:\/\/nbg.eu\/es\/wp-json\/wp\/v2\/media\/23767"}],"wp:attachment":[{"href":"https:\/\/nbg.eu\/es\/wp-json\/wp\/v2\/media?parent=695271"}],"wp:term":[{"taxonomy":"product_brand","embeddable":true,"href":"https:\/\/nbg.eu\/es\/wp-json\/wp\/v2\/product_brand?post=695271"},{"taxonomy":"product_cat","embeddable":true,"href":"https:\/\/nbg.eu\/es\/wp-json\/wp\/v2\/product_cat?post=695271"},{"taxonomy":"product_tag","embeddable":true,"href":"https:\/\/nbg.eu\/es\/wp-json\/wp\/v2\/product_tag?post=695271"}],"curies":[{"name":"wp","href":"https:\/\/api.w.org\/{rel}","templated":true}]}}