{"id":695291,"date":"2024-09-18T20:47:10","date_gmt":"2024-09-18T17:47:10","guid":{"rendered":"https:\/\/nbg.eu\/product\/weaver-r-n-for-benelli-argo\/"},"modified":"2026-05-13T16:03:02","modified_gmt":"2026-05-13T13:03:02","slug":"weaver-r-n-for-benelli-argo","status":"publish","type":"product","link":"https:\/\/nbg.eu\/es\/producto\/weaver-r-n-for-benelli-argo\/","title":{"rendered":"Weaver R\/N for Benelli ARGO"},"content":{"rendered":"<h2>Riel Weaver para Benelli ARGO (R\/N): Montaje de \u00f3ptica s\u00f3lido como una roca para su Benelli ARGO<\/h2>\n<p>Mejore el rendimiento de su Benelli ARGO con el riel Weaver para Benelli ARGO (R\/N). Mecanizado en acero de alta resistencia y con un est\u00e1ndar Weaver\/Picatinny, este riel est\u00e1 dise\u00f1ado para proporcionar una base s\u00f3lida como una roca, a prueba de retroceso, para montar miras, puntos rojos y otras \u00f3pticas.<\/p>\n<p>El radio \u00abR\/N\u00bb (Redondeado\/Negativo) del riel coincide perfectamente con la curvatura del receptor del Benelli ARGO, asegurando un ajuste perfecto entre las superficies. Este dise\u00f1o meticuloso evita que el riel se desplace o se afloje, incluso bajo el ciclo de disparo r\u00e1pido de calibres magnum.<\/p>\n<p>Con un acabado negro mate, el riel Weaver para Benelli ARGO (R\/N) se integra sin problemas con la est\u00e9tica de su rifle, al tiempo que ofrece la estabilidad y fiabilidad que necesita para un tiro preciso y a larga distancia. Mejore el rendimiento de su Benelli ARGO y lleve su experiencia de tiro a nuevas alturas con este riel Weaver de alta calidad.<\/p>\n","protected":false},"excerpt":{"rendered":"<p>Carril Weaver para Benelli ARGO (R\/N) ofrece un montaje de \u00f3ptica de alta estabilidad para tu rifle semiautom\u00e1tico.<\/p>\n","protected":false},"featured_media":64718,"template":"","meta":{"_acf_changed":false},"product_brand":[],"product_cat":[12230,14912],"product_tag":[],"class_list":{"0":"post-695291","1":"product","2":"type-product","3":"status-publish","4":"has-post-thumbnail","6":"product_cat-apuntado","7":"product_cat-mounts-es","9":"first","10":"outofstock","11":"taxable","12":"shipping-taxable","13":"purchasable","14":"product-type-simple"},"acf":[],"_links":{"self":[{"href":"https:\/\/nbg.eu\/es\/wp-json\/wp\/v2\/product\/695291","targetHints":{"allow":["GET"]}}],"collection":[{"href":"https:\/\/nbg.eu\/es\/wp-json\/wp\/v2\/product"}],"about":[{"href":"https:\/\/nbg.eu\/es\/wp-json\/wp\/v2\/types\/product"}],"wp:featuredmedia":[{"embeddable":true,"href":"https:\/\/nbg.eu\/es\/wp-json\/wp\/v2\/media\/64718"}],"wp:attachment":[{"href":"https:\/\/nbg.eu\/es\/wp-json\/wp\/v2\/media?parent=695291"}],"wp:term":[{"taxonomy":"product_brand","embeddable":true,"href":"https:\/\/nbg.eu\/es\/wp-json\/wp\/v2\/product_brand?post=695291"},{"taxonomy":"product_cat","embeddable":true,"href":"https:\/\/nbg.eu\/es\/wp-json\/wp\/v2\/product_cat?post=695291"},{"taxonomy":"product_tag","embeddable":true,"href":"https:\/\/nbg.eu\/es\/wp-json\/wp\/v2\/product_tag?post=695291"}],"curies":[{"name":"wp","href":"https:\/\/api.w.org\/{rel}","templated":true}]}}