{"id":696307,"date":"2025-12-22T17:18:06","date_gmt":"2025-12-22T14:18:06","guid":{"rendered":"https:\/\/nbg.eu\/product\/bolso-de-deporte-atlas\/"},"modified":"2026-04-15T14:44:36","modified_gmt":"2026-04-15T11:44:36","slug":"bolso-de-deporte-atlas","status":"publish","type":"product","link":"https:\/\/nbg.eu\/es\/producto\/bolso-de-deporte-atlas\/","title":{"rendered":"Eberlestock Bolsa de Viaje Atlas"},"content":{"rendered":"<h2>El Atlas Duffel: Transporta tus Equipos con Estilo y Facilidad<\/h2>\n<p>El Atlas Duffel es el hermano menor de nuestro popular Hercules Duffel, ofreciendo todas las mismas caracter\u00edsticas que a la gente le encanta. Con un compartimiento principal grande, divisores acolchados, seis bolsillos externos con cremallera y un compartimiento inferior de lado duro, esta bolsa de deporte duradera est\u00e1 dise\u00f1ada para mantener tus equipos organizados y protegidos.<\/p>\n<p>Asegurado con cremalleras de seguridad YKK con candado, el Atlas Duffel asegura que tus pertenencias est\u00e9n a salvo, incluso en las condiciones m\u00e1s adversas. La cubierta de lluvia incluida proporciona una capa adicional de protecci\u00f3n, protegiendo tus equipos de la humedad y el polvo.<\/p>\n<p>Con unas impresionantes dimensiones de 29.5 de alto x 16 de ancho x 16 de profundidad, con un volumen de 5,844 pulgadas c\u00fabicas \/ 95.77 litros y un peso de 12 libras y 12 onzas, el Atlas Duffel ofrece un amplio espacio para acomodar todos tus elementos esenciales. El compartimiento inferior de 4 pulgadas de profundidad proporciona un lugar conveniente para almacenar los art\u00edculos que necesitas acceder r\u00e1pidamente.<\/p>\n<p>Fabricado con un fondo de concha dura y ruedas de servicio, el Atlas Duffel est\u00e1 dise\u00f1ado para resistir los rigores de los viajes. Sus bolsillos internos y divisores de velcro personalizables te permiten adaptar la organizaci\u00f3n a tus necesidades espec\u00edficas, convirti\u00e9ndolo en el compa\u00f1ero perfecto para tus aventuras.<\/p>\n","protected":false},"excerpt":{"rendered":"<p>El Atlas Duffel es una bolsa espaciosa y vers\u00e1til con una base r\u00edgida, divisores acolchados y una cubierta impermeable para protecci\u00f3n en todo tipo de clima.<\/p>\n","protected":false},"featured_media":696358,"template":"","meta":{"_acf_changed":false},"product_brand":[15159],"product_cat":[12219],"product_tag":[],"class_list":{"0":"post-696307","1":"product","2":"type-product","3":"status-publish","4":"has-post-thumbnail","6":"product_brand-eberlestock","7":"product_cat-bolsas-de-tiro","9":"first","10":"instock","11":"taxable","12":"shipping-taxable","13":"purchasable","14":"product-type-variable","15":"wvs-archive-product-wrapper"},"acf":[],"_links":{"self":[{"href":"https:\/\/nbg.eu\/es\/wp-json\/wp\/v2\/product\/696307","targetHints":{"allow":["GET"]}}],"collection":[{"href":"https:\/\/nbg.eu\/es\/wp-json\/wp\/v2\/product"}],"about":[{"href":"https:\/\/nbg.eu\/es\/wp-json\/wp\/v2\/types\/product"}],"wp:featuredmedia":[{"embeddable":true,"href":"https:\/\/nbg.eu\/es\/wp-json\/wp\/v2\/media\/696358"}],"wp:attachment":[{"href":"https:\/\/nbg.eu\/es\/wp-json\/wp\/v2\/media?parent=696307"}],"wp:term":[{"taxonomy":"product_brand","embeddable":true,"href":"https:\/\/nbg.eu\/es\/wp-json\/wp\/v2\/product_brand?post=696307"},{"taxonomy":"product_cat","embeddable":true,"href":"https:\/\/nbg.eu\/es\/wp-json\/wp\/v2\/product_cat?post=696307"},{"taxonomy":"product_tag","embeddable":true,"href":"https:\/\/nbg.eu\/es\/wp-json\/wp\/v2\/product_tag?post=696307"}],"curies":[{"name":"wp","href":"https:\/\/api.w.org\/{rel}","templated":true}]}}