{"id":696674,"date":"2025-12-22T15:43:37","date_gmt":"2025-12-22T12:43:37","guid":{"rendered":"https:\/\/nbg.eu\/product\/mochila-de-asalto-de-mision-multicam\/"},"modified":"2026-04-15T14:44:51","modified_gmt":"2026-04-15T11:44:51","slug":"mochila-de-asalto-de-mision-multicam","status":"publish","type":"product","link":"https:\/\/nbg.eu\/es\/producto\/mochila-de-asalto-de-mision-multicam\/","title":{"rendered":"Eberlestock Mochila de Asalto Mission &#8211; Multicam"},"content":{"rendered":"<h2>Mochila de asalto Mission &#8211; Multicam<\/h2>\n<p>Construido desde cero para estar en su lugar en la pila, la Mochila de Asalto se empareja con el Marco de Misi\u00f3n para un sistema de carga estilizado. Con una multitud de caracter\u00edsticas organizativas, un ajuste seguro y ajustable, y un acceso expeditivo al interior, la Mochila de Asalto te mantiene en el objetivo. La capacidad de agregar m\u00e1s accesorios y caracter\u00edsticas a trav\u00e9s del sistema Mission EMOD solo aumenta la capacidad de este paquete.<\/p>\n<p>Con un peso de 1 libra y 12 onzas, la Mochila de Asalto est\u00e1 construida con materiales resistentes de 500D Ripstop y ofrece una generosa capacidad de 2,000 pulgadas c\u00fabicas para acomodar tus equipos esenciales.<\/p>\n","protected":false},"excerpt":{"rendered":"<p>Mochila de asalto vers\u00e1til y modular con caracter\u00edsticas de organizaci\u00f3n y compatibilidad EMOD.<\/p>\n","protected":false},"featured_media":696699,"template":"","meta":{"_acf_changed":false},"product_brand":[15159],"product_cat":[12223],"product_tag":[],"class_list":{"0":"post-696674","1":"product","2":"type-product","3":"status-publish","4":"has-post-thumbnail","6":"product_brand-eberlestock","7":"product_cat-mochilas","9":"first","10":"outofstock","11":"taxable","12":"shipping-taxable","13":"purchasable","14":"product-type-variable","15":"wvs-archive-product-wrapper"},"acf":[],"_links":{"self":[{"href":"https:\/\/nbg.eu\/es\/wp-json\/wp\/v2\/product\/696674","targetHints":{"allow":["GET"]}}],"collection":[{"href":"https:\/\/nbg.eu\/es\/wp-json\/wp\/v2\/product"}],"about":[{"href":"https:\/\/nbg.eu\/es\/wp-json\/wp\/v2\/types\/product"}],"wp:featuredmedia":[{"embeddable":true,"href":"https:\/\/nbg.eu\/es\/wp-json\/wp\/v2\/media\/696699"}],"wp:attachment":[{"href":"https:\/\/nbg.eu\/es\/wp-json\/wp\/v2\/media?parent=696674"}],"wp:term":[{"taxonomy":"product_brand","embeddable":true,"href":"https:\/\/nbg.eu\/es\/wp-json\/wp\/v2\/product_brand?post=696674"},{"taxonomy":"product_cat","embeddable":true,"href":"https:\/\/nbg.eu\/es\/wp-json\/wp\/v2\/product_cat?post=696674"},{"taxonomy":"product_tag","embeddable":true,"href":"https:\/\/nbg.eu\/es\/wp-json\/wp\/v2\/product_tag?post=696674"}],"curies":[{"name":"wp","href":"https:\/\/api.w.org\/{rel}","templated":true}]}}