{"id":696852,"date":"2025-12-22T15:47:55","date_gmt":"2025-12-22T12:47:55","guid":{"rendered":"https:\/\/nbg.eu\/product\/mision-arc-multicam\/"},"modified":"2026-04-15T14:44:47","modified_gmt":"2026-04-15T11:44:47","slug":"mision-arc-multicam","status":"publish","type":"product","link":"https:\/\/nbg.eu\/es\/producto\/mision-arc-multicam\/","title":{"rendered":"Eberlestock Mission ARC &#8211; Multicam"},"content":{"rendered":"<h2>Misi\u00f3n ARC-Multicam: Portador de equipo optimizado para la eficiencia operativa<\/h2>\n<p>El Portador de Rifle Ajustable (ARC) de la Misi\u00f3n es un recurso funcional para los profesionales que necesitan transportar activos adicionales en el campo. El ARC aumenta la capacidad operativa y est\u00e1 dise\u00f1ado para emparejarse con el Marco EMOD de la Misi\u00f3n y la Extensi\u00f3n del Zipper de la Misi\u00f3n. Al asegurarse a la parte posterior del Marco de la Misi\u00f3n a trav\u00e9s de la rejilla MOLLE, el ARC funciona como un portador para rifles de precisi\u00f3n, plataformas estilo AR y puede transportar otros equipos esenciales para la misi\u00f3n.<\/p>\n<p>El \u00e9xito de la misi\u00f3n depende de la precisi\u00f3n en el tiempo, la precisi\u00f3n y el despliegue eficiente de los recursos disponibles. El ARC se construy\u00f3 para respaldar las demandas de equipo en cualquier entorno. Con tela 500D, una base ajustable, rejilla MOLLE, correas de retenci\u00f3n y una base de Hypalon reforzada, el Mission ARC-Multicam est\u00e1 dise\u00f1ado para optimizar la organizaci\u00f3n y accesibilidad del equipo en el campo.<\/p>\n<p>Dimensiones: 15 \u00abH x 3 \u00abA<\/p>\n","protected":false},"excerpt":{"rendered":"<p>La Misi\u00f3n ARC-Multicam es un portador de rifle funcional y ajustable que se asegura al Marco EMOD de Misi\u00f3n, permitiendo el transporte de rifles de precisi\u00f3n, plataformas con estilo de AR y equipos esenciales para la misi\u00f3n.<\/p>\n","protected":false},"featured_media":696873,"template":"","meta":{"_acf_changed":false},"product_brand":[15159],"product_cat":[12223],"product_tag":[],"class_list":{"0":"post-696852","1":"product","2":"type-product","3":"status-publish","4":"has-post-thumbnail","6":"product_brand-eberlestock","7":"product_cat-mochilas","9":"first","10":"instock","11":"taxable","12":"shipping-taxable","13":"purchasable","14":"product-type-variable","15":"wvs-archive-product-wrapper"},"acf":[],"_links":{"self":[{"href":"https:\/\/nbg.eu\/es\/wp-json\/wp\/v2\/product\/696852","targetHints":{"allow":["GET"]}}],"collection":[{"href":"https:\/\/nbg.eu\/es\/wp-json\/wp\/v2\/product"}],"about":[{"href":"https:\/\/nbg.eu\/es\/wp-json\/wp\/v2\/types\/product"}],"wp:featuredmedia":[{"embeddable":true,"href":"https:\/\/nbg.eu\/es\/wp-json\/wp\/v2\/media\/696873"}],"wp:attachment":[{"href":"https:\/\/nbg.eu\/es\/wp-json\/wp\/v2\/media?parent=696852"}],"wp:term":[{"taxonomy":"product_brand","embeddable":true,"href":"https:\/\/nbg.eu\/es\/wp-json\/wp\/v2\/product_brand?post=696852"},{"taxonomy":"product_cat","embeddable":true,"href":"https:\/\/nbg.eu\/es\/wp-json\/wp\/v2\/product_cat?post=696852"},{"taxonomy":"product_tag","embeddable":true,"href":"https:\/\/nbg.eu\/es\/wp-json\/wp\/v2\/product_tag?post=696852"}],"curies":[{"name":"wp","href":"https:\/\/api.w.org\/{rel}","templated":true}]}}