{"id":697063,"date":"2025-12-22T16:18:10","date_gmt":"2025-12-22T13:18:10","guid":{"rendered":"https:\/\/nbg.eu\/product\/mision-cremallera-extension-multicam\/"},"modified":"2026-04-15T14:44:43","modified_gmt":"2026-04-15T11:44:43","slug":"mision-cremallera-extension-multicam","status":"publish","type":"product","link":"https:\/\/nbg.eu\/es\/producto\/mision-cremallera-extension-multicam\/","title":{"rendered":"Eberlestock Extensi\u00f3n de Cremallera Mission EMOD &#8211; Multicam"},"content":{"rendered":"<h2>Extensi\u00f3n de Cremallera Mission-Multicam<\/h2>\n<p>La Extensi\u00f3n de Cremallera Mission combina prop\u00f3sito y utilidad para el operador. La Extensi\u00f3n de Cremallera se acopla a la cara del Marco EMOD Mission y est\u00e1 dise\u00f1ada para ser utilizada con el ARC Mission y un Paquete Mission para aumentar tu capacidad y versatilidad de equipo. El tejido MOLLE y la construcci\u00f3n laminada de doble capa de 500D te brindan las caracter\u00edsticas necesarias para un manejo eficiente de cables, enrutamiento de antenas y fijaci\u00f3n de torniquetes. La Extensi\u00f3n de Cremallera Mission sirve como un accesorio vital para fortalecer tu desempe\u00f1o en el campo.<\/p>\n<h2>Dimensiones<\/h2>\n<p>Dimensiones: 15&#8243; x 3&#8243;<\/p>\n<h2>Caracter\u00edsticas<\/h2>\n<ul>\n<li>Tela 500D<\/li>\n<li>Cremalleras YKK<\/li>\n<li>Laminado de doble capa<\/li>\n<\/ul>\n","protected":false},"excerpt":{"rendered":"<p>La extensi\u00f3n con cremallera Mission Zipper-Multicam aumenta la capacidad de equipamiento con cinta MOLLE y construcci\u00f3n laminada de 500D para la gesti\u00f3n de cables y el enrutamiento de antenas.<\/p>\n","protected":false},"featured_media":697088,"template":"","meta":{"_acf_changed":false},"product_brand":[15159],"product_cat":[12223],"product_tag":[],"class_list":{"0":"post-697063","1":"product","2":"type-product","3":"status-publish","4":"has-post-thumbnail","6":"product_brand-eberlestock","7":"product_cat-mochilas","9":"first","10":"instock","11":"taxable","12":"shipping-taxable","13":"purchasable","14":"product-type-variable","15":"wvs-archive-product-wrapper"},"acf":[],"_links":{"self":[{"href":"https:\/\/nbg.eu\/es\/wp-json\/wp\/v2\/product\/697063","targetHints":{"allow":["GET"]}}],"collection":[{"href":"https:\/\/nbg.eu\/es\/wp-json\/wp\/v2\/product"}],"about":[{"href":"https:\/\/nbg.eu\/es\/wp-json\/wp\/v2\/types\/product"}],"wp:featuredmedia":[{"embeddable":true,"href":"https:\/\/nbg.eu\/es\/wp-json\/wp\/v2\/media\/697088"}],"wp:attachment":[{"href":"https:\/\/nbg.eu\/es\/wp-json\/wp\/v2\/media?parent=697063"}],"wp:term":[{"taxonomy":"product_brand","embeddable":true,"href":"https:\/\/nbg.eu\/es\/wp-json\/wp\/v2\/product_brand?post=697063"},{"taxonomy":"product_cat","embeddable":true,"href":"https:\/\/nbg.eu\/es\/wp-json\/wp\/v2\/product_cat?post=697063"},{"taxonomy":"product_tag","embeddable":true,"href":"https:\/\/nbg.eu\/es\/wp-json\/wp\/v2\/product_tag?post=697063"}],"curies":[{"name":"wp","href":"https:\/\/api.w.org\/{rel}","templated":true}]}}