{"id":697204,"date":"2025-12-22T16:34:07","date_gmt":"2025-12-22T13:34:07","guid":{"rendered":"https:\/\/nbg.eu\/product\/marco-de-mision-emod-multicam\/"},"modified":"2026-04-15T14:44:40","modified_gmt":"2026-04-15T11:44:40","slug":"marco-de-mision-emod-multicam","status":"publish","type":"product","link":"https:\/\/nbg.eu\/es\/producto\/marco-de-mision-emod-multicam\/","title":{"rendered":"Eberlestock Estructura Mission EMOD &#8211; Multicam"},"content":{"rendered":"<h2>Marco de la Misi\u00f3n &#8211; EMOD &#8211; Multicam<\/h2>\n<p>La base del EMOD de la Misi\u00f3n, el Marco de la Misi\u00f3n, proporciona un punto de partida resistente, modular y compacto para tu nueva carga \u00fatil. Despu\u00e9s de incontables horas dedicadas a las pruebas y el desarrollo junto a los Operadores de Fuerzas Especiales de todas las ramas, este marco fue dise\u00f1ado para ajustarse y funcionar sin problemas junto a tu equipo, tanto dentro como fuera de tu persona.<\/p>\n<p>Dimensiones: 2 libras 15 onzas<\/p>\n","protected":false},"excerpt":{"rendered":"<p>La Misi\u00f3n Marco- EMOD -Multicam: un punto de partida resistente, modular y compacto para su carga \u00fatil, dise\u00f1ado para Operadores SOF.<\/p>\n","protected":false},"featured_media":697240,"template":"","meta":{"_acf_changed":false},"product_brand":[15159],"product_cat":[12223],"product_tag":[],"class_list":{"0":"post-697204","1":"product","2":"type-product","3":"status-publish","4":"has-post-thumbnail","6":"product_brand-eberlestock","7":"product_cat-mochilas","9":"first","10":"instock","11":"taxable","12":"shipping-taxable","13":"purchasable","14":"product-type-variable","15":"wvs-archive-product-wrapper"},"acf":[],"_links":{"self":[{"href":"https:\/\/nbg.eu\/es\/wp-json\/wp\/v2\/product\/697204","targetHints":{"allow":["GET"]}}],"collection":[{"href":"https:\/\/nbg.eu\/es\/wp-json\/wp\/v2\/product"}],"about":[{"href":"https:\/\/nbg.eu\/es\/wp-json\/wp\/v2\/types\/product"}],"wp:featuredmedia":[{"embeddable":true,"href":"https:\/\/nbg.eu\/es\/wp-json\/wp\/v2\/media\/697240"}],"wp:attachment":[{"href":"https:\/\/nbg.eu\/es\/wp-json\/wp\/v2\/media?parent=697204"}],"wp:term":[{"taxonomy":"product_brand","embeddable":true,"href":"https:\/\/nbg.eu\/es\/wp-json\/wp\/v2\/product_brand?post=697204"},{"taxonomy":"product_cat","embeddable":true,"href":"https:\/\/nbg.eu\/es\/wp-json\/wp\/v2\/product_cat?post=697204"},{"taxonomy":"product_tag","embeddable":true,"href":"https:\/\/nbg.eu\/es\/wp-json\/wp\/v2\/product_tag?post=697204"}],"curies":[{"name":"wp","href":"https:\/\/api.w.org\/{rel}","templated":true}]}}