{"id":697547,"date":"2025-12-22T17:34:47","date_gmt":"2025-12-22T14:34:47","guid":{"rendered":"https:\/\/nbg.eu\/product\/bolsa-de-recorrido-de-rango-de-disparos\/"},"modified":"2026-04-15T14:44:33","modified_gmt":"2026-04-15T11:44:33","slug":"bolsa-de-recorrido-de-rango-de-disparos","status":"publish","type":"product","link":"https:\/\/nbg.eu\/es\/producto\/bolsa-de-recorrido-de-rango-de-disparos\/","title":{"rendered":"Eberlestock Bolsa de Campo de Tiro Bang-Bang"},"content":{"rendered":"<h2>Bolso de Rango Bang-Bang<\/h2>\n<p>El Bang Bang\u2122 se desarroll\u00f3 como un bolso de rango compacto para mantener todo tu equipo esencial y protegerlo de los elementos. La base de policarbonato hace que el bolso sea impermeable al suelo h\u00famedo, las rocas, los escombros y el polvo del campo de tiro.<\/p>\n<p>El compartimento principal cuenta con divisores acolchados configurables para mantener a salvo y organizados los art\u00edculos m\u00e9dicos, las herramientas, el equipo de c\u00e1mara y el equipo de campo de tiro. El compartimento inferior en la parte inferior es perfecto para pistolas, herramientas o incluso un cartucho compacto.<\/p>\n<h2>Dimensiones<\/h2>\n<p>Volumen: 2062.5 c.i. \/ 33.80L<br \/>\nPeso: 4 libras<br \/>\nDimensiones: 10.25H x 21An x 10P<br \/>\nEspecificaciones del compartimento inferior: 21.5&#8243; L x 9.5&#8243; An x 2&#8243; P<\/p>\n<h2>Caracter\u00edsticas<\/h2>\n<ul>\n<li>Fondo de policarbonato<\/li>\n<li>Compartimento principal acolchado y configurable<\/li>\n<li>Arn\u00e9s de hombro ajustable<\/li>\n<li>Divisores de organizaci\u00f3n personalizables<\/li>\n<li>Compartimento inferior para almacenamiento seguro<\/li>\n<\/ul>\n","protected":false},"excerpt":{"rendered":"<p>La bolsa de rango Bang-Bang es una bolsa compacta y duradera con una base de policarbonato y un interior configurable para proteger tu equipo esencial.<\/p>\n","protected":false},"featured_media":697588,"template":"","meta":{"_acf_changed":false},"product_brand":[15159],"product_cat":[12219],"product_tag":[],"class_list":{"0":"post-697547","1":"product","2":"type-product","3":"status-publish","4":"has-post-thumbnail","6":"product_brand-eberlestock","7":"product_cat-bolsas-de-tiro","9":"first","10":"instock","11":"taxable","12":"shipping-taxable","13":"purchasable","14":"product-type-variable","15":"wvs-archive-product-wrapper"},"acf":[],"_links":{"self":[{"href":"https:\/\/nbg.eu\/es\/wp-json\/wp\/v2\/product\/697547","targetHints":{"allow":["GET"]}}],"collection":[{"href":"https:\/\/nbg.eu\/es\/wp-json\/wp\/v2\/product"}],"about":[{"href":"https:\/\/nbg.eu\/es\/wp-json\/wp\/v2\/types\/product"}],"wp:featuredmedia":[{"embeddable":true,"href":"https:\/\/nbg.eu\/es\/wp-json\/wp\/v2\/media\/697588"}],"wp:attachment":[{"href":"https:\/\/nbg.eu\/es\/wp-json\/wp\/v2\/media?parent=697547"}],"wp:term":[{"taxonomy":"product_brand","embeddable":true,"href":"https:\/\/nbg.eu\/es\/wp-json\/wp\/v2\/product_brand?post=697547"},{"taxonomy":"product_cat","embeddable":true,"href":"https:\/\/nbg.eu\/es\/wp-json\/wp\/v2\/product_cat?post=697547"},{"taxonomy":"product_tag","embeddable":true,"href":"https:\/\/nbg.eu\/es\/wp-json\/wp\/v2\/product_tag?post=697547"}],"curies":[{"name":"wp","href":"https:\/\/api.w.org\/{rel}","templated":true}]}}