{"id":697992,"date":"2025-12-22T17:41:31","date_gmt":"2025-12-22T14:41:31","guid":{"rendered":"https:\/\/nbg.eu\/product\/paquete-upranger\/"},"modified":"2026-01-07T13:14:46","modified_gmt":"2026-01-07T10:14:46","slug":"paquete-upranger","status":"publish","type":"product","link":"https:\/\/nbg.eu\/es\/producto\/paquete-upranger\/","title":{"rendered":"Paquete UpRanger"},"content":{"rendered":"<h2>Mochila UpRanger: Revoluciona tu equipo para el 3-Gun y actividades al aire libre<\/h2>\n<p>Inspirado en las necesidades de un campe\u00f3n de 3-Gun, la mochila UpRanger\u2122 cambia el juego. Dise\u00f1ada para ser dejada sobre su duradera cara exterior de policarbonato, la mochila se puede abrir desde el lado del arn\u00e9s para acceder r\u00e1pidamente a tus equipos sin desgaste o suciedad innecesarios. Ya sea que la uses en el campo de tiro, como una resistente bolsa de c\u00e1mara, o para cualquier otra aventura al aire libre, la UpRanger tiene la capacidad y las caracter\u00edsticas para manejarlo todo.<\/p>\n<p>Con un amplio volumen de 3260 pulgadas c\u00fabicas (53.4 L) y un peso de solo 6.45 libras, la UpRanger es una mochila altamente capaz pero ligera. Su acolchado y ajustable arn\u00e9s de hombros garantiza un transporte c\u00f3modo, mientras que los divisores configurables te permiten personalizar la distribuci\u00f3n interior para adaptarla a tus necesidades espec\u00edficas. Para una protecci\u00f3n adicional, la mochila es compatible con nuestra Funda de Lluvia Reversible Grande para mantener tus equipos secos en condiciones clim\u00e1ticas adversas.<\/p>\n<p>Para el equipo 3-Gun definitivo, combina la UpRanger con nuestros estuches Sidewinder para rifles, una soluci\u00f3n todo en uno que mantiene tus armas de fuego seguras y f\u00e1cilmente accesibles. Los paneles laterales extra\u00edbles brindan versatilidad adicional, permiti\u00e9ndote configurar la mochila seg\u00fan tus requisitos \u00fanicos.<\/p>\n<p>Eleva la gesti\u00f3n de tu equipo al aire libre con la innovadora mochila UpRanger, dise\u00f1ada para simplificar tus actividades y mantener tus equipos esenciales organizados y protegidos.<\/p>\n","protected":false},"excerpt":{"rendered":"<p>Mochila vers\u00e1til de 3 escopetas con base de policarbonato para un acceso r\u00e1pido y sin suciedad.<\/p>\n","protected":false},"featured_media":696430,"template":"","meta":{"_acf_changed":false},"product_brand":[15159],"product_cat":[12223],"product_tag":[],"class_list":{"0":"post-697992","1":"product","2":"type-product","3":"status-publish","4":"has-post-thumbnail","6":"product_brand-eberlestock","7":"product_cat-mochilas","9":"first","10":"instock","11":"taxable","12":"shipping-taxable","13":"purchasable","14":"product-type-variable","15":"wvs-archive-product-wrapper"},"acf":[],"_links":{"self":[{"href":"https:\/\/nbg.eu\/es\/wp-json\/wp\/v2\/product\/697992","targetHints":{"allow":["GET"]}}],"collection":[{"href":"https:\/\/nbg.eu\/es\/wp-json\/wp\/v2\/product"}],"about":[{"href":"https:\/\/nbg.eu\/es\/wp-json\/wp\/v2\/types\/product"}],"wp:featuredmedia":[{"embeddable":true,"href":"https:\/\/nbg.eu\/es\/wp-json\/wp\/v2\/media\/696430"}],"wp:attachment":[{"href":"https:\/\/nbg.eu\/es\/wp-json\/wp\/v2\/media?parent=697992"}],"wp:term":[{"taxonomy":"product_brand","embeddable":true,"href":"https:\/\/nbg.eu\/es\/wp-json\/wp\/v2\/product_brand?post=697992"},{"taxonomy":"product_cat","embeddable":true,"href":"https:\/\/nbg.eu\/es\/wp-json\/wp\/v2\/product_cat?post=697992"},{"taxonomy":"product_tag","embeddable":true,"href":"https:\/\/nbg.eu\/es\/wp-json\/wp\/v2\/product_tag?post=697992"}],"curies":[{"name":"wp","href":"https:\/\/api.w.org\/{rel}","templated":true}]}}