{"id":698301,"date":"2025-12-22T17:45:44","date_gmt":"2025-12-22T14:45:44","guid":{"rendered":"https:\/\/nbg.eu\/product\/estera-de-tiro-para-la-siesta-en-la-tierra\/"},"modified":"2026-04-15T14:44:29","modified_gmt":"2026-04-15T11:44:29","slug":"estera-de-tiro-para-la-siesta-en-la-tierra","status":"publish","type":"product","link":"https:\/\/nbg.eu\/es\/producto\/estera-de-tiro-para-la-siesta-en-la-tierra\/","title":{"rendered":"Eberlestock Alfombrilla de Tiro Dirt Nap"},"content":{"rendered":"<h2>Alfombra de Tiro Dirt Nap: Optimizada para la Comodidad y Conveniencia en Posici\u00f3n Prona<\/h2>\n<p>La Alfombra de Tiro Dirt Nap est\u00e1 dise\u00f1ada con experiencia y priorizada para la posici\u00f3n de tiro prona. Mejora tus salidas con una comodidad y practicidad superior, convirti\u00e9ndola en una adici\u00f3n esencial a tu equipo de d\u00eda de campo de tiro.<\/p>\n<p>La Dirt Nap cuenta con celdas acolchadas individualmente que crean pliegues naturales, permitiendo un plegado sencillo y un almacenamiento compacto. Con acolchado completo en la mitad superior y extendi\u00e9ndose hacia abajo por el centro de la mitad trasera, proporciona la m\u00e1xima comodidad exactamente donde m\u00e1s la necesitas.<\/p>\n<p>Con unas dimensiones de 94&#8243; de largo por 34&#8243; de ancho y pleg\u00e1ndose a un tama\u00f1o compacto de 12&#8243; x 17&#8243;, la Alfombra de Tiro Dirt Nap pesa solo 4 libras y 13 onzas. Su durable construcci\u00f3n de nailon recubierto de PVC de 600D, un fondo recubierto de PVC y un asa de transporte conveniente la convierten en una opci\u00f3n resistente y pr\u00e1ctica para cualquier tirador.<\/p>\n<p>La solapa de almacenamiento con correas de 20 mm y hebillas asegura que tu Dirt Nap se mantenga en su lugar de forma segura, mientras que las caracter\u00edsticas de dise\u00f1o cuidadoso lo convierten en una pieza de equipo esencial para tu pr\u00f3ximo d\u00eda en el campo de tiro.<\/p>\n","protected":false},"excerpt":{"rendered":"<p>La Alfombrilla de Tiro Dirt Nap &#8211; dise\u00f1ada expertamente para tiro en posici\u00f3n prona, brindando un confort y practicidad superiores.<\/p>\n","protected":false},"featured_media":698320,"template":"","meta":{"_acf_changed":false},"product_brand":[15159],"product_cat":[12287],"product_tag":[],"class_list":{"0":"post-698301","1":"product","2":"type-product","3":"status-publish","4":"has-post-thumbnail","6":"product_brand-eberlestock","7":"product_cat-equipo","9":"first","10":"instock","11":"taxable","12":"shipping-taxable","13":"purchasable","14":"product-type-variable","15":"wvs-archive-product-wrapper"},"acf":[],"_links":{"self":[{"href":"https:\/\/nbg.eu\/es\/wp-json\/wp\/v2\/product\/698301","targetHints":{"allow":["GET"]}}],"collection":[{"href":"https:\/\/nbg.eu\/es\/wp-json\/wp\/v2\/product"}],"about":[{"href":"https:\/\/nbg.eu\/es\/wp-json\/wp\/v2\/types\/product"}],"wp:featuredmedia":[{"embeddable":true,"href":"https:\/\/nbg.eu\/es\/wp-json\/wp\/v2\/media\/698320"}],"wp:attachment":[{"href":"https:\/\/nbg.eu\/es\/wp-json\/wp\/v2\/media?parent=698301"}],"wp:term":[{"taxonomy":"product_brand","embeddable":true,"href":"https:\/\/nbg.eu\/es\/wp-json\/wp\/v2\/product_brand?post=698301"},{"taxonomy":"product_cat","embeddable":true,"href":"https:\/\/nbg.eu\/es\/wp-json\/wp\/v2\/product_cat?post=698301"},{"taxonomy":"product_tag","embeddable":true,"href":"https:\/\/nbg.eu\/es\/wp-json\/wp\/v2\/product_tag?post=698301"}],"curies":[{"name":"wp","href":"https:\/\/api.w.org\/{rel}","templated":true}]}}