{"id":698726,"date":"2025-12-22T17:51:28","date_gmt":"2025-12-22T14:51:28","guid":{"rendered":"https:\/\/nbg.eu\/product\/paquete-lodrag-ii\/"},"modified":"2026-04-15T14:44:26","modified_gmt":"2026-04-15T11:44:26","slug":"paquete-lodrag-ii","status":"publish","type":"product","link":"https:\/\/nbg.eu\/es\/producto\/paquete-lodrag-ii\/","title":{"rendered":"Eberlestock Mochila LoDrag II"},"content":{"rendered":"<h2>Mochila t\u00e1ctica X31 LoDrag II\u2122<\/h2>\n<p>Dise\u00f1ada para ser una mochila t\u00e1ctica ligera y muy funcional, as\u00ed como incorporar un estuche para armas t\u00e1cticas, la X31 LoDrag II\u2122 se ha convertido en un elemento b\u00e1sico en el mundo de los rifles de precisi\u00f3n. Dentro del compartimento principal, la LoDrag II tiene una estanter\u00eda plegable para separar el espacio de carga superior e inferior y un bolsillo para nuestros sistemas de hidrataci\u00f3n de 2L y 3L. Las correas de compresi\u00f3n laterales cuentan con hebillas HD de 25 mm para el desenganche r\u00e1pido de art\u00edculos como tr\u00edpodes comprimidos al costado de la mochila.<\/p>\n<h2>Dimensiones<\/h2>\n<p>Volumen: 2290 c.i. \/ 37.5L<br \/>\nPeso: 6.85 lbs<br \/>\nDimensiones: 22.5H x 11W x 11.75D<br \/>\nDimensiones del estuche: 34&#8243; H x 10&#8243; W x 3D<\/p>\n<h2>Caracter\u00edsticas<\/h2>\n<ul>\n<li>Estuche para armas t\u00e1cticas<\/li>\n<li>Estanter\u00eda plegable para separar el espacio de carga superior e inferior<\/li>\n<li>Funda de lluvia incluida<\/li>\n<li>Bolsillo para hidrataci\u00f3n<\/li>\n<\/ul>\n","protected":false},"excerpt":{"rendered":"<p>Mochila t\u00e1ctica ligera con funda para armas, estante plegable y manga para hidrataci\u00f3n.<\/p>\n","protected":false},"featured_media":698748,"template":"","meta":{"_acf_changed":false},"product_brand":[15159],"product_cat":[12223],"product_tag":[],"class_list":{"0":"post-698726","1":"product","2":"type-product","3":"status-publish","4":"has-post-thumbnail","6":"product_brand-eberlestock","7":"product_cat-mochilas","9":"first","10":"instock","11":"taxable","12":"shipping-taxable","13":"purchasable","14":"product-type-variable","15":"wvs-archive-product-wrapper"},"acf":[],"_links":{"self":[{"href":"https:\/\/nbg.eu\/es\/wp-json\/wp\/v2\/product\/698726","targetHints":{"allow":["GET"]}}],"collection":[{"href":"https:\/\/nbg.eu\/es\/wp-json\/wp\/v2\/product"}],"about":[{"href":"https:\/\/nbg.eu\/es\/wp-json\/wp\/v2\/types\/product"}],"wp:featuredmedia":[{"embeddable":true,"href":"https:\/\/nbg.eu\/es\/wp-json\/wp\/v2\/media\/698748"}],"wp:attachment":[{"href":"https:\/\/nbg.eu\/es\/wp-json\/wp\/v2\/media?parent=698726"}],"wp:term":[{"taxonomy":"product_brand","embeddable":true,"href":"https:\/\/nbg.eu\/es\/wp-json\/wp\/v2\/product_brand?post=698726"},{"taxonomy":"product_cat","embeddable":true,"href":"https:\/\/nbg.eu\/es\/wp-json\/wp\/v2\/product_cat?post=698726"},{"taxonomy":"product_tag","embeddable":true,"href":"https:\/\/nbg.eu\/es\/wp-json\/wp\/v2\/product_tag?post=698726"}],"curies":[{"name":"wp","href":"https:\/\/api.w.org\/{rel}","templated":true}]}}