{"id":699104,"date":"2025-12-22T17:57:48","date_gmt":"2025-12-22T14:57:48","guid":{"rendered":"https:\/\/nbg.eu\/product\/paquete-pistolero-ii\/"},"modified":"2026-04-15T14:44:22","modified_gmt":"2026-04-15T11:44:22","slug":"paquete-pistolero-ii","status":"publish","type":"product","link":"https:\/\/nbg.eu\/es\/producto\/paquete-pistolero-ii\/","title":{"rendered":"Eberlestock Mochila G2 Gunslinger II"},"content":{"rendered":"<h2>Mochila t\u00e1ctica Gunslinger II\u2122<\/h2>\n<p>La Gunslinger II\u2122 es una mochila t\u00e1ctica de tama\u00f1o medio con un estuche de ancho completo para acomodar mejor las armas con secciones transversales m\u00e1s grandes o \u00f3pticas voluminosas. El estuche ancho tambi\u00e9n le permite servir como un excelente compartimento para computadora port\u00e1til o radio militar. Incluso con el estuche plegado, se ajustar\u00e1 perfectamente a la mayor\u00eda de los rifles de ca\u00f1\u00f3n corto. La Gunslinger II tiene una capacidad de 2100 pulgadas c\u00fabicas y viene equipada de serie con nuestro sistema de bastidor tubular Intex-II\u2122 sin estanter\u00eda, arn\u00e9s de hombro totalmente ajustable y cintur\u00f3n acolchado.<\/p>\n<h2>Dimensiones<\/h2>\n<p>Volumen de la mochila: 2,100 p.c. \/ 34,41 L<br \/>\nVolumen del estuche: 600 p.c.<br \/>\n-Volumen total: 44 litros \/ 2,700 p.c.<br \/>\n-Peso: 6 lbs y 8 oz.<br \/>\n-Dimensiones de la bolsa principal: 22&#8243;alto x 10&#8243;ancho x 8&#8243;profundo<br \/>\n-Dimensiones del estuche: 34&#8243;L x 10&#8243;A x 3&#8243;P, con una abertura de 26&#8243; de circunferencia. La funda GSTC permite el transporte cerrado de armas de hasta 60&#8243;.<br \/>\n-Peso real: 6.5 lbs (con GSTC).<\/p>\n<h2>Caracter\u00edsticas<\/h2>\n<p>Bolsillo en la tapa superior<br \/>\n-Panel de carga<br \/>\n-Bolsillos para botellas de agua<br \/>\n-Estuche de rifle integrado<br \/>\n-Correas de compresi\u00f3n de agarre<br \/>\n-Apertura superior con cord\u00f3n y cierre delantero<br \/>\n-Bastidor tubular Intex II<\/p>\n","protected":false},"excerpt":{"rendered":"<p>La Gunslinger II\u2122 es una mochila t\u00e1ctica de tama\u00f1o mediano con un estuche de todo el ancho para acomodar mejor las armas con secciones transversales m\u00e1s grandes u \u00f3pticas voluminosas.<\/p>\n","protected":false},"featured_media":699133,"template":"","meta":{"_acf_changed":false},"product_brand":[15159],"product_cat":[12223],"product_tag":[],"class_list":{"0":"post-699104","1":"product","2":"type-product","3":"status-publish","4":"has-post-thumbnail","6":"product_brand-eberlestock","7":"product_cat-mochilas","9":"first","10":"instock","11":"taxable","12":"shipping-taxable","13":"purchasable","14":"product-type-variable","15":"wvs-archive-product-wrapper"},"acf":[],"_links":{"self":[{"href":"https:\/\/nbg.eu\/es\/wp-json\/wp\/v2\/product\/699104","targetHints":{"allow":["GET"]}}],"collection":[{"href":"https:\/\/nbg.eu\/es\/wp-json\/wp\/v2\/product"}],"about":[{"href":"https:\/\/nbg.eu\/es\/wp-json\/wp\/v2\/types\/product"}],"wp:featuredmedia":[{"embeddable":true,"href":"https:\/\/nbg.eu\/es\/wp-json\/wp\/v2\/media\/699133"}],"wp:attachment":[{"href":"https:\/\/nbg.eu\/es\/wp-json\/wp\/v2\/media?parent=699104"}],"wp:term":[{"taxonomy":"product_brand","embeddable":true,"href":"https:\/\/nbg.eu\/es\/wp-json\/wp\/v2\/product_brand?post=699104"},{"taxonomy":"product_cat","embeddable":true,"href":"https:\/\/nbg.eu\/es\/wp-json\/wp\/v2\/product_cat?post=699104"},{"taxonomy":"product_tag","embeddable":true,"href":"https:\/\/nbg.eu\/es\/wp-json\/wp\/v2\/product_tag?post=699104"}],"curies":[{"name":"wp","href":"https:\/\/api.w.org\/{rel}","templated":true}]}}