{"id":700381,"date":"2025-12-22T18:10:47","date_gmt":"2025-12-22T15:10:47","guid":{"rendered":"https:\/\/nbg.eu\/product\/panel-molle\/"},"modified":"2026-04-15T14:44:14","modified_gmt":"2026-04-15T11:44:14","slug":"panel-molle","status":"publish","type":"product","link":"https:\/\/nbg.eu\/es\/producto\/panel-molle\/","title":{"rendered":"Eberlestock Panel MOLLE Recon"},"content":{"rendered":"<h2>Panel MOLLE Recon &#8211; Accesorio vers\u00e1til para tu arn\u00e9s de binoculares<\/h2>\n<p>El Panel MOLLE Recon es una adici\u00f3n sencilla pero vers\u00e1til a la configuraci\u00f3n de tu arn\u00e9s de binoculares. Proporciona una forma conveniente de fijar varios bolsillos, como el Bolsillo Recon Bearspray o el Bolsillo Recon Rangefinder, de forma horizontal debajo de tu bolsillo de binoculares. Este panel tambi\u00e9n sirve como una plataforma segura para las pistoleras compatibles con MOLLE, lo que te permite llevar de forma segura y c\u00f3moda una pistola en tu arn\u00e9s de binoculares.<\/p>\n<p>Con una medida de 6&#8243; de ancho y 3.25&#8243; de alto, el Panel MOLLE Recon ofrece un dise\u00f1o compacto y estilizado que no a\u00f1adir\u00e1 volumen innecesario a tu equipo. Su construcci\u00f3n compatible con MOLLE garantiza la compatibilidad con una amplia gama de accesorios, brind\u00e1ndote la flexibilidad para personalizar tu configuraci\u00f3n y adaptarla a tus necesidades espec\u00edficas.<\/p>\n","protected":false},"excerpt":{"rendered":"<p>Panel MOLLE vers\u00e1til para sujetar bolsas y transportar una pistola en el arn\u00e9s para binoculares.<\/p>\n","protected":false},"featured_media":700408,"template":"","meta":{"_acf_changed":false},"product_brand":[15159],"product_cat":[12277],"product_tag":[],"class_list":{"0":"post-700381","1":"product","2":"type-product","3":"status-publish","4":"has-post-thumbnail","6":"product_brand-eberlestock","7":"product_cat-bolsas","9":"first","10":"instock","11":"taxable","12":"shipping-taxable","13":"purchasable","14":"product-type-variable","15":"wvs-archive-product-wrapper"},"acf":[],"_links":{"self":[{"href":"https:\/\/nbg.eu\/es\/wp-json\/wp\/v2\/product\/700381","targetHints":{"allow":["GET"]}}],"collection":[{"href":"https:\/\/nbg.eu\/es\/wp-json\/wp\/v2\/product"}],"about":[{"href":"https:\/\/nbg.eu\/es\/wp-json\/wp\/v2\/types\/product"}],"wp:featuredmedia":[{"embeddable":true,"href":"https:\/\/nbg.eu\/es\/wp-json\/wp\/v2\/media\/700408"}],"wp:attachment":[{"href":"https:\/\/nbg.eu\/es\/wp-json\/wp\/v2\/media?parent=700381"}],"wp:term":[{"taxonomy":"product_brand","embeddable":true,"href":"https:\/\/nbg.eu\/es\/wp-json\/wp\/v2\/product_brand?post=700381"},{"taxonomy":"product_cat","embeddable":true,"href":"https:\/\/nbg.eu\/es\/wp-json\/wp\/v2\/product_cat?post=700381"},{"taxonomy":"product_tag","embeddable":true,"href":"https:\/\/nbg.eu\/es\/wp-json\/wp\/v2\/product_tag?post=700381"}],"curies":[{"name":"wp","href":"https:\/\/api.w.org\/{rel}","templated":true}]}}