{"id":700830,"date":"2025-12-22T18:16:35","date_gmt":"2025-12-22T15:16:35","guid":{"rendered":"https:\/\/nbg.eu\/product\/estuche-de-telemetro\/"},"modified":"2026-04-15T14:44:11","modified_gmt":"2026-04-15T11:44:11","slug":"estuche-de-telemetro","status":"publish","type":"product","link":"https:\/\/nbg.eu\/es\/producto\/estuche-de-telemetro\/","title":{"rendered":"Eberlestock Funda para Tel\u00e9metro Recon"},"content":{"rendered":"<h2>Bolsa para tel\u00e9metro Recon: Protege tu equipo, mejora tu precisi\u00f3n<\/h2>\n<p>Eleva tus aventuras al aire libre con la Bolsa para tel\u00e9metro Recon, dise\u00f1ada para proteger tu equipo de tel\u00e9metro esencial. Fabricada con una atenci\u00f3n meticulosa al detalle, esta bolsa ofrece una protecci\u00f3n y una comodidad sin igual, asegurando que tu equipo permanezca seguro y f\u00e1cilmente accesible.<\/p>\n<p>Con una tapa de apertura frontal magn\u00e9tica, la Bolsa para tel\u00e9metro Recon mantiene el polvo y los residuos alejados, preservando el estado pr\u00edstino del cristal de tu tel\u00e9metro. Un accesorio de cord\u00f3n el\u00e1stico te permite dejar caer f\u00e1cilmente tu dispositivo sin preocuparte por roturas o p\u00e9rdidas, manteniendo tus manos libres para tareas m\u00e1s urgentes.<\/p>\n<p>Con sus dimensiones compactas de 1.75&#8243; de profundidad x 3.25&#8243; de ancho x 5&#8243; de alto, la Bolsa para tel\u00e9metro Recon se integra sin problemas con tu equipo al aire libre, proporcionando una soluci\u00f3n de almacenamiento discreta y racionalizada. Ya seas un cazador apasionado, un excursionista dedicado o un tirador apasionado, esta vers\u00e1til bolsa es el compa\u00f1ero perfecto para proteger tu valioso equipo de tel\u00e9metro.<\/p>\n<p>Eleva tu experiencia al aire libre con la Bolsa para tel\u00e9metro Recon, el accesorio definitivo para el aventurero exigente que exige lo mejor en protecci\u00f3n y comodidad del equipo.<\/p>\n","protected":false},"excerpt":{"rendered":"<p>La Funda para Tel\u00e9metro Recon protege tu dispositivo con una tapa magn\u00e9tica y un cord\u00f3n el\u00e1stico para un transporte seguro y conveniente.<\/p>\n","protected":false},"featured_media":700840,"template":"","meta":{"_acf_changed":false},"product_brand":[15159],"product_cat":[12277],"product_tag":[],"class_list":{"0":"post-700830","1":"product","2":"type-product","3":"status-publish","4":"has-post-thumbnail","6":"product_brand-eberlestock","7":"product_cat-bolsas","9":"first","10":"instock","11":"taxable","12":"shipping-taxable","13":"purchasable","14":"product-type-variable","15":"wvs-archive-product-wrapper"},"acf":[],"_links":{"self":[{"href":"https:\/\/nbg.eu\/es\/wp-json\/wp\/v2\/product\/700830","targetHints":{"allow":["GET"]}}],"collection":[{"href":"https:\/\/nbg.eu\/es\/wp-json\/wp\/v2\/product"}],"about":[{"href":"https:\/\/nbg.eu\/es\/wp-json\/wp\/v2\/types\/product"}],"wp:featuredmedia":[{"embeddable":true,"href":"https:\/\/nbg.eu\/es\/wp-json\/wp\/v2\/media\/700840"}],"wp:attachment":[{"href":"https:\/\/nbg.eu\/es\/wp-json\/wp\/v2\/media?parent=700830"}],"wp:term":[{"taxonomy":"product_brand","embeddable":true,"href":"https:\/\/nbg.eu\/es\/wp-json\/wp\/v2\/product_brand?post=700830"},{"taxonomy":"product_cat","embeddable":true,"href":"https:\/\/nbg.eu\/es\/wp-json\/wp\/v2\/product_cat?post=700830"},{"taxonomy":"product_tag","embeddable":true,"href":"https:\/\/nbg.eu\/es\/wp-json\/wp\/v2\/product_tag?post=700830"}],"curies":[{"name":"wp","href":"https:\/\/api.w.org\/{rel}","templated":true}]}}