{"id":701124,"date":"2025-12-22T18:40:25","date_gmt":"2025-12-22T15:40:25","guid":{"rendered":"https:\/\/nbg.eu\/product\/maletin-rapido\/"},"modified":"2026-04-15T14:44:07","modified_gmt":"2026-04-15T11:44:07","slug":"maletin-rapido","status":"publish","type":"product","link":"https:\/\/nbg.eu\/es\/producto\/maletin-rapido\/","title":{"rendered":"Eberlestock Funda Recon Quickcase"},"content":{"rendered":"<h2>Quickcase: Tu compa\u00f1ero de supervivencia compacto<\/h2>\n<p>El Quickcase es un pr\u00e1ctico estuche con cremallera dise\u00f1ado para acoplarse perfectamente al arn\u00e9s modular Recon para binoculares. Este accesorio compacto ofrece la soluci\u00f3n perfecta para almacenar y asegurar tus equipos de supervivencia esenciales, lo que te garantiza estar siempre preparado para lo inesperado.<\/p>\n<p>Con el tama\u00f1o justo, el Quickcase ofrece un amplio espacio para un kit de supervivencia peque\u00f1o, convirti\u00e9ndose en un compa\u00f1ero indispensable en caso de que te separes de tu mochila principal. Su construcci\u00f3n duradera y su cierre de cremallera seguro mantienen a salvo tus art\u00edculos cr\u00edticos y los mantienen accesibles cuando m\u00e1s los necesites.<\/p>\n<p>Pero la utilidad del Quickcase va m\u00e1s all\u00e1 de la preparaci\u00f3n para la supervivencia. \u00dasalo como un pr\u00e1ctico estuche de almacenamiento para art\u00edculos peque\u00f1os, manteni\u00e9ndolos organizados y al alcance de la mano mientras est\u00e1s en movimiento. Ya sea que est\u00e9s haciendo senderismo, acampando o participando en cualquier actividad al aire libre, este accesorio vers\u00e1til se convertir\u00e1 en una parte invaluable de tu equipo.<\/p>\n<p>Dise\u00f1ado para integrarse perfectamente con el arn\u00e9s modular Recon para binoculares, el Quickcase se acopla de manera segura a la pesta\u00f1a con velcro en la parte posterior del arn\u00e9s. Esta integraci\u00f3n te permite mantener tus art\u00edculos esenciales a la mano, liberando espacio en tu mochila principal y asegur\u00e1ndote de tener todo lo que necesitas al alcance.<\/p>\n","protected":false},"excerpt":{"rendered":"<p>Una peque\u00f1a bolsa con cremallera que se acopla al arn\u00e9s modular de binoculares Recon para kit de supervivencia o almacenamiento de art\u00edculos peque\u00f1os.<\/p>\n","protected":false},"featured_media":701173,"template":"","meta":{"_acf_changed":false},"product_brand":[15159],"product_cat":[12277],"product_tag":[],"class_list":{"0":"post-701124","1":"product","2":"type-product","3":"status-publish","4":"has-post-thumbnail","6":"product_brand-eberlestock","7":"product_cat-bolsas","9":"first","10":"instock","11":"taxable","12":"shipping-taxable","13":"purchasable","14":"product-type-variable","15":"wvs-archive-product-wrapper"},"acf":[],"_links":{"self":[{"href":"https:\/\/nbg.eu\/es\/wp-json\/wp\/v2\/product\/701124","targetHints":{"allow":["GET"]}}],"collection":[{"href":"https:\/\/nbg.eu\/es\/wp-json\/wp\/v2\/product"}],"about":[{"href":"https:\/\/nbg.eu\/es\/wp-json\/wp\/v2\/types\/product"}],"wp:featuredmedia":[{"embeddable":true,"href":"https:\/\/nbg.eu\/es\/wp-json\/wp\/v2\/media\/701173"}],"wp:attachment":[{"href":"https:\/\/nbg.eu\/es\/wp-json\/wp\/v2\/media?parent=701124"}],"wp:term":[{"taxonomy":"product_brand","embeddable":true,"href":"https:\/\/nbg.eu\/es\/wp-json\/wp\/v2\/product_brand?post=701124"},{"taxonomy":"product_cat","embeddable":true,"href":"https:\/\/nbg.eu\/es\/wp-json\/wp\/v2\/product_cat?post=701124"},{"taxonomy":"product_tag","embeddable":true,"href":"https:\/\/nbg.eu\/es\/wp-json\/wp\/v2\/product_tag?post=701124"}],"curies":[{"name":"wp","href":"https:\/\/api.w.org\/{rel}","templated":true}]}}