{"id":701825,"date":"2025-12-23T11:39:12","date_gmt":"2025-12-23T08:39:12","guid":{"rendered":"https:\/\/nbg.eu\/product\/calentador-de-manos\/"},"modified":"2026-04-15T14:44:03","modified_gmt":"2026-04-15T11:44:03","slug":"calentador-de-manos","status":"publish","type":"product","link":"https:\/\/nbg.eu\/es\/producto\/calentador-de-manos\/","title":{"rendered":"Eberlestock Calentador de Manos Recon"},"content":{"rendered":"<h2>Calentador de manos Recon: Calor sin esfuerzo para aventuras al aire libre<\/h2>\n<p>Mantener las manos calientes sin comprometer la destreza nunca ha sido m\u00e1s f\u00e1cil con el Calentador de Manos Recon. Este accesorio innovador se acopla sin problemas al Arn\u00e9s Modular de Binoculares Recon, lo que le permite mantener una posici\u00f3n \u00f3ptima de la mano para mayor comodidad, ya sea sentado o de pie. El Calentador de Manos Recon elimina la necesidad de guantes voluminosos, lo que le permite seguir realizando tareas de motricidad fina con facilidad.<\/p>\n<p>Para mayor conveniencia, el Calentador de Manos Recon cuenta con un bolsillo frontal con cremallera donde puede guardar calentadores de manos activados por aire adicionales. Esto le permite usar el calentador de manos de forma independiente del Arn\u00e9s Modular de Binoculares Recon, proporcion\u00e1ndole una fuente confiable de calor sin importar la actividad o el entorno. El cintur\u00f3n incluido garantiza un ajuste seguro y c\u00f3modo, manteniendo sus manos en la posici\u00f3n perfecta para lograr la m\u00e1xima eficiencia y comodidad.<\/p>\n<p>Ya sea que est\u00e9 observando aves, cazando o simplemente disfrutando del aire libre, el Calentador de Manos Recon es el compa\u00f1ero perfecto para mantener sus manos calientes y sus dedos \u00e1giles. Experimente la m\u00e1xima comodidad y conveniencia al aire libre con este accesorio vers\u00e1til e innovador.<\/p>\n","protected":false},"excerpt":{"rendered":"<p>Recon Handwarmer mantiene las manos calientes sin guantes, se sujeta al Recon Harness.<\/p>\n","protected":false},"featured_media":701883,"template":"","meta":{"_acf_changed":false},"product_brand":[15159],"product_cat":[12287],"product_tag":[],"class_list":{"0":"post-701825","1":"product","2":"type-product","3":"status-publish","4":"has-post-thumbnail","6":"product_brand-eberlestock","7":"product_cat-equipo","9":"first","10":"instock","11":"taxable","12":"shipping-taxable","13":"purchasable","14":"product-type-variable","15":"wvs-archive-product-wrapper"},"acf":[],"_links":{"self":[{"href":"https:\/\/nbg.eu\/es\/wp-json\/wp\/v2\/product\/701825","targetHints":{"allow":["GET"]}}],"collection":[{"href":"https:\/\/nbg.eu\/es\/wp-json\/wp\/v2\/product"}],"about":[{"href":"https:\/\/nbg.eu\/es\/wp-json\/wp\/v2\/types\/product"}],"wp:featuredmedia":[{"embeddable":true,"href":"https:\/\/nbg.eu\/es\/wp-json\/wp\/v2\/media\/701883"}],"wp:attachment":[{"href":"https:\/\/nbg.eu\/es\/wp-json\/wp\/v2\/media?parent=701825"}],"wp:term":[{"taxonomy":"product_brand","embeddable":true,"href":"https:\/\/nbg.eu\/es\/wp-json\/wp\/v2\/product_brand?post=701825"},{"taxonomy":"product_cat","embeddable":true,"href":"https:\/\/nbg.eu\/es\/wp-json\/wp\/v2\/product_cat?post=701825"},{"taxonomy":"product_tag","embeddable":true,"href":"https:\/\/nbg.eu\/es\/wp-json\/wp\/v2\/product_tag?post=701825"}],"curies":[{"name":"wp","href":"https:\/\/api.w.org\/{rel}","templated":true}]}}