{"id":702968,"date":"2025-12-23T11:50:14","date_gmt":"2025-12-23T08:50:14","guid":{"rendered":"https:\/\/nbg.eu\/product\/bravo-mochila-modular-pequena-para-binoculares\/"},"modified":"2026-04-15T14:43:55","modified_gmt":"2026-04-15T11:43:55","slug":"bravo-mochila-modular-pequena-para-binoculares","status":"publish","type":"product","link":"https:\/\/nbg.eu\/es\/producto\/bravo-mochila-modular-pequena-para-binoculares\/","title":{"rendered":"Eberlestock Mochila para Prism\u00e1ticos Bravo Modular, Small"},"content":{"rendered":"<h2>Bravo Modular Bino Pack-Small: Almacenamiento vers\u00e1til y seguro de binoculares<\/h2>\n<p>Dise\u00f1ado con la modularidad en mente, el BRAVO MODULAR BINO PACK se basa en una plataforma de arn\u00e9s de pecho que se adapta a tus necesidades con una serie de accesorios complementarios. Cuenta con un acceso magn\u00e9tico de extracci\u00f3n frontal al estuche de los binoculares, un amplio bolsillo frontal con cremallera y bolsillos laterales el\u00e1sticos. Los sujetadores internos de los binoculares los mantienen seguros, mientras que las aletas de perfil bajo compatibles con MOLLE y el panel trasero te permiten adjuntar sin problemas bolsas y accesorios.<\/p>\n<p>Elaborado con nailon 500D Ripstop y telas N140D resistentes, el Bravo Modular Bino Pack-Small ofrece una soluci\u00f3n ligera y resistente para entusiastas al aire libre, cazadores y operadores t\u00e1cticos.<\/p>\n<p>Entre las caracter\u00edsticas clave se incluyen un cierre sin imanes para un acceso r\u00e1pido, compatibilidad con ocho accesorios disponibles, un gran bolsillo frontal con cremallera, bolsillos el\u00e1sticos a ambos lados, un arn\u00e9s de hombro ajustable de extracci\u00f3n frontal y aletas de perfil bajo compatibles con MOLLE para personalizar tu equipo. Ya sea que te dediques a la observaci\u00f3n de aves, el senderismo o las operaciones t\u00e1cticas, el Bravo Modular Bino Pack-Small ofrece una soluci\u00f3n vers\u00e1til y segura para tus necesidades de almacenamiento de binoculares.<\/p>\n","protected":false},"excerpt":{"rendered":"<p>Mochila modular para binoculares con cierre sin iman, alas compatibles con MOLLE y arn\u00e9s ajustable.<\/p>\n","protected":false},"featured_media":703042,"template":"","meta":{"_acf_changed":false},"product_brand":[15159],"product_cat":[15214],"product_tag":[],"class_list":{"0":"post-702968","1":"product","2":"type-product","3":"status-publish","4":"has-post-thumbnail","6":"product_brand-eberlestock","7":"product_cat-binocular-harnesses-es","9":"first","10":"instock","11":"taxable","12":"shipping-taxable","13":"purchasable","14":"product-type-variable","15":"wvs-archive-product-wrapper"},"acf":[],"_links":{"self":[{"href":"https:\/\/nbg.eu\/es\/wp-json\/wp\/v2\/product\/702968","targetHints":{"allow":["GET"]}}],"collection":[{"href":"https:\/\/nbg.eu\/es\/wp-json\/wp\/v2\/product"}],"about":[{"href":"https:\/\/nbg.eu\/es\/wp-json\/wp\/v2\/types\/product"}],"wp:featuredmedia":[{"embeddable":true,"href":"https:\/\/nbg.eu\/es\/wp-json\/wp\/v2\/media\/703042"}],"wp:attachment":[{"href":"https:\/\/nbg.eu\/es\/wp-json\/wp\/v2\/media?parent=702968"}],"wp:term":[{"taxonomy":"product_brand","embeddable":true,"href":"https:\/\/nbg.eu\/es\/wp-json\/wp\/v2\/product_brand?post=702968"},{"taxonomy":"product_cat","embeddable":true,"href":"https:\/\/nbg.eu\/es\/wp-json\/wp\/v2\/product_cat?post=702968"},{"taxonomy":"product_tag","embeddable":true,"href":"https:\/\/nbg.eu\/es\/wp-json\/wp\/v2\/product_tag?post=702968"}],"curies":[{"name":"wp","href":"https:\/\/api.w.org\/{rel}","templated":true}]}}