{"id":704045,"date":"2025-12-23T12:03:47","date_gmt":"2025-12-23T09:03:47","guid":{"rendered":"https:\/\/nbg.eu\/product\/bolso-bando\/"},"modified":"2026-04-15T14:43:48","modified_gmt":"2026-04-15T11:43:48","slug":"bolso-bando","status":"publish","type":"product","link":"https:\/\/nbg.eu\/es\/producto\/bolso-bando\/","title":{"rendered":"Eberlestock Bolsa Bando"},"content":{"rendered":"<h2>Bolsa Bando: Transporte conveniente y ligero de EDC<\/h2>\n<p>La bolsa Bando es una forma ligera y conveniente de transportar sus art\u00edculos de EDC. Un bolsillo trasero con cremallera completa en el Bando mide 5.5&#8243;h x 9.5&#8243;w x 1&#8243;d, lo suficientemente grande para asegurar la mayor\u00eda de las armas de fuego sub-compactas y compactas como la Glock-19 y las de tama\u00f1o similar. El compartimento principal cuenta con un bolsillo con cremallera de malla interior y dos bolsillos deslizantes para una organizaci\u00f3n adicional. Un peque\u00f1o bolsillo frontal con cremallera es perfecto para llaves, cables u otros art\u00edculos peque\u00f1os. La longitud del cintur\u00f3n de cintura es ajustable de 31.5&#8243; a 44&#8243;.<\/p>\n<h2>Caracter\u00edsticas clave<\/h2>\n<ul>\n<li>Bolsillo trasero con cremallera completa<\/li>\n<li>Bolsillo con cremallera de malla interior<\/li>\n<li>Dos bolsillos internos deslizantes<\/li>\n<li>Peque\u00f1o bolsillo frontal con cremallera<\/li>\n<li>Cintur\u00f3n de cintura ajustable (31.5&#8243;-44&#8243;)<\/li>\n<li>Manga integrada para transportar un torniquete de manera conveniente<\/li>\n<\/ul>\n","protected":false},"excerpt":{"rendered":"<p>La Bolsa Bando es una forma ligera y pr\u00e1ctica de transportar tus art\u00edculos EDC. Se ajusta a la mayor\u00eda de las armas cortas de tama\u00f1o compacto a tama\u00f1o completo.<\/p>\n","protected":false},"featured_media":704061,"template":"","meta":{"_acf_changed":false},"product_brand":[15159],"product_cat":[12219],"product_tag":[],"class_list":{"0":"post-704045","1":"product","2":"type-product","3":"status-publish","4":"has-post-thumbnail","6":"product_brand-eberlestock","7":"product_cat-bolsas-de-tiro","9":"first","10":"instock","11":"taxable","12":"shipping-taxable","13":"purchasable","14":"product-type-variable","15":"wvs-archive-product-wrapper"},"acf":[],"_links":{"self":[{"href":"https:\/\/nbg.eu\/es\/wp-json\/wp\/v2\/product\/704045","targetHints":{"allow":["GET"]}}],"collection":[{"href":"https:\/\/nbg.eu\/es\/wp-json\/wp\/v2\/product"}],"about":[{"href":"https:\/\/nbg.eu\/es\/wp-json\/wp\/v2\/types\/product"}],"wp:featuredmedia":[{"embeddable":true,"href":"https:\/\/nbg.eu\/es\/wp-json\/wp\/v2\/media\/704061"}],"wp:attachment":[{"href":"https:\/\/nbg.eu\/es\/wp-json\/wp\/v2\/media?parent=704045"}],"wp:term":[{"taxonomy":"product_brand","embeddable":true,"href":"https:\/\/nbg.eu\/es\/wp-json\/wp\/v2\/product_brand?post=704045"},{"taxonomy":"product_cat","embeddable":true,"href":"https:\/\/nbg.eu\/es\/wp-json\/wp\/v2\/product_cat?post=704045"},{"taxonomy":"product_tag","embeddable":true,"href":"https:\/\/nbg.eu\/es\/wp-json\/wp\/v2\/product_tag?post=704045"}],"curies":[{"name":"wp","href":"https:\/\/api.w.org\/{rel}","templated":true}]}}