{"id":704247,"date":"2025-12-23T12:08:03","date_gmt":"2025-12-23T09:08:03","guid":{"rendered":"https:\/\/nbg.eu\/product\/mochila-de-bandido\/"},"modified":"2026-04-24T15:10:42","modified_gmt":"2026-04-24T12:10:42","slug":"mochila-de-bandido","status":"publish","type":"product","link":"https:\/\/nbg.eu\/es\/producto\/mochila-de-bandido\/","title":{"rendered":"Eberlestock Bandit Mochila"},"content":{"rendered":"<h2>Mochila Bandit &#8211; El compa\u00f1ero vers\u00e1til para aventuras de todo el d\u00eda<\/h2>\n<p>La mochila m\u00e1s vers\u00e1til de nuestra l\u00ednea de acarreo diario, la Bandit\u2122 est\u00e1 dise\u00f1ada con un prop\u00f3sito para cacer\u00edas y caminatas de todo el d\u00eda. El panel de utilidad exterior cuenta con rejilla MOLLE cortada con l\u00e1ser para permitir la fijaci\u00f3n de accesorios y bolsas compatibles, y para transportar una chaqueta o equipo para un acceso r\u00e1pido. Los bolsillos laterales el\u00e1sticos pueden contener botellas de agua y art\u00edculos m\u00e1s largos como un tr\u00edpode, un telescopio de observaci\u00f3n o bastones de trekking.<\/p>\n<p>Las correas del panel de utilidad sujetar\u00e1n el equipo firmemente a los lados o ayudar\u00e1n a comprimir una mochila parcialmente llena. Dentro de la tapa superior encontrar\u00e1s organizadores de art\u00edculos peque\u00f1os como un bolsillo con cremallera de malla y un portarevistas.<\/p>\n<p>Compatible con nuestro Cintur\u00f3n est\u00e1ndar para ayudar con la distribuci\u00f3n del peso para cargas m\u00e1s pesadas.<\/p>\n<h2>Dimensiones<\/h2>\n<p>Volumen: 835 c.i. \/ 13,68 L<br \/>\nPeso: 2,50 libras<br \/>\nDimensiones: 18,25 Al x 7 An x 6,5 Prof<\/p>\n<h2>Caracter\u00edsticas<\/h2>\n<p>Panel MOLLE cortado con l\u00e1ser en la parte delantera para fijar el equipo exterior<br \/>\nTapa organizadora superior con bolsillo de malla para accesorios<br \/>\nArn\u00e9s de hombro ajustable<br \/>\nRanura para un cintur\u00f3n de cadera ajustable para transportar peso adicional<br \/>\nEl compartimento principal se abre desde la parte superior hasta la inferior para permitir un acceso total<br \/>\nClip interior para asegurar las bolsas de hidrataci\u00f3n Source\u00ae de 2 L o 3 L<\/p>\n","protected":false},"excerpt":{"rendered":"<p>El Bandit\u2122 es el paquete m\u00e1s vers\u00e1til de nuestra l\u00ednea de transporte diario, dise\u00f1ado con el prop\u00f3sito de viajes y excursiones durante todo el d\u00eda. El panel de utilidad exterior cuenta con una red de tipo MOLLE cortada con l\u00e1ser para permitir la fijaci\u00f3n de accesorios y bolsas compatibles, y para transportar una chaqueta o equipo para un acceso r\u00e1pido. Los bolsillos laterales el\u00e1sticos pueden contener botellas de agua y art\u00edculos m\u00e1s largos como un tr\u00edpode, un telescopio o bastones de trekking.<\/p>\n","protected":false},"featured_media":704276,"template":"","meta":{"_acf_changed":false},"product_brand":[15159],"product_cat":[12223],"product_tag":[],"class_list":{"0":"post-704247","1":"product","2":"type-product","3":"status-publish","4":"has-post-thumbnail","6":"product_brand-eberlestock","7":"product_cat-mochilas","9":"first","10":"instock","11":"taxable","12":"shipping-taxable","13":"purchasable","14":"product-type-variable","15":"wvs-archive-product-wrapper"},"acf":[],"_links":{"self":[{"href":"https:\/\/nbg.eu\/es\/wp-json\/wp\/v2\/product\/704247","targetHints":{"allow":["GET"]}}],"collection":[{"href":"https:\/\/nbg.eu\/es\/wp-json\/wp\/v2\/product"}],"about":[{"href":"https:\/\/nbg.eu\/es\/wp-json\/wp\/v2\/types\/product"}],"wp:featuredmedia":[{"embeddable":true,"href":"https:\/\/nbg.eu\/es\/wp-json\/wp\/v2\/media\/704276"}],"wp:attachment":[{"href":"https:\/\/nbg.eu\/es\/wp-json\/wp\/v2\/media?parent=704247"}],"wp:term":[{"taxonomy":"product_brand","embeddable":true,"href":"https:\/\/nbg.eu\/es\/wp-json\/wp\/v2\/product_brand?post=704247"},{"taxonomy":"product_cat","embeddable":true,"href":"https:\/\/nbg.eu\/es\/wp-json\/wp\/v2\/product_cat?post=704247"},{"taxonomy":"product_tag","embeddable":true,"href":"https:\/\/nbg.eu\/es\/wp-json\/wp\/v2\/product_tag?post=704247"}],"curies":[{"name":"wp","href":"https:\/\/api.w.org\/{rel}","templated":true}]}}