{"id":704617,"date":"2025-12-23T12:15:29","date_gmt":"2025-12-23T09:15:29","guid":{"rendered":"https:\/\/nbg.eu\/product\/estuche-de-navaja-de-bolsillo\/"},"modified":"2026-04-15T14:43:43","modified_gmt":"2026-04-15T11:43:43","slug":"estuche-de-navaja-de-bolsillo","status":"publish","type":"product","link":"https:\/\/nbg.eu\/es\/producto\/estuche-de-navaja-de-bolsillo\/","title":{"rendered":"Eberlestock Mochila Switchblade"},"content":{"rendered":"<h2>Switchblade Pack: Espacio m\u00e1ximo y transporte discreto<\/h2>\n<p>La mochila Switchblade\u2122 est\u00e1 dise\u00f1ada para mantener un perfil bajo mientras ofrece el m\u00e1ximo espacio y organizaci\u00f3n. Abre el bolsillo superior para acceder a dos portacargadores y otras caracter\u00edsticas de organizaci\u00f3n peque\u00f1as. Dentro, encontrar\u00e1s un separador de documentos perfecto para una iPad, computadora port\u00e1til o incluso un rifle de ca\u00f1\u00f3n corto.<\/p>\n<p>La parte delantera de la mochila presenta un bolsillo extra grande para acceso r\u00e1pido a tus art\u00edculos importantes. A cada lado hay un par de bolsillos con cord\u00f3n para portavasos, as\u00ed como un bolsillo lateral con cremallera plana. La mochila tambi\u00e9n cuenta con un bolsillo oculto de apertura magn\u00e9tica para el transporte de armas de fuego de forma discreta.<\/p>\n<p>Con un volumen total de 1,785 pulgadas c\u00fabicas (29.3L) y un peso de solo 3.60 libras, el Switchblade\u2122 ofrece un espacio amplio y portabilidad. Las dimensiones principales de la bolsa son de 20.5 alto x 12 ancho x 8 profundidad pulgadas, lo que la convierte en una opci\u00f3n vers\u00e1til para uso diario u operaciones t\u00e1cticas.<\/p>\n<p>Las caracter\u00edsticas clave incluyen aperturas magn\u00e9ticas de tierra rara para acceso r\u00e1pido a los portacargadores de armas de fuego ocultas, cintas PALS con velcro para colocar accesorios con MOLLE o velcro, y bolsillos interiores para hidrataci\u00f3n, cargadores y organizadores de art\u00edculos peque\u00f1os. La arn\u00e9s desmontable y la compatibilidad con cintur\u00f3n agregan versatilidad a la mochila.<\/p>\n<p>El Switchblade\u2122 tambi\u00e9n cuenta con la nueva cinta MOLLE-10, que ofrece un ahorro de peso del 60% sobre las matrices MOLLE est\u00e1ndar de 25 mm, y un soporte de pistola oculto ambidiestro adecuado para la mayor\u00eda de las pistolas, incluidas las autom\u00e1ticas de tama\u00f1o completo. Para protecci\u00f3n contra el clima, usa nuestra Funda de Lluvia Reversible Peque\u00f1a.<\/p>\n","protected":false},"excerpt":{"rendered":"<p>El Switchblade\u2122 mantiene un perfil bajo, con espacio y organizaci\u00f3n m\u00e1ximos. Abre el bolsillo superior y encontrar\u00e1s dos portarevistas y otras caracter\u00edsticas peque\u00f1as de organizaci\u00f3n. Dentro encontrar\u00e1s un separador de documentos para un iPad, computadora port\u00e1til o incluso un rifle de ca\u00f1\u00f3n corto. La parte delantera del paquete tiene un bolsillo extra grande para acceso r\u00e1pido a tus art\u00edculos importantes. A cada lado hay un par de bolsillos con cord\u00f3n para portatazas, as\u00ed como un bolsillo plano con cremallera lateral. Tambi\u00e9n tiene un bolsillo oculto, de apertura magn\u00e9tica, de acceso r\u00e1pido para CCW.<\/p>\n","protected":false},"featured_media":704693,"template":"","meta":{"_acf_changed":false},"product_brand":[15159],"product_cat":[12223],"product_tag":[],"class_list":{"0":"post-704617","1":"product","2":"type-product","3":"status-publish","4":"has-post-thumbnail","6":"product_brand-eberlestock","7":"product_cat-mochilas","9":"first","10":"instock","11":"taxable","12":"shipping-taxable","13":"purchasable","14":"product-type-variable","15":"wvs-archive-product-wrapper"},"acf":[],"_links":{"self":[{"href":"https:\/\/nbg.eu\/es\/wp-json\/wp\/v2\/product\/704617","targetHints":{"allow":["GET"]}}],"collection":[{"href":"https:\/\/nbg.eu\/es\/wp-json\/wp\/v2\/product"}],"about":[{"href":"https:\/\/nbg.eu\/es\/wp-json\/wp\/v2\/types\/product"}],"wp:featuredmedia":[{"embeddable":true,"href":"https:\/\/nbg.eu\/es\/wp-json\/wp\/v2\/media\/704693"}],"wp:attachment":[{"href":"https:\/\/nbg.eu\/es\/wp-json\/wp\/v2\/media?parent=704617"}],"wp:term":[{"taxonomy":"product_brand","embeddable":true,"href":"https:\/\/nbg.eu\/es\/wp-json\/wp\/v2\/product_brand?post=704617"},{"taxonomy":"product_cat","embeddable":true,"href":"https:\/\/nbg.eu\/es\/wp-json\/wp\/v2\/product_cat?post=704617"},{"taxonomy":"product_tag","embeddable":true,"href":"https:\/\/nbg.eu\/es\/wp-json\/wp\/v2\/product_tag?post=704617"}],"curies":[{"name":"wp","href":"https:\/\/api.w.org\/{rel}","templated":true}]}}