{"id":720001,"date":"2024-08-17T16:59:32","date_gmt":"2024-08-17T13:59:32","guid":{"rendered":"https:\/\/nbg.eu\/product\/grips-kmr-l-modular-papel-de-lija-corto-para-orca-emiq-titan\/"},"modified":"2026-04-16T19:10:31","modified_gmt":"2026-04-16T16:10:31","slug":"grips-kmr-l-modular-papel-de-lija-corto-para-orca-emiq-titan","status":"publish","type":"product","link":"https:\/\/nbg.eu\/es\/producto\/grips-kmr-l-modular-papel-de-lija-corto-para-orca-emiq-titan\/","title":{"rendered":"KMR Empu\u00f1aduras L Modular Sandpaper Cortas para Orca, EMIQ Titanio"},"content":{"rendered":"<h2>Grips KMR L Modular Sandpaper Short para Orca, Emiq Titan<\/h2>\n<p>Mejora tu experiencia de tiro con el Grips KMR L Modular Sandpaper Short para Orca y Emiq Titan. Elaborado con duralumin anodizado de primera calidad, este grip ofrece una durabilidad sin igual y una est\u00e9tica elegante y moderna. Dise\u00f1ado para su uso con una gu\u00eda de cargador, la longitud corta proporciona un mayor control y maniobrabilidad, convirti\u00e9ndolo en la opci\u00f3n perfecta para una amplia gama de aplicaciones de tiro.<\/p>\n<p>El dise\u00f1o modular permite una f\u00e1cil personalizaci\u00f3n, lo que te permite adaptar el grip a tus necesidades espec\u00edficas. Con una textura similar al papel de lija, este grip proporciona un agarre seguro y confiable, asegurando una estabilidad y control \u00f3ptimos durante tus sesiones de tiro. Los tornillos Torx incluidos facilitan la instalaci\u00f3n, lo que te permite integrar el grip de manera fluida con tu plataforma Orca o Emiq Titan.<\/p>\n<p>Mejora tu experiencia de tiro con el Grips KMR L Modular Sandpaper Short. Elaborado con precisi\u00f3n y atenci\u00f3n al detalle, este grip es un accesorio imprescindible para cualquier tirador serio. Actualiza tu configuraci\u00f3n hoy y experimenta la diferencia que puede hacer una calidad y un dise\u00f1o superiores.<\/p>\n","protected":false},"excerpt":{"rendered":"<p>Empu\u00f1aduras KMR L Modular Lija Corta Para Orca, Emiq Titan. Duraluminio anodizado, con gu\u00eda de cargador, tornillos Torx, logotipo KMR.<\/p>\n","protected":false},"featured_media":720018,"template":"","meta":{"_acf_changed":false},"product_brand":[11503],"product_cat":[12229,14880],"product_tag":[],"class_list":{"0":"post-720001","1":"product","2":"type-product","3":"status-publish","4":"has-post-thumbnail","6":"product_brand-kmr-precision","7":"product_cat-piezas-kmr","8":"product_cat-pistol-grips-es","10":"first","11":"instock","12":"taxable","13":"shipping-taxable","14":"product-type-simple"},"acf":[],"_links":{"self":[{"href":"https:\/\/nbg.eu\/es\/wp-json\/wp\/v2\/product\/720001","targetHints":{"allow":["GET"]}}],"collection":[{"href":"https:\/\/nbg.eu\/es\/wp-json\/wp\/v2\/product"}],"about":[{"href":"https:\/\/nbg.eu\/es\/wp-json\/wp\/v2\/types\/product"}],"wp:featuredmedia":[{"embeddable":true,"href":"https:\/\/nbg.eu\/es\/wp-json\/wp\/v2\/media\/720018"}],"wp:attachment":[{"href":"https:\/\/nbg.eu\/es\/wp-json\/wp\/v2\/media?parent=720001"}],"wp:term":[{"taxonomy":"product_brand","embeddable":true,"href":"https:\/\/nbg.eu\/es\/wp-json\/wp\/v2\/product_brand?post=720001"},{"taxonomy":"product_cat","embeddable":true,"href":"https:\/\/nbg.eu\/es\/wp-json\/wp\/v2\/product_cat?post=720001"},{"taxonomy":"product_tag","embeddable":true,"href":"https:\/\/nbg.eu\/es\/wp-json\/wp\/v2\/product_tag?post=720001"}],"curies":[{"name":"wp","href":"https:\/\/api.w.org\/{rel}","templated":true}]}}