{"id":721325,"date":"2026-01-19T18:48:08","date_gmt":"2026-01-19T15:48:08","guid":{"rendered":"https:\/\/nbg.eu\/product\/rh-crocy-gizmo-adaptador\/"},"modified":"2026-02-27T16:26:06","modified_gmt":"2026-02-27T13:26:06","slug":"rh-crocy-gizmo-adaptador","status":"publish","type":"product","link":"https:\/\/nbg.eu\/es\/producto\/rh-crocy-gizmo-adaptador\/","title":{"rendered":"RH Crocy Gizmo adaptador"},"content":{"rendered":"<h2>RH Crocy Gizmo adaptador<\/h2>\n<p>El Crocy Gizmo es una pieza de conexi\u00f3n dise\u00f1ada para el sistema de fundas RH Crocy AIWB. Permite fijar un portacargador directamente a la funda para una configuraci\u00f3n completa de porte AIWB.<\/p>\n<h3>Caracter\u00edsticas principales:<\/h3>\n<ul>\n<li>Conecta el portacargador Crocy con la funda Crocy AIWB<\/li>\n<li>Construcci\u00f3n en Kydex para durabilidad<\/li>\n<li>Permite configuraci\u00f3n AIWB modular<\/li>\n<li>Ligero y perfil bajo<\/li>\n<\/ul>\n","protected":false},"excerpt":{"rendered":"<p>RH Crocy Gizmo: Pieza de conexi\u00f3n para fijar un portacargador a la funda Crocy AIWB.<\/p>\n","protected":false},"featured_media":721326,"template":"","meta":{"_acf_changed":false},"product_brand":[11650],"product_cat":[12260],"product_tag":[],"class_list":{"0":"post-721325","1":"product","2":"type-product","3":"status-publish","4":"has-post-thumbnail","6":"product_brand-rh-holsters","7":"product_cat-accesorios-para-fundas","9":"first","10":"instock","11":"taxable","12":"shipping-taxable","13":"purchasable","14":"product-type-simple"},"acf":[],"_links":{"self":[{"href":"https:\/\/nbg.eu\/es\/wp-json\/wp\/v2\/product\/721325","targetHints":{"allow":["GET"]}}],"collection":[{"href":"https:\/\/nbg.eu\/es\/wp-json\/wp\/v2\/product"}],"about":[{"href":"https:\/\/nbg.eu\/es\/wp-json\/wp\/v2\/types\/product"}],"wp:featuredmedia":[{"embeddable":true,"href":"https:\/\/nbg.eu\/es\/wp-json\/wp\/v2\/media\/721326"}],"wp:attachment":[{"href":"https:\/\/nbg.eu\/es\/wp-json\/wp\/v2\/media?parent=721325"}],"wp:term":[{"taxonomy":"product_brand","embeddable":true,"href":"https:\/\/nbg.eu\/es\/wp-json\/wp\/v2\/product_brand?post=721325"},{"taxonomy":"product_cat","embeddable":true,"href":"https:\/\/nbg.eu\/es\/wp-json\/wp\/v2\/product_cat?post=721325"},{"taxonomy":"product_tag","embeddable":true,"href":"https:\/\/nbg.eu\/es\/wp-json\/wp\/v2\/product_tag?post=721325"}],"curies":[{"name":"wp","href":"https:\/\/api.w.org\/{rel}","templated":true}]}}