{"id":724272,"date":"2026-03-10T16:14:33","date_gmt":"2026-03-10T13:14:33","guid":{"rendered":"https:\/\/nbg.eu\/product\/area-419-can-koozie-funda-clip-on-para-vision-nocturna\/"},"modified":"2026-03-10T17:17:49","modified_gmt":"2026-03-10T14:17:49","slug":"area-419-can-koozie-funda-clip-on-para-vision-nocturna","status":"publish","type":"product","link":"https:\/\/nbg.eu\/es\/producto\/area-419-can-koozie-funda-clip-on-para-vision-nocturna\/","title":{"rendered":"Area 419 Can Koozie \/ Funda Clip-on para Visi\u00f3n Nocturna"},"content":{"rendered":"<h2>Area 419 Can Koozie \/ Parasol Clip-on para Visi\u00f3n Nocturna<\/h2>\n<p>Dise\u00f1ado por Area 419, este parasol de neopreno cumple un prop\u00f3sito t\u00e1ctico: eng\u00e1nchelo en el extremo del objetivo de la \u00f3ptica para cubrir el hueco entre la \u00f3ptica y el dispositivo clip-on de visi\u00f3n nocturna, bloqueando polvo y luz par\u00e1sita.<\/p>\n<h3>Parasol Clip-on para Visi\u00f3n Nocturna<\/h3>\n<p>El parasol se estira sobre el objetivo de la \u00f3ptica y proporciona un puente ce\u00f1ido y estanco a la luz para su dispositivo NV clip-on \u2014 eliminando el hueco que deja entrar luz ambiente y polvo. Los tiradores tambi\u00e9n lo usan como parasol eficaz contra el deslumbramiento del objetivo, sin cintas de Velcro ni accesorios voluminosos.<\/p>\n<h3>Especificaciones<\/h3>\n<table>\n<tbody>\n<tr>\n<td><strong>Material<\/strong><\/td>\n<td>Neoprene<\/td>\n<\/tr>\n<tr>\n<td><strong>Peso<\/strong><\/td>\n<td>0.1 lbs<\/td>\n<\/tr>\n<tr>\n<td><strong>Dimensiones<\/strong><\/td>\n<td>2 x 2 x 0.5 in<\/td>\n<\/tr>\n<tr>\n<td><strong>Fabricado en<\/strong><\/td>\n<td>EE.UU.<\/td>\n<\/tr>\n<\/tbody>\n<\/table>\n","protected":false},"excerpt":{"rendered":"<p>Parasol clip-on de neopreno dise\u00f1ado para cubrir el hueco entre el objetivo de la \u00f3ptica y un dispositivo clip-on de visi\u00f3n nocturna. Bloquea polvo, luz par\u00e1sita y elimina el deslumbramiento del objetivo. Funciona tambi\u00e9n como parasol eficaz para tiro diurno.<\/p>\n","protected":false},"featured_media":724273,"template":"","meta":{"_acf_changed":false},"product_brand":[11050],"product_cat":[12255,12287],"product_tag":[],"class_list":{"0":"post-724272","1":"product","2":"type-product","3":"status-publish","4":"has-post-thumbnail","6":"product_brand-area-419","7":"product_cat-accesorios-de-apuntado","8":"product_cat-equipo","10":"first","11":"instock","12":"taxable","13":"shipping-taxable","14":"purchasable","15":"product-type-simple"},"acf":[],"_links":{"self":[{"href":"https:\/\/nbg.eu\/es\/wp-json\/wp\/v2\/product\/724272","targetHints":{"allow":["GET"]}}],"collection":[{"href":"https:\/\/nbg.eu\/es\/wp-json\/wp\/v2\/product"}],"about":[{"href":"https:\/\/nbg.eu\/es\/wp-json\/wp\/v2\/types\/product"}],"wp:featuredmedia":[{"embeddable":true,"href":"https:\/\/nbg.eu\/es\/wp-json\/wp\/v2\/media\/724273"}],"wp:attachment":[{"href":"https:\/\/nbg.eu\/es\/wp-json\/wp\/v2\/media?parent=724272"}],"wp:term":[{"taxonomy":"product_brand","embeddable":true,"href":"https:\/\/nbg.eu\/es\/wp-json\/wp\/v2\/product_brand?post=724272"},{"taxonomy":"product_cat","embeddable":true,"href":"https:\/\/nbg.eu\/es\/wp-json\/wp\/v2\/product_cat?post=724272"},{"taxonomy":"product_tag","embeddable":true,"href":"https:\/\/nbg.eu\/es\/wp-json\/wp\/v2\/product_tag?post=724272"}],"curies":[{"name":"wp","href":"https:\/\/api.w.org\/{rel}","templated":true}]}}