{"id":724281,"date":"2026-03-10T16:14:51","date_gmt":"2026-03-10T13:14:51","guid":{"rendered":"https:\/\/nbg.eu\/product\/area-419-tikka-t1x-rail-para-visor-mejorado\/"},"modified":"2026-03-11T13:20:32","modified_gmt":"2026-03-11T10:20:32","slug":"area-419-tikka-t1x-rail-para-visor-mejorado","status":"publish","type":"product","link":"https:\/\/nbg.eu\/es\/producto\/area-419-tikka-t1x-rail-para-visor-mejorado\/","title":{"rendered":"Area 419 Tikka T1X Ra\u00edl para Visor Mejorado"},"content":{"rendered":"<h2>Area 419 Tikka T1X Ra\u00edl para Visor Mejorado<\/h2>\n<p>El Area 419 Tikka T1X Improved Scope Rail es un ra\u00edl Picatinny mecanizado con precisi\u00f3n, dise\u00f1ado para ofrecer la m\u00e1xima exactitud y fiabilidad en su rifle Tikka T1X rimfire. Mecanizado en aluminio 7075 en un HAAS VMC de 4 ejes, garantiza una compatibilidad impecable y una geometr\u00eda perfecta para cualquier aplicaci\u00f3n a larga distancia.<\/p>\n<h3>Mecanizado de Precisi\u00f3n, Cero Compromisos<\/h3>\n<p>Todas las esquinas del ra\u00edl est\u00e1n redondeadas y los bordes afilados achaflanados \u2014 ning\u00fan punto cortante. Las ranuras MIL-STD-1913 Picatinny est\u00e1n redondeadas entre los slots para un contacto impecable con la base del visor y m\u00e1xima comodidad durante la manipulaci\u00f3n.<\/p>\n<h3>Instalaci\u00f3n Infalible<\/h3>\n<p>Todos los tornillos son T10 Torx id\u00e9nticos de la misma longitud \u2014 sin conjeturas y sin errores en la instalaci\u00f3n. El \u00e1ngulo MOA est\u00e1 garantizado conforme a la especificaci\u00f3n gracias a la fijaci\u00f3n avanzada durante el mecanizado.<\/p>\n<h3>Especificaciones<\/h3>\n<table>\n<tbody>\n<tr>\n<td><strong>Material<\/strong><\/td>\n<td>7075 Aluminum<\/td>\n<\/tr>\n<tr>\n<td><strong>Acabado<\/strong><\/td>\n<td>Type III Hardcoat Black Anodize<\/td>\n<\/tr>\n<tr>\n<td><strong>Est\u00e1ndar<\/strong><\/td>\n<td>MIL-STD-1913 Picatinny<\/td>\n<\/tr>\n<tr>\n<td><strong>Compatibilidad<\/strong><\/td>\n<td>Tikka T1X<\/td>\n<\/tr>\n<tr>\n<td><strong>Tornillos<\/strong><\/td>\n<td>T10 Torx<\/td>\n<\/tr>\n<tr>\n<td><strong>Par de apriete<\/strong><\/td>\n<td>15 in\/lb<\/td>\n<\/tr>\n<tr>\n<td><strong>Peso<\/strong><\/td>\n<td>0.2 lbs<\/td>\n<\/tr>\n<tr>\n<td><strong>Dimensiones<\/strong><\/td>\n<td>8.25 x 1 x 1 in<\/td>\n<\/tr>\n<tr>\n<td><strong>Fabricado en<\/strong><\/td>\n<td>EE.UU.<\/td>\n<\/tr>\n<\/tbody>\n<\/table>\n","protected":false},"excerpt":{"rendered":"<p>Ra\u00edl para visor MIL-STD-1913 Picatinny mecanizado CNC, dise\u00f1ado espec\u00edficamente para el Tikka T1X. Mecanizado en aluminio 7075 en un HAAS VMC de 4 ejes con acabado Type III Hardcoat Black Anodize. Disponible en 15 MOA y 30 MOA.<\/p>\n","protected":false},"featured_media":724282,"template":"","meta":{"_acf_changed":false},"product_brand":[11050],"product_cat":[12293,12279],"product_tag":[],"class_list":{"0":"post-724281","1":"product","2":"type-product","3":"status-publish","4":"has-post-thumbnail","6":"product_brand-area-419","7":"product_cat-rieles","8":"product_cat-rifle","10":"first","11":"instock","12":"taxable","13":"shipping-taxable","14":"purchasable","15":"product-type-variable","16":"wvs-archive-product-wrapper"},"acf":[],"_links":{"self":[{"href":"https:\/\/nbg.eu\/es\/wp-json\/wp\/v2\/product\/724281","targetHints":{"allow":["GET"]}}],"collection":[{"href":"https:\/\/nbg.eu\/es\/wp-json\/wp\/v2\/product"}],"about":[{"href":"https:\/\/nbg.eu\/es\/wp-json\/wp\/v2\/types\/product"}],"wp:featuredmedia":[{"embeddable":true,"href":"https:\/\/nbg.eu\/es\/wp-json\/wp\/v2\/media\/724282"}],"wp:attachment":[{"href":"https:\/\/nbg.eu\/es\/wp-json\/wp\/v2\/media?parent=724281"}],"wp:term":[{"taxonomy":"product_brand","embeddable":true,"href":"https:\/\/nbg.eu\/es\/wp-json\/wp\/v2\/product_brand?post=724281"},{"taxonomy":"product_cat","embeddable":true,"href":"https:\/\/nbg.eu\/es\/wp-json\/wp\/v2\/product_cat?post=724281"},{"taxonomy":"product_tag","embeddable":true,"href":"https:\/\/nbg.eu\/es\/wp-json\/wp\/v2\/product_tag?post=724281"}],"curies":[{"name":"wp","href":"https:\/\/api.w.org\/{rel}","templated":true}]}}