{"id":733011,"date":"2026-03-13T17:32:05","date_gmt":"2026-03-13T14:32:05","guid":{"rendered":"https:\/\/nbg.eu\/product\/microtech-l-u-d-t-t-e-gen-iii-black-partial-serrated-od-green\/"},"modified":"2026-03-16T13:07:53","modified_gmt":"2026-03-16T10:07:53","slug":"microtech-l-u-d-t-t-e-gen-iii-black-partial-serrated-od-green","status":"publish","type":"product","link":"https:\/\/nbg.eu\/es\/producto\/microtech-l-u-d-t-t-e-gen-iii-black-partial-serrated-od-green\/","title":{"rendered":"Microtecnolog\u00eda L.U.D.T. T\/E Gen III Negro Parcialmente Dentado OD Verde"},"content":{"rendered":"<h2>Descripci\u00f3n general<\/h2>\n<p>El Microtech L.U.D.T. Gen III es una potente plegadora autom\u00e1tica que evoca el estilo UDT cl\u00e1sico con actualizaciones revolucionarias en forma y funci\u00f3n. Esta variante OD Green presenta una hoja tanto recubierta de DLC negra con borde parcialmente dentado, forjada en acero Bohler M390MK. La iteraci\u00f3n Gen III trae de vuelta incrustaciones de mango con cinta de tracci\u00f3n 3M para un agarre \u00f3ptimo, se monta sobre 24 cojinetes de carburo de s\u00edlice para la acci\u00f3n m\u00e1s suave en su clase y utiliza tornillos Torx comunes para un f\u00e1cil mantenimiento en el campo.<\/p>\n<h3>24 rodamientos de carburo de s\u00edlice<\/h3>\n<p>El sistema de acci\u00f3n LUDT Gen III se apoya en 24 cojinetes de carburo de s\u00edlice de precisi\u00f3n, lo que brinda la acci\u00f3n plegadora autom\u00e1tica m\u00e1s suave y refinada que Microtech haya producido. El sistema de rodamientos pr\u00e1cticamente elimina la fricci\u00f3n para un despliegue ultrarr\u00e1pido.<\/p>\n<h3>Incrustaciones de cinta de tracci\u00f3n 3M<\/h3>\n<p>El retorno de las incrustaciones del mango en Gen III utiliza cinta de tracci\u00f3n 3M de grado industrial, que proporciona un agarre excepcional en condiciones h\u00famedas, aceitosas o con guantes sin agregar volumen al perfil del mango.<\/p>\n<h3>Construcci\u00f3n resistente al agua<\/h3>\n<p>Dise\u00f1ado espec\u00edficamente para entornos hostiles, el LUDT Gen III presenta una construcci\u00f3n sellada contra la intemperie que resiste la intrusi\u00f3n de humedad, lo que lo hace confiable en lluvia, nieve y entornos marinos.<\/p>\n<h3>Componentes Premium<\/h3>\n<ul>\n<li>Hoja tanto Bohler M390MK<\/li>\n<li>Mango de aluminio 6061-T6 con incrustaciones de cinta de tracci\u00f3n 3M<\/li>\n<li>Sistema de acci\u00f3n de cojinete de carburo de s\u00edlice 24<\/li>\n<li>Clip de bolsillo abatible<\/li>\n<li>Hardware Torx com\u00fan para un f\u00e1cil mantenimiento<\/li>\n<li>Construcci\u00f3n resistente al agua<\/li>\n<\/ul>\n<h3>Especificaciones<\/h3>\n<table class=\"atributos_tienda\">\n<tr>\n<td><strong>Tipo<\/strong><\/td>\n<td>Carpeta autom\u00e1tica<\/td>\n<\/tr>\n<tr>\n<td><strong>Longitud de la hoja<\/strong><\/td>\n<td>3,50&#8243;<\/td>\n<\/tr>\n<tr>\n<td><strong>Longitud total<\/strong><\/td>\n<td>8.00&#8243;<\/td>\n<\/tr>\n<tr>\n<td><strong>Longitud del mango<\/strong><\/td>\n<td>4.50&#8243;<\/td>\n<\/tr>\n<tr>\n<td><strong>Hoja de acero<\/strong><\/td>\n<td>Bohler M390MK<\/td>\n<\/tr>\n<tr>\n<td><strong>Material del mango<\/strong><\/td>\n<td>Aluminio 6061-T6 con incrustaciones de cinta de tracci\u00f3n 3M<\/td>\n<\/tr>\n<tr>\n<td><strong>Peso<\/strong><\/td>\n<td>3,60 onzas<\/td>\n<\/tr>\n<tr>\n<td><strong>Clip de bolsillo<\/strong><\/td>\n<td>Transporte abatible<\/td>\n<\/tr>\n<tr>\n<td><strong>Rodamientos<\/strong><\/td>\n<td>24 Carburo de s\u00edlice<\/td>\n<\/tr>\n<tr>\n<td><strong>Pa\u00eds de origen<\/strong><\/td>\n<td>EE.UU.<\/td>\n<\/tr>\n<tr>\n<td><strong>Color del mango<\/strong><\/td>\n<td>OD Verde<\/td>\n<\/tr>\n<tr>\n<td><strong>Acabado de la hoja<\/strong><\/td>\n<td>DLC negro<\/td>\n<\/tr>\n<tr>\n<td><strong>Tipo de borde<\/strong><\/td>\n<td>Parcialmente dentado<\/td>\n<\/tr>\n<\/tbody>\n","protected":false},"excerpt":{"rendered":"<p>L.U.D.T. Plegadora autom\u00e1tica Gen III en OD Green con hoja tanto DLC parcialmente dentada M390MK negra. Cuenta con 24 cojinetes de carburo de s\u00edlice e incrustaciones de cinta de tracci\u00f3n 3M. Hoja de 3,50\u2033, 8,00\u2033 en total.<\/p>\n","protected":false},"featured_media":733012,"template":"","meta":{"_acf_changed":false},"product_brand":[15532],"product_cat":[15376,15356],"product_tag":[],"class_list":{"0":"post-733011","1":"product","2":"type-product","3":"status-publish","4":"has-post-thumbnail","6":"product_brand-microtech","7":"product_cat-folding-knives-es","8":"product_cat-knives-de","10":"first","11":"instock","12":"taxable","13":"shipping-taxable","14":"purchasable","15":"product-type-simple"},"acf":[],"_links":{"self":[{"href":"https:\/\/nbg.eu\/es\/wp-json\/wp\/v2\/product\/733011","targetHints":{"allow":["GET"]}}],"collection":[{"href":"https:\/\/nbg.eu\/es\/wp-json\/wp\/v2\/product"}],"about":[{"href":"https:\/\/nbg.eu\/es\/wp-json\/wp\/v2\/types\/product"}],"wp:featuredmedia":[{"embeddable":true,"href":"https:\/\/nbg.eu\/es\/wp-json\/wp\/v2\/media\/733012"}],"wp:attachment":[{"href":"https:\/\/nbg.eu\/es\/wp-json\/wp\/v2\/media?parent=733011"}],"wp:term":[{"taxonomy":"product_brand","embeddable":true,"href":"https:\/\/nbg.eu\/es\/wp-json\/wp\/v2\/product_brand?post=733011"},{"taxonomy":"product_cat","embeddable":true,"href":"https:\/\/nbg.eu\/es\/wp-json\/wp\/v2\/product_cat?post=733011"},{"taxonomy":"product_tag","embeddable":true,"href":"https:\/\/nbg.eu\/es\/wp-json\/wp\/v2\/product_tag?post=733011"}],"curies":[{"name":"wp","href":"https:\/\/api.w.org\/{rel}","templated":true}]}}