{"id":733025,"date":"2026-03-13T17:32:28","date_gmt":"2026-03-13T14:32:28","guid":{"rendered":"https:\/\/nbg.eu\/product\/microtech-socom-elite-s-e-auto-stonewash-standard\/"},"modified":"2026-03-16T13:08:17","modified_gmt":"2026-03-16T10:08:17","slug":"microtech-socom-elite-s-e-auto-stonewash-standard","status":"publish","type":"product","link":"https:\/\/nbg.eu\/es\/producto\/microtech-socom-elite-s-e-auto-stonewash-standard\/","title":{"rendered":"Microtech Socom Elite S\/E Auto Stonewash Est\u00e1ndar"},"content":{"rendered":"<h2>Descripci\u00f3n general<\/h2>\n<p>La Microtech Socom Elite ha seguido siendo una de las navajas t\u00e1cticas plegables m\u00e1s populares desde su creaci\u00f3n en 1996, y esta variante autom\u00e1tica contin\u00faa ese legado. Con una hoja M390 con acabado lavado a la piedra y borde liso est\u00e1ndar, el mango ergon\u00f3mico de Socom Elite se amolda naturalmente a la mano, mientras que un rompevidrios integrado y un perno grande para el pulgar brindan utilidad pr\u00e1ctica y f\u00e1cil operaci\u00f3n con una sola mano, incluso con guantes.<\/p>\n<h3>Dise\u00f1o t\u00e1ctico probado<\/h3>\n<p>Desde 1996, Socom Elite se ha perfeccionado a trav\u00e9s de d\u00e9cadas de comentarios del mundo real de usuarios militares, policiales y civiles. La geometr\u00eda del mango proporciona un agarre natural y seguro que reduce la fatiga durante el uso prolongado.<\/p>\n<h3>Rompecristales integrado<\/h3>\n<p>Un rompevidrios endurecido integrado en la base del mango proporciona capacidad de escape de emergencia, lo que convierte al Socom Elite en una herramienta vers\u00e1til m\u00e1s all\u00e1 de las tareas de corte.<\/p>\n<h3>Operaci\u00f3n que requiere guantes<\/h3>\n<p>El perno para el pulgar de gran tama\u00f1o y las incrustaciones de agarre texturizadas en las escalas del mango de aluminio garantizan un control positivo y un f\u00e1cil despliegue incluso con guantes t\u00e1cticos o en condiciones de humedad.<\/p>\n<h3>Componentes Premium<\/h3>\n<ul>\n<li>Cuchilla Bohler M390<\/li>\n<li>Mango de aluminio 6061-T6 con inserciones de agarre<\/li>\n<li>Rompecristales integrado<\/li>\n<li>Perno pulgar grande para operaci\u00f3n con guantes<\/li>\n<li>Clip de bolsillo<\/li>\n<\/ul>\n<h3>Especificaciones<\/h3>\n<table class=\"atributos_tienda\">\n<tr>\n<td><strong>Tipo<\/strong><\/td>\n<td>Carpeta autom\u00e1tica<\/td>\n<\/tr>\n<tr>\n<td><strong>Longitud de la hoja<\/strong><\/td>\n<td>4,05&#8243;<\/td>\n<\/tr>\n<tr>\n<td><strong>Longitud total<\/strong><\/td>\n<td>9,17&#8243;<\/td>\n<\/tr>\n<tr>\n<td><strong>Hoja de acero<\/strong><\/td>\n<td>Bohler M390<\/td>\n<\/tr>\n<tr>\n<td><strong>Material del mango<\/strong><\/td>\n<td>Aluminio 6061-T6 (negro)<\/td>\n<\/tr>\n<tr>\n<td><strong>Peso<\/strong><\/td>\n<td>5.40 onzas<\/td>\n<\/tr>\n<tr>\n<td><strong>Estilo de hoja<\/strong><\/td>\n<td>Punto de recorte (S\/E)<\/td>\n<\/tr>\n<tr>\n<td><strong>Acabado de la hoja<\/strong><\/td>\n<td>Lavado a la piedra<\/td>\n<\/tr>\n<tr>\n<td><strong>Tipo de borde<\/strong><\/td>\n<td>Simple<\/td>\n<\/tr>\n<tr>\n<td><strong>Bloquear<\/strong><\/td>\n<td>Bloqueo de botones<\/td>\n<\/tr>\n<tr>\n<td><strong>Rompecristales<\/strong><\/td>\n<td>Integrado<\/td>\n<\/tr>\n<tr>\n<td><strong>Pa\u00eds de origen<\/strong><\/td>\n<td>EE.UU.<\/td>\n<\/tr>\n<\/tbody>\n","protected":false},"excerpt":{"rendered":"<p>Plegadora autom\u00e1tica Socom Elite con hoja con punta de clip de un solo filo M390 con acabado lavado a la piedra. Dise\u00f1o t\u00e1ctico ic\u00f3nico desde 1996 con rompecristales integrado. Hoja de 4,05\u2033, 9,17\u2033 en total, 5,4 oz.<\/p>\n","protected":false},"featured_media":733026,"template":"","meta":{"_acf_changed":false},"product_brand":[15532],"product_cat":[15376,15356],"product_tag":[],"class_list":{"0":"post-733025","1":"product","2":"type-product","3":"status-publish","4":"has-post-thumbnail","6":"product_brand-microtech","7":"product_cat-folding-knives-es","8":"product_cat-knives-de","10":"first","11":"outofstock","12":"taxable","13":"shipping-taxable","14":"purchasable","15":"product-type-simple"},"acf":[],"_links":{"self":[{"href":"https:\/\/nbg.eu\/es\/wp-json\/wp\/v2\/product\/733025","targetHints":{"allow":["GET"]}}],"collection":[{"href":"https:\/\/nbg.eu\/es\/wp-json\/wp\/v2\/product"}],"about":[{"href":"https:\/\/nbg.eu\/es\/wp-json\/wp\/v2\/types\/product"}],"wp:featuredmedia":[{"embeddable":true,"href":"https:\/\/nbg.eu\/es\/wp-json\/wp\/v2\/media\/733026"}],"wp:attachment":[{"href":"https:\/\/nbg.eu\/es\/wp-json\/wp\/v2\/media?parent=733025"}],"wp:term":[{"taxonomy":"product_brand","embeddable":true,"href":"https:\/\/nbg.eu\/es\/wp-json\/wp\/v2\/product_brand?post=733025"},{"taxonomy":"product_cat","embeddable":true,"href":"https:\/\/nbg.eu\/es\/wp-json\/wp\/v2\/product_cat?post=733025"},{"taxonomy":"product_tag","embeddable":true,"href":"https:\/\/nbg.eu\/es\/wp-json\/wp\/v2\/product_tag?post=733025"}],"curies":[{"name":"wp","href":"https:\/\/api.w.org\/{rel}","templated":true}]}}