{"id":733041,"date":"2026-03-13T17:33:03","date_gmt":"2026-03-13T14:33:03","guid":{"rendered":"https:\/\/nbg.eu\/product\/microtech-amphibian-ram-lok-s-e-fluted-partial-serrated-tan\/"},"modified":"2026-03-16T13:08:41","modified_gmt":"2026-03-16T10:08:41","slug":"microtech-amphibian-ram-lok-s-e-fluted-partial-serrated-tan","status":"publish","type":"product","link":"https:\/\/nbg.eu\/es\/producto\/microtech-amphibian-ram-lok-s-e-fluted-partial-serrated-tan\/","title":{"rendered":"Microtech Anfibio RAM-LOK S\/E Estriado Parcialmente Serrado Bronceado"},"content":{"rendered":"<h2>Descripci\u00f3n general<\/h2>\n<p>El Microtech Amphibian RAM-LOK recupera el perfil cl\u00e1sico de la hoja Amphibian, una vez aclamado como el mejor cuchillo EDC jam\u00e1s producido por Microtech, con el moderno mecanismo de bloqueo de barra RAM-LOK. Esta variante Tan presenta una hoja de un solo filo parcialmente dentada recubierta de DLC negro en acero Bohler M390MK, engarzada en un hermoso mango de aluminio acanalado. El sistema RAM-LOK proporciona un bloqueo estilo barra transversal que utiliza una pieza de acero s\u00f3lido impulsada por un solo resorte en espiral, lo que brinda un bloqueo s\u00f3lido como una roca con cierre ambidiestro seguro para los dedos.<\/p>\n<h3>Sistema de bloqueo de barra RAM-LOK<\/h3>\n<p>El RAM-LOK utiliza una barra transversal de acero s\u00f3lido impulsada por un solo resorte en espiral, lo que proporciona uno de los mecanismos de bloqueo m\u00e1s fuertes y confiables disponibles. El dise\u00f1o permite un cierre seguro para los dedos desde cualquier lado del mango para operaci\u00f3n ambidiestra.<\/p>\n<h3>Perfil de hoja anfibia cl\u00e1sica<\/h3>\n<p>La geometr\u00eda distintiva de la hoja del Amphibian ha sido un \u00edcono de Microtech, dise\u00f1ada para un rendimiento de corte vers\u00e1til que sobresale tanto en tareas de precisi\u00f3n como en aplicaciones m\u00e1s exigentes.<\/p>\n<h3>Construcci\u00f3n de aluminio estriado<\/h3>\n<p>El mango de aluminio 6061-T6 estriado con precisi\u00f3n reduce el peso al mismo tiempo que crea un patr\u00f3n visualmente llamativo y proporciona una textura de agarre adicional. La anodizaci\u00f3n Tan a\u00f1ade una est\u00e9tica c\u00e1lida y t\u00e1ctica.<\/p>\n<h3>Componentes Premium<\/h3>\n<ul>\n<li>Hoja de un solo filo Bohler M390MK con revestimiento DLC<\/li>\n<li>Mango estriado de aluminio 6061-T6 (bronceado)<\/li>\n<li>Mecanismo de bloqueo de barra transversal RAM-LOK<\/li>\n<li>Clip de bolsillo reversible de titanio<\/li>\n<li>Configuraci\u00f3n de transporte abatible<\/li>\n<\/ul>\n<h3>Especificaciones<\/h3>\n<table class=\"atributos_tienda\">\n<tr>\n<td><strong>Tipo<\/strong><\/td>\n<td>Carpeta Manual<\/td>\n<\/tr>\n<tr>\n<td><strong>Longitud de la hoja<\/strong><\/td>\n<td>3,90&#8243;<\/td>\n<\/tr>\n<tr>\n<td><strong>Longitud total<\/strong><\/td>\n<td>9,25&#8243;<\/td>\n<\/tr>\n<tr>\n<td><strong>Longitud cerrada<\/strong><\/td>\n<td>5,38&#8243;<\/td>\n<\/tr>\n<tr>\n<td><strong>Hoja de acero<\/strong><\/td>\n<td>Bohler M390MK<\/td>\n<\/tr>\n<tr>\n<td><strong>Material del mango<\/strong><\/td>\n<td>Aluminio 6061-T6, estriado (tostado)<\/td>\n<\/tr>\n<tr>\n<td><strong>Peso<\/strong><\/td>\n<td>5.90 onzas<\/td>\n<\/tr>\n<tr>\n<td><strong>Bloquear<\/strong><\/td>\n<td>Bloqueo de barra RAM-LOK<\/td>\n<\/tr>\n<tr>\n<td><strong>Estilo de hoja<\/strong><\/td>\n<td>Filo \u00fanico (S\/E)<\/td>\n<\/tr>\n<tr>\n<td><strong>Acabado de la hoja<\/strong><\/td>\n<td>DLC negro<\/td>\n<\/tr>\n<tr>\n<td><strong>Tipo de borde<\/strong><\/td>\n<td>Parcialmente dentado<\/td>\n<\/tr>\n<tr>\n<td><strong>Clip de bolsillo<\/strong><\/td>\n<td>Titanio reversible, abatible<\/td>\n<\/tr>\n<tr>\n<td><strong>Pa\u00eds de origen<\/strong><\/td>\n<td>EE.UU.<\/td>\n<\/tr>\n<\/tbody>\n","protected":false},"excerpt":{"rendered":"<p>Carpeta manual anfibia RAM-LOK en color tostado con hoja negra DLC parcialmente dentada M390MK de un solo filo. Tirador de aluminio estriado con cerradura de barra RAM-LOK. Hoja de 3,90\u2033, 9,25\u2033 en total, 5,9 oz.<\/p>\n","protected":false},"featured_media":733042,"template":"","meta":{"_acf_changed":false},"product_brand":[15532],"product_cat":[15376,15356],"product_tag":[],"class_list":{"0":"post-733041","1":"product","2":"type-product","3":"status-publish","4":"has-post-thumbnail","6":"product_brand-microtech","7":"product_cat-folding-knives-es","8":"product_cat-knives-de","10":"first","11":"instock","12":"taxable","13":"shipping-taxable","14":"purchasable","15":"product-type-simple"},"acf":[],"_links":{"self":[{"href":"https:\/\/nbg.eu\/es\/wp-json\/wp\/v2\/product\/733041","targetHints":{"allow":["GET"]}}],"collection":[{"href":"https:\/\/nbg.eu\/es\/wp-json\/wp\/v2\/product"}],"about":[{"href":"https:\/\/nbg.eu\/es\/wp-json\/wp\/v2\/types\/product"}],"wp:featuredmedia":[{"embeddable":true,"href":"https:\/\/nbg.eu\/es\/wp-json\/wp\/v2\/media\/733042"}],"wp:attachment":[{"href":"https:\/\/nbg.eu\/es\/wp-json\/wp\/v2\/media?parent=733041"}],"wp:term":[{"taxonomy":"product_brand","embeddable":true,"href":"https:\/\/nbg.eu\/es\/wp-json\/wp\/v2\/product_brand?post=733041"},{"taxonomy":"product_cat","embeddable":true,"href":"https:\/\/nbg.eu\/es\/wp-json\/wp\/v2\/product_cat?post=733041"},{"taxonomy":"product_tag","embeddable":true,"href":"https:\/\/nbg.eu\/es\/wp-json\/wp\/v2\/product_tag?post=733041"}],"curies":[{"name":"wp","href":"https:\/\/api.w.org\/{rel}","templated":true}]}}