{"id":733045,"date":"2026-03-13T17:33:09","date_gmt":"2026-03-13T14:33:09","guid":{"rendered":"https:\/\/nbg.eu\/product\/microtech-msi-s-e-black-standard-frag-aluminum-od-green\/"},"modified":"2026-03-16T13:08:47","modified_gmt":"2026-03-16T10:08:47","slug":"microtech-msi-s-e-black-standard-frag-aluminum-od-green","status":"publish","type":"product","link":"https:\/\/nbg.eu\/es\/producto\/microtech-msi-s-e-black-standard-frag-aluminum-od-green\/","title":{"rendered":"Microtech MSI S\/E Negro Est\u00e1ndar Frag Aluminio OD Verde"},"content":{"rendered":"<h2>Descripci\u00f3n general<\/h2>\n<p>La Microtech MSI (Microtech Standard Issue) representa el pin\u00e1culo de la ingenier\u00eda de plegadoras manuales de Microtech, combinando una utilidad de servicio pesado con un dise\u00f1o refinado. Esta variante OD Green Frag presenta una hoja de un solo filo M390MK negra de dos tonos en un mango de aluminio distintivo con patr\u00f3n de fragmentos que brinda distinci\u00f3n visual y una textura de agarre mejorada. El mecanismo de bloqueo de barra RAM-LOK ofrece un bloqueo s\u00f3lido como una roca con cierre ambidiestro seguro para los dedos, mientras que el ic\u00f3nico bot\u00f3n X en ambos lados agrega un toque Microtech caracter\u00edstico.<\/p>\n<h3>Sistema de bloqueo de barra RAM-LOK<\/h3>\n<p>Un sistema de bloqueo estilo barra transversal que utiliza un tocho de acero s\u00f3lido accionado por un solo resorte en espiral, que proporciona mayor durabilidad y una manera segura de cerrar el cuchillo desde cualquier lado. El RAM-LOK es uno de los mecanismos de bloqueo manual de carpetas m\u00e1s fuertes y confiables disponibles.<\/p>\n<h3>Mango de aluminio con dise\u00f1o de fragmentos<\/h3>\n<p>El agresivo patr\u00f3n de fresado de fragmentos mecanizado en el mango de aluminio 6061-T6 crea una est\u00e9tica t\u00e1ctica distintiva y una mejora de agarre funcional. Las placas de revestimiento de acero endurecido a\u00f1aden rigidez estructural.<\/p>\n<h3>Bot\u00f3n X ic\u00f3nico<\/h3>\n<p>El bot\u00f3n X caracter\u00edstico de MSI en ambos lados del mango proporciona un elemento visual distintivo al mismo tiempo que sirve como punto de referencia t\u00e1ctil para la orientaci\u00f3n del agarre.<\/p>\n<h3>Componentes Premium<\/h3>\n<ul>\n<li>Cuchilla de un solo filo Bohler M390MK<\/li>\n<li>Mango de aluminio OD Green 6061-T6 con dise\u00f1o de fragmentos<\/li>\n<li>Placas de revestimiento de acero endurecido<\/li>\n<li>Mecanismo de bloqueo de barra transversal RAM-LOK<\/li>\n<li>Retroceso de titanio<\/li>\n<li>Clip de bolsillo reversible para llevar en la mano izquierda<\/li>\n<li>Bot\u00f3n X ic\u00f3nico (ambos lados)<\/li>\n<\/ul>\n<h3>Especificaciones<\/h3>\n<table class=\"atributos_tienda\">\n<tr>\n<td><strong>Tipo<\/strong><\/td>\n<td>Carpeta Manual<\/td>\n<\/tr>\n<tr>\n<td><strong>Longitud de la hoja<\/strong><\/td>\n<td>3,88&#8243;<\/td>\n<\/tr>\n<tr>\n<td><strong>Longitud total<\/strong><\/td>\n<td>8,93&#8243;<\/td>\n<\/tr>\n<tr>\n<td><strong>Grosor de la hoja<\/strong><\/td>\n<td>0,16&#8243;<\/td>\n<\/tr>\n<tr>\n<td><strong>Hoja de acero<\/strong><\/td>\n<td>Bohler M390MK<\/td>\n<\/tr>\n<tr>\n<td><strong>Material del mango<\/strong><\/td>\n<td>Aluminio 6061-T6, patr\u00f3n de fragmentaci\u00f3n (OD verde)<\/td>\n<\/tr>\n<tr>\n<td><strong>Peso<\/strong><\/td>\n<td>5.00 onzas<\/td>\n<\/tr>\n<tr>\n<td><strong>Bloquear<\/strong><\/td>\n<td>Bloqueo de barra RAM-LOK<\/td>\n<\/tr>\n<tr>\n<td><strong>Estilo de hoja<\/strong><\/td>\n<td>Filo \u00fanico (S\/E)<\/td>\n<\/tr>\n<tr>\n<td><strong>Acabado de la hoja<\/strong><\/td>\n<td>Negro (dos tonos)<\/td>\n<\/tr>\n<tr>\n<td><strong>Tipo de borde<\/strong><\/td>\n<td>Simple<\/td>\n<\/tr>\n<tr>\n<td><strong>Pa\u00eds de origen<\/strong><\/td>\n<td>EE.UU.<\/td>\n<\/tr>\n<\/tbody>\n","protected":false},"excerpt":{"rendered":"<p>Carpeta manual MSI (Microtech Standard Issue) en aluminio OD Green Frag con hoja de un solo filo M390MK bicolor negro. Cerradura de barra RAM-LOK con el ic\u00f3nico bot\u00f3n X. Hoja de 3,88\u2033, 8,93\u2033 en total, 5,0 oz.<\/p>\n","protected":false},"featured_media":733046,"template":"","meta":{"_acf_changed":false},"product_brand":[15532],"product_cat":[15376,15356],"product_tag":[],"class_list":{"0":"post-733045","1":"product","2":"type-product","3":"status-publish","4":"has-post-thumbnail","6":"product_brand-microtech","7":"product_cat-folding-knives-es","8":"product_cat-knives-de","10":"first","11":"instock","12":"taxable","13":"shipping-taxable","14":"purchasable","15":"product-type-simple"},"acf":[],"_links":{"self":[{"href":"https:\/\/nbg.eu\/es\/wp-json\/wp\/v2\/product\/733045","targetHints":{"allow":["GET"]}}],"collection":[{"href":"https:\/\/nbg.eu\/es\/wp-json\/wp\/v2\/product"}],"about":[{"href":"https:\/\/nbg.eu\/es\/wp-json\/wp\/v2\/types\/product"}],"wp:featuredmedia":[{"embeddable":true,"href":"https:\/\/nbg.eu\/es\/wp-json\/wp\/v2\/media\/733046"}],"wp:attachment":[{"href":"https:\/\/nbg.eu\/es\/wp-json\/wp\/v2\/media?parent=733045"}],"wp:term":[{"taxonomy":"product_brand","embeddable":true,"href":"https:\/\/nbg.eu\/es\/wp-json\/wp\/v2\/product_brand?post=733045"},{"taxonomy":"product_cat","embeddable":true,"href":"https:\/\/nbg.eu\/es\/wp-json\/wp\/v2\/product_cat?post=733045"},{"taxonomy":"product_tag","embeddable":true,"href":"https:\/\/nbg.eu\/es\/wp-json\/wp\/v2\/product_tag?post=733045"}],"curies":[{"name":"wp","href":"https:\/\/api.w.org\/{rel}","templated":true}]}}