{"id":733049,"date":"2026-03-13T17:33:16","date_gmt":"2026-03-13T14:33:16","guid":{"rendered":"https:\/\/nbg.eu\/product\/microtech-dirac-delta-d-e-dlc-shadow-signature-series\/"},"modified":"2026-03-30T15:46:52","modified_gmt":"2026-03-30T12:46:52","slug":"microtech-dirac-delta-d-e-dlc-shadow-signature-series","status":"publish","type":"product","link":"https:\/\/nbg.eu\/es\/producto\/microtech-dirac-delta-d-e-dlc-shadow-signature-series\/","title":{"rendered":"Serie Microtech Dirac Delta D\/E DLC Shadow Signature"},"content":{"rendered":"<h2>Descripci\u00f3n general<\/h2>\n<p>El Microtech Dirac Delta D\/E DLC Shadow es una variante de la serie Signature del innovador OTF autom\u00e1tico de alto rendimiento de Microtech. Siguiendo el modelo del pionero Dirac, el Delta tiene el mismo chasis ergon\u00f3mico y mecanismo interno innovador en un tama\u00f1o m\u00e1s robusto, con esta edici\u00f3n Shadow que presenta un recubrimiento completo de DLC (carbono tipo diamante) en la hoja de la daga M390MK, mango de aluminio, herrajes y clip de bolsillo. El bot\u00f3n de disparo definitorio montado en la parte superior permite el despliegue y retracci\u00f3n intuitivo y ambidiestro de la hoja con un movimiento natural del pulgar.<\/p>\n<h3>Bot\u00f3n de disparo montado en la parte superior<\/h3>\n<p>A diferencia de los cuchillos OTF de disparo lateral, el bot\u00f3n montado en la cubierta del Dirac Delta permite presionar el pulgar de forma natural e intuitiva para desplegar y retraer la hoja. El dise\u00f1o permite una verdadera operaci\u00f3n ambidiestra sin reposicionar la mano.<\/p>\n<h3>Chasis ergon\u00f3mico inspirado en HALO<\/h3>\n<p>El chasis del Dirac Delta presenta l\u00edneas curvas inspiradas en el legendario Microtech HALO, creando una sensaci\u00f3n distintiva en la mano que lo distingue de los dise\u00f1os tradicionales OTF de lados rectos.<\/p>\n<h3>DLC Acabado de sombras<\/h3>\n<p>El revestimiento completo de carbono tipo diamante en todas las superficies proporciona dureza extrema, resistencia al desgaste y una elegante est\u00e9tica oscurecida. El acabado DLC tambi\u00e9n a\u00f1ade una capa de protecci\u00f3n contra la corrosi\u00f3n m\u00e1s all\u00e1 del ya resistente acero M390MK.<\/p>\n<h3>Componentes Premium<\/h3>\n<ul>\n<li>Hoja de daga de doble filo Bohler M390MK con revestimiento DLC<\/li>\n<li>Mango de aluminio 6061-T6 con acabado DLC Shadow<\/li>\n<li>Hardware recubierto de DLC y clip de bolsillo<\/li>\n<li>Bot\u00f3n de disparo montado en la parte superior para operaci\u00f3n ambidiestra<\/li>\n<li>Rompecristales integrado<\/li>\n<li>Designaci\u00f3n de serie de firma<\/li>\n<\/ul>\n<h3>Especificaciones<\/h3>\n<table class=\"atributos_tienda\">\n<tr>\n<td><strong>Tipo<\/strong><\/td>\n<td>Autom\u00e1tico innovador<\/td>\n<\/tr>\n<tr>\n<td><strong>Longitud de la hoja<\/strong><\/td>\n<td>3,79&#8243;<\/td>\n<\/tr>\n<tr>\n<td><strong>Longitud total<\/strong><\/td>\n<td>9,40&#8243;<\/td>\n<\/tr>\n<tr>\n<td><strong>Longitud del mango<\/strong><\/td>\n<td>5.50&#8243;<\/td>\n<\/tr>\n<tr>\n<td><strong>Hoja de acero<\/strong><\/td>\n<td>Bohler M390MK (recubierto con DLC)<\/td>\n<\/tr>\n<tr>\n<td><strong>Material del mango<\/strong><\/td>\n<td>Aluminio 6061-T6 (DLC Shadow)<\/td>\n<\/tr>\n<tr>\n<td><strong>Peso<\/strong><\/td>\n<td>4.60 onzas<\/td>\n<\/tr>\n<tr>\n<td><strong>Estilo de hoja<\/strong><\/td>\n<td>Daga \/ Doble Filo (D\/E)<\/td>\n<\/tr>\n<tr>\n<td><strong>Acabado de la hoja<\/strong><\/td>\n<td>Sombra DLC<\/td>\n<\/tr>\n<tr>\n<td><strong>Hardware<\/strong><\/td>\n<td>Recubrimiento DLC<\/td>\n<\/tr>\n<tr>\n<td><strong>Tipo de borde<\/strong><\/td>\n<td>Simple<\/td>\n<\/tr>\n<tr>\n<td><strong>Serie<\/strong><\/td>\n<td>Serie de firmas<\/td>\n<\/tr>\n<tr>\n<td><strong>Pa\u00eds de origen<\/strong><\/td>\n<td>EE.UU.<\/td>\n<\/tr>\n<\/tbody>\n","protected":false},"excerpt":{"rendered":"<p>Dirac Delta Signature Series OTF autom\u00e1tico con acabado DLC Shadow completo: hoja de daga de doble filo M390MK recubierta de DLC y mango de aluminio DLC. Bot\u00f3n de disparo montado en la parte superior. Hoja de 3,79\u2033, 9,40\u2033 en total, 4,6 oz.<\/p>\n","protected":false},"featured_media":733050,"template":"","meta":{"_acf_changed":false},"product_brand":[15532],"product_cat":[15992,15356],"product_tag":[],"class_list":{"0":"post-733049","1":"product","2":"type-product","3":"status-publish","4":"has-post-thumbnail","6":"product_brand-microtech","7":"product_cat-otf-knives-es","8":"product_cat-knives-de","10":"first","11":"outofstock","12":"taxable","13":"shipping-taxable","14":"purchasable","15":"product-type-simple"},"acf":[],"_links":{"self":[{"href":"https:\/\/nbg.eu\/es\/wp-json\/wp\/v2\/product\/733049","targetHints":{"allow":["GET"]}}],"collection":[{"href":"https:\/\/nbg.eu\/es\/wp-json\/wp\/v2\/product"}],"about":[{"href":"https:\/\/nbg.eu\/es\/wp-json\/wp\/v2\/types\/product"}],"wp:featuredmedia":[{"embeddable":true,"href":"https:\/\/nbg.eu\/es\/wp-json\/wp\/v2\/media\/733050"}],"wp:attachment":[{"href":"https:\/\/nbg.eu\/es\/wp-json\/wp\/v2\/media?parent=733049"}],"wp:term":[{"taxonomy":"product_brand","embeddable":true,"href":"https:\/\/nbg.eu\/es\/wp-json\/wp\/v2\/product_brand?post=733049"},{"taxonomy":"product_cat","embeddable":true,"href":"https:\/\/nbg.eu\/es\/wp-json\/wp\/v2\/product_cat?post=733049"},{"taxonomy":"product_tag","embeddable":true,"href":"https:\/\/nbg.eu\/es\/wp-json\/wp\/v2\/product_tag?post=733049"}],"curies":[{"name":"wp","href":"https:\/\/api.w.org\/{rel}","templated":true}]}}