{"id":734335,"date":"2026-03-24T13:40:18","date_gmt":"2026-03-24T10:40:18","guid":{"rendered":"https:\/\/nbg.eu\/product\/cargador-bergara-b14-aics-short-action-10-cartuchos\/"},"modified":"2026-04-02T14:38:06","modified_gmt":"2026-04-02T11:38:06","slug":"cargador-bergara-b14-aics-short-action-10-cartuchos","status":"publish","type":"product","link":"https:\/\/nbg.eu\/es\/producto\/cargador-bergara-b14-aics-short-action-10-cartuchos\/","title":{"rendered":"Cargador Bergara B14 AICS Short Action 10 cartuchos"},"content":{"rendered":"<h2>Bergara B14 AICS Magazine Short Action 10-Round<\/h2>\n<p>Cargador AICS 10 cartuchos para B14 HMR. Compatible con 6.5 Creedmoor y .308 Win.<\/p>\n<table class=\"product-specs\">\n<tbody>\n<tr>\n<th>Calibre<\/th>\n<td>6.5 Creedmoor \/ .308 Win<\/td>\n<\/tr>\n<tr>\n<th>Capacidad del cargador<\/th>\n<td>10 rounds<\/td>\n<\/tr>\n<tr>\n<th>Platform<\/th>\n<td>Bergara B14 Short Action (AICS)<\/td>\n<\/tr>\n<tr>\n<th>Material<\/th>\n<td>Polyamide<\/td>\n<\/tr>\n<tr>\n<th>Manufacturer<\/th>\n<td>Bergara, Spain<\/td>\n<\/tr>\n<\/tbody>\n<\/table>\n","protected":false},"excerpt":{"rendered":"<p>Cargador slim-line Bergara original de 10 cartuchos para rifles B14 AICS Short Action. Compatible con 6.5 Creedmoor, .308 Win. Construcci\u00f3n ligera en pol\u00edmero para alimentaci\u00f3n fiable en competici\u00f3n y caza.<\/p>\n","protected":false},"featured_media":734336,"template":"","meta":{"_acf_changed":false},"product_brand":[16032],"product_cat":[12286],"product_tag":[],"class_list":{"0":"post-734335","1":"product","2":"type-product","3":"status-publish","4":"has-post-thumbnail","6":"product_brand-bergara","7":"product_cat-cargadores-para-rifle","9":"first","10":"instock","11":"taxable","12":"shipping-taxable","13":"purchasable","14":"product-type-simple"},"acf":[],"_links":{"self":[{"href":"https:\/\/nbg.eu\/es\/wp-json\/wp\/v2\/product\/734335","targetHints":{"allow":["GET"]}}],"collection":[{"href":"https:\/\/nbg.eu\/es\/wp-json\/wp\/v2\/product"}],"about":[{"href":"https:\/\/nbg.eu\/es\/wp-json\/wp\/v2\/types\/product"}],"wp:featuredmedia":[{"embeddable":true,"href":"https:\/\/nbg.eu\/es\/wp-json\/wp\/v2\/media\/734336"}],"wp:attachment":[{"href":"https:\/\/nbg.eu\/es\/wp-json\/wp\/v2\/media?parent=734335"}],"wp:term":[{"taxonomy":"product_brand","embeddable":true,"href":"https:\/\/nbg.eu\/es\/wp-json\/wp\/v2\/product_brand?post=734335"},{"taxonomy":"product_cat","embeddable":true,"href":"https:\/\/nbg.eu\/es\/wp-json\/wp\/v2\/product_cat?post=734335"},{"taxonomy":"product_tag","embeddable":true,"href":"https:\/\/nbg.eu\/es\/wp-json\/wp\/v2\/product_tag?post=734335"}],"curies":[{"name":"wp","href":"https:\/\/api.w.org\/{rel}","templated":true}]}}