{"id":74156,"date":"2024-10-18T22:52:52","date_gmt":"2024-10-18T19:52:52","guid":{"rendered":"https:\/\/nbg.eu\/product\/mag-release-button-kmr-black\/"},"modified":"2026-04-16T19:06:35","modified_gmt":"2026-04-16T16:06:35","slug":"boton-liberador-de-cargador-kmr-negro","status":"publish","type":"product","link":"https:\/\/nbg.eu\/es\/producto\/boton-liberador-de-cargador-kmr-negro\/","title":{"rendered":"KMR Bot\u00f3n de Liberaci\u00f3n del Cargador Est\u00e1ndar Negro"},"content":{"rendered":"<h2>Bot\u00f3n de Liberaci\u00f3n de Cargador KMR &#8211; Negro<\/h2>\n<p>El Bot\u00f3n de Liberaci\u00f3n de Cargador KMR es un accesorio esencial para tus sistemas de armas, dise\u00f1ado para proporcionar un mecanismo de liberaci\u00f3n de cargador seguro y confiable.<\/p>\n<p>Con un acabado negro elegante, el Bot\u00f3n de Liberaci\u00f3n de Cargador KMR no solo es funcional, sino que tambi\u00e9n agrega un toque de elegancia t\u00e1ctica a tu arma. Construido con materiales duraderos, este bot\u00f3n garantiza una liberaci\u00f3n de cargador suave y confiable cada vez, lo que permite recargas r\u00e1pidas y una transici\u00f3n fluida entre disparos.<\/p>\n<p>Ya seas un tirador profesional o est\u00e9s reci\u00e9n comenzando, el Bot\u00f3n de Liberaci\u00f3n de Cargador KMR es un accesorio esencial que puede mejorar el rendimiento y la confiabilidad de tus sistemas de armas. Con su compatibilidad vers\u00e1til y su dise\u00f1o robusto, este bot\u00f3n es un elemento imprescindible para cualquier entusiasta de las armas de fuego.<\/p>\n<p>Para Armas KMR:<\/p>\n<p>KMR L-02 EMIQ<\/p>\n<p>KMR L-02 EMIQ (OR)<\/p>\n<p>KMR L-02 ORCA HASTA 2023<\/p>\n<p>KMR L-02 SPECTRA DESDE 2024<\/p>\n<p>KMR L-02 SPECTRA HASTA 2023<\/p>\n<p>KMR L-02 UMBRA DESDE 2024<\/p>\n<p>KMR L-02 UMBRA HASTA 2023<\/p>\n<p>KMR S-01 LANCE (OR)<\/p>\n<p>KMR S-02 HASTA 2023<\/p>\n<p>KMR W-02 CUDA DESDE 2024<\/p>\n<p>KMR W-02 CUDA HASTA 2023<\/p>\n<p>KMR W-02 UMBRA<\/p>\n<p>KMR W-02 UMBRA (OR)<\/p>\n<p>Referencia 0180-00801-0101<\/p>\n","protected":false},"excerpt":{"rendered":"<p>Bot\u00f3n de liberaci\u00f3n del cargador para armas KMR, disponible en negro.<\/p>\n","protected":false},"featured_media":72252,"template":"","meta":{"_acf_changed":false},"product_brand":[11503],"product_cat":[12229],"product_tag":[],"class_list":{"0":"post-74156","1":"product","2":"type-product","3":"status-publish","4":"has-post-thumbnail","6":"product_brand-kmr-precision","7":"product_cat-piezas-kmr","9":"first","10":"instock","11":"taxable","12":"shipping-taxable","13":"purchasable","14":"product-type-simple"},"acf":[],"_links":{"self":[{"href":"https:\/\/nbg.eu\/es\/wp-json\/wp\/v2\/product\/74156","targetHints":{"allow":["GET"]}}],"collection":[{"href":"https:\/\/nbg.eu\/es\/wp-json\/wp\/v2\/product"}],"about":[{"href":"https:\/\/nbg.eu\/es\/wp-json\/wp\/v2\/types\/product"}],"wp:featuredmedia":[{"embeddable":true,"href":"https:\/\/nbg.eu\/es\/wp-json\/wp\/v2\/media\/72252"}],"wp:attachment":[{"href":"https:\/\/nbg.eu\/es\/wp-json\/wp\/v2\/media?parent=74156"}],"wp:term":[{"taxonomy":"product_brand","embeddable":true,"href":"https:\/\/nbg.eu\/es\/wp-json\/wp\/v2\/product_brand?post=74156"},{"taxonomy":"product_cat","embeddable":true,"href":"https:\/\/nbg.eu\/es\/wp-json\/wp\/v2\/product_cat?post=74156"},{"taxonomy":"product_tag","embeddable":true,"href":"https:\/\/nbg.eu\/es\/wp-json\/wp\/v2\/product_tag?post=74156"}],"curies":[{"name":"wp","href":"https:\/\/api.w.org\/{rel}","templated":true}]}}