{"id":747133,"date":"2026-04-16T10:51:25","date_gmt":"2026-04-16T07:51:25","guid":{"rendered":"https:\/\/nbg.eu\/product\/kmr-empunaduras-l-dotmatrix-cortas-para-orca-emiq\/"},"modified":"2026-04-16T19:04:30","modified_gmt":"2026-04-16T16:04:30","slug":"kmr-empunaduras-l-dotmatrix-cortas-para-orca-emiq","status":"publish","type":"product","link":"https:\/\/nbg.eu\/es\/producto\/kmr-empunaduras-l-dotmatrix-cortas-para-orca-emiq\/","title":{"rendered":"KMR Empu\u00f1aduras L DotMatrix Cortas para Orca, EMIQ"},"content":{"rendered":"<h2>EMPU\u00d1ADURAS KMR L DotMatrix<\/h2>\n<p>Mejore su experiencia de tiro con las Empu\u00f1aduras KMR L DotMatrix. Estas empu\u00f1aduras duraderas est\u00e1n fabricadas en duraluminio anodizado y ofrecen un agarre y control excelentes.<\/p>\n<ul>\n<li>Construcci\u00f3n duradera de duraluminio anodizado<\/li>\n<li>Textura agresiva para un agarre seguro<\/li>\n<li>Ideal para mejoras o armas de competici\u00f3n<\/li>\n<li>Incluye tornillos torx para f\u00e1cil instalaci\u00f3n<\/li>\n<li>Con logotipo KMR<\/li>\n<li>Disponible en varios colores<\/li>\n<\/ul>\n<dl class=\"data-sheet\">\n<dt class=\"name\">Para Armas KMR<\/dt>\n<dd class=\"value\">KMR L-02 EMIQ<br \/>\nKMR L-02 EMIQ (OR)<br \/>\nKMR L-02 ORCA (UNTIL 2023)<\/dd>\n<\/dl>\n","protected":false},"excerpt":{"rendered":"<p>Empu\u00f1aduras KMR de duraluminio para ORCA, EMIQ. Patr\u00f3n de bola de golf, cortas.<\/p>\n","protected":false},"featured_media":24304,"template":"","meta":{"_acf_changed":false},"product_brand":[11503],"product_cat":[12229,14880],"product_tag":[],"class_list":{"0":"post-747133","1":"product","2":"type-product","3":"status-publish","4":"has-post-thumbnail","6":"product_brand-kmr-precision","7":"product_cat-piezas-kmr","8":"product_cat-pistol-grips-es","10":"first","11":"instock","12":"taxable","13":"shipping-taxable","14":"purchasable","15":"product-type-variable","16":"wvs-archive-product-wrapper"},"acf":[],"_links":{"self":[{"href":"https:\/\/nbg.eu\/es\/wp-json\/wp\/v2\/product\/747133","targetHints":{"allow":["GET"]}}],"collection":[{"href":"https:\/\/nbg.eu\/es\/wp-json\/wp\/v2\/product"}],"about":[{"href":"https:\/\/nbg.eu\/es\/wp-json\/wp\/v2\/types\/product"}],"wp:featuredmedia":[{"embeddable":true,"href":"https:\/\/nbg.eu\/es\/wp-json\/wp\/v2\/media\/24304"}],"wp:attachment":[{"href":"https:\/\/nbg.eu\/es\/wp-json\/wp\/v2\/media?parent=747133"}],"wp:term":[{"taxonomy":"product_brand","embeddable":true,"href":"https:\/\/nbg.eu\/es\/wp-json\/wp\/v2\/product_brand?post=747133"},{"taxonomy":"product_cat","embeddable":true,"href":"https:\/\/nbg.eu\/es\/wp-json\/wp\/v2\/product_cat?post=747133"},{"taxonomy":"product_tag","embeddable":true,"href":"https:\/\/nbg.eu\/es\/wp-json\/wp\/v2\/product_tag?post=747133"}],"curies":[{"name":"wp","href":"https:\/\/api.w.org\/{rel}","templated":true}]}}