{"id":749603,"date":"2026-04-24T11:17:29","date_gmt":"2026-04-24T08:17:29","guid":{"rendered":"https:\/\/nbg.eu\/product\/eberlestock-freefall-2000-mochila\/"},"modified":"2026-04-24T12:00:08","modified_gmt":"2026-04-24T09:00:08","slug":"eberlestock-freefall-2000-mochila","status":"publish","type":"product","link":"https:\/\/nbg.eu\/es\/producto\/eberlestock-freefall-2000-mochila\/","title":{"rendered":"Eberlestock FreeFall 2000 Mochila"},"content":{"rendered":"<h2>Eberlestock FreeFall 2000 Mochila<\/h2>\n<p>La Eberlestock FreeFall 2000 es una plataforma vers\u00e1til y de bajo perfil, capaz de acomodar excursiones de varios d\u00edas con equipo minimalista o salidas de un d\u00eda con configuraci\u00f3n completa. Con una tapa superior espaciosa, siete bolsillos interiores, funda para bolsa de hidrataci\u00f3n, correas de compresi\u00f3n y bolsillos en el cintur\u00f3n, esta mochila est\u00e1 construida para entusiastas del aire libre exigentes y operadores t\u00e1cticos.<\/p>\n<h3>Caracter\u00edsticas principales<\/h3>\n<ul>\n<li>2000 c.i. \/ 32.8L capacity<\/li>\n<li>Spacious top lid<\/li>\n<li>Seven interior pockets<\/li>\n<li>Water bladder sleeve<\/li>\n<li>Compression straps<\/li>\n<li>Hip-belt pockets<\/li>\n<li>Aluminum frame<\/li>\n<li>Eberlestock Lifetime Warranty<\/li>\n<\/ul>\n<h3>Especificaciones<\/h3>\n<table>\n<tr>\n<td><strong>Volumen<\/strong><\/td>\n<td>2000 c.i. \/ 32.8L<\/td>\n<\/tr>\n<tr>\n<td><strong>Peso<\/strong><\/td>\n<td>4 lbs 9 oz<\/td>\n<\/tr>\n<tr>\n<td><strong>Marco<\/strong><\/td>\n<td>Aluminum<\/td>\n<\/tr>\n<tr>\n<td><strong>C\u00f3digos de producto<\/strong><\/td>\n<td>V7MC, V7GY, V7MB, V7ME, V7MJ, V7MM<\/td>\n<\/tr>\n<tr>\n<td><strong>Fabricante<\/strong><\/td>\n<td>Eberlestock (Empresa de veteranos)<\/td>\n<\/tr>\n<\/table>\n","protected":false},"excerpt":{"rendered":"<p>La Eberlestock FreeFall 2000 es una plataforma vers\u00e1til y de bajo perfil, capaz de acomodar excursiones de varios d\u00edas con equipo minimalista o salidas de un d\u00eda con configuraci\u00f3n completa. Con una tapa superior espaciosa, siete bolsillos interiores, funda para bolsa de hidrataci\u00f3n, correas de compresi\u00f3n y bolsillos en el cintur\u00f3n, esta mochila est\u00e1 construida para entusiastas del aire libre exigentes y operadores t\u00e1cticos.<\/p>\n","protected":false},"featured_media":749604,"template":"","meta":{"_acf_changed":false},"product_brand":[15159],"product_cat":[12223],"product_tag":[],"class_list":{"0":"post-749603","1":"product","2":"type-product","3":"status-publish","4":"has-post-thumbnail","6":"product_brand-eberlestock","7":"product_cat-mochilas","9":"first","10":"outofstock","11":"taxable","12":"shipping-taxable","13":"purchasable","14":"product-type-variable","15":"wvs-archive-product-wrapper"},"acf":[],"_links":{"self":[{"href":"https:\/\/nbg.eu\/es\/wp-json\/wp\/v2\/product\/749603","targetHints":{"allow":["GET"]}}],"collection":[{"href":"https:\/\/nbg.eu\/es\/wp-json\/wp\/v2\/product"}],"about":[{"href":"https:\/\/nbg.eu\/es\/wp-json\/wp\/v2\/types\/product"}],"wp:featuredmedia":[{"embeddable":true,"href":"https:\/\/nbg.eu\/es\/wp-json\/wp\/v2\/media\/749604"}],"wp:attachment":[{"href":"https:\/\/nbg.eu\/es\/wp-json\/wp\/v2\/media?parent=749603"}],"wp:term":[{"taxonomy":"product_brand","embeddable":true,"href":"https:\/\/nbg.eu\/es\/wp-json\/wp\/v2\/product_brand?post=749603"},{"taxonomy":"product_cat","embeddable":true,"href":"https:\/\/nbg.eu\/es\/wp-json\/wp\/v2\/product_cat?post=749603"},{"taxonomy":"product_tag","embeddable":true,"href":"https:\/\/nbg.eu\/es\/wp-json\/wp\/v2\/product_tag?post=749603"}],"curies":[{"name":"wp","href":"https:\/\/api.w.org\/{rel}","templated":true}]}}