{"id":750274,"date":"2026-04-24T11:17:44","date_gmt":"2026-04-24T08:17:44","guid":{"rendered":"https:\/\/nbg.eu\/product\/eberlestock-spectre-mochila-multicam\/"},"modified":"2026-04-24T12:02:57","modified_gmt":"2026-04-24T09:02:57","slug":"eberlestock-spectre-mochila-multicam","status":"publish","type":"product","link":"https:\/\/nbg.eu\/es\/producto\/eberlestock-spectre-mochila-multicam\/","title":{"rendered":"Eberlestock Spectre Mochila &#8211; Multicam"},"content":{"rendered":"<h2>Eberlestock Spectre Mochila<\/h2>\n<p>La Eberlestock Spectre es la mochila de francotirador m\u00e1s innovadora y vers\u00e1til de la gama Eberlestock, redefiniendo las capacidades de equipamiento de precisi\u00f3n. Con una capacidad de 3100 p.c., una funda de arma integrada y caracter\u00edsticas organizativas completas, la Spectre est\u00e1 construida para operadores que exigen el m\u00e1s alto nivel de rendimiento de su equipo.<\/p>\n<h3>Caracter\u00edsticas principales<\/h3>\n<ul>\n<li>3,100 c.i. \/ 50.8L capacity<\/li>\n<li>Integrated rifle scabbard (34&#8243;)<\/li>\n<li>Full MOLLE\/PALS webbing<\/li>\n<li>Adjustable torso length<\/li>\n<li>Hydration compatible<\/li>\n<li>Eberlestock Lifetime Warranty<\/li>\n<\/ul>\n<h3>Especificaciones<\/h3>\n<table>\n<tr>\n<td><strong>Capacidad<\/strong><\/td>\n<td>3,100 c.i. \/ 50.8L<\/td>\n<\/tr>\n<tr>\n<td><strong>Peso<\/strong><\/td>\n<td>6 lbs 6 oz<\/td>\n<\/tr>\n<tr>\n<td><strong>Dimensiones<\/strong><\/td>\n<td>23&#8243; x 12&#8243; (Scabbard: 34&#8243;)<\/td>\n<\/tr>\n<tr>\n<td><strong>C\u00f3digos de producto<\/strong><\/td>\n<td>W2MM, W2ME, W2MC, W2MJ<\/td>\n<\/tr>\n<tr>\n<td><strong>Fabricante<\/strong><\/td>\n<td>Eberlestock (Empresa de veteranos)<\/td>\n<\/tr>\n<\/table>\n","protected":false},"excerpt":{"rendered":"<p>La Eberlestock Spectre es la mochila de francotirador m\u00e1s innovadora y vers\u00e1til de la gama Eberlestock, redefiniendo las capacidades de equipamiento de precisi\u00f3n. Con una capacidad de 3100 p.c., una funda de arma integrada y caracter\u00edsticas organizativas completas, la Spectre est\u00e1 construida para operadores que exigen el m\u00e1s alto nivel de rendimiento de su equipo.<\/p>\n","protected":false},"featured_media":750275,"template":"","meta":{"_acf_changed":false},"product_brand":[15159],"product_cat":[12223],"product_tag":[],"class_list":{"0":"post-750274","1":"product","2":"type-product","3":"status-publish","4":"has-post-thumbnail","6":"product_brand-eberlestock","7":"product_cat-mochilas","9":"first","10":"outofstock","11":"taxable","12":"shipping-taxable","13":"purchasable","14":"product-type-simple"},"acf":[],"_links":{"self":[{"href":"https:\/\/nbg.eu\/es\/wp-json\/wp\/v2\/product\/750274","targetHints":{"allow":["GET"]}}],"collection":[{"href":"https:\/\/nbg.eu\/es\/wp-json\/wp\/v2\/product"}],"about":[{"href":"https:\/\/nbg.eu\/es\/wp-json\/wp\/v2\/types\/product"}],"wp:featuredmedia":[{"embeddable":true,"href":"https:\/\/nbg.eu\/es\/wp-json\/wp\/v2\/media\/750275"}],"wp:attachment":[{"href":"https:\/\/nbg.eu\/es\/wp-json\/wp\/v2\/media?parent=750274"}],"wp:term":[{"taxonomy":"product_brand","embeddable":true,"href":"https:\/\/nbg.eu\/es\/wp-json\/wp\/v2\/product_brand?post=750274"},{"taxonomy":"product_cat","embeddable":true,"href":"https:\/\/nbg.eu\/es\/wp-json\/wp\/v2\/product_cat?post=750274"},{"taxonomy":"product_tag","embeddable":true,"href":"https:\/\/nbg.eu\/es\/wp-json\/wp\/v2\/product_tag?post=750274"}],"curies":[{"name":"wp","href":"https:\/\/api.w.org\/{rel}","templated":true}]}}