{"id":751102,"date":"2026-04-24T11:17:52","date_gmt":"2026-04-24T08:17:52","guid":{"rendered":"https:\/\/nbg.eu\/product\/eberlestock-mission-lid-multicam\/"},"modified":"2026-04-24T12:06:35","modified_gmt":"2026-04-24T09:06:35","slug":"eberlestock-mission-lid-multicam","status":"publish","type":"product","link":"https:\/\/nbg.eu\/es\/producto\/eberlestock-mission-lid-multicam\/","title":{"rendered":"Eberlestock Mission Lid &#8211; Multicam"},"content":{"rendered":"<h2>Eberlestock Mission Lid<\/h2>\n<p>El Eberlestock Mission Lid es una adici\u00f3n de almacenamiento sencilla y efectiva que mantiene los art\u00edculos vitales al alcance de la mano sin agregar volumen ni aumentar el perfil. Dise\u00f1ado para funcionar de forma independiente o en combinaci\u00f3n con el Mission Load Panel, el Mission Lid aumenta significativamente la capacidad de carga del Mission System.<\/p>\n<h3>Caracter\u00edsticas principales<\/h3>\n<ul>\n<li>400 c.i. storage<\/li>\n<li>6 oz lightweight<\/li>\n<li>Mission System compatible<\/li>\n<li>Works with Mission Load Panel<\/li>\n<li>Quick-access design<\/li>\n<li>Eberlestock Lifetime Warranty<\/li>\n<\/ul>\n<h3>Especificaciones<\/h3>\n<table>\n<tr>\n<td><strong>Volumen<\/strong><\/td>\n<td>400 c.i.<\/td>\n<\/tr>\n<tr>\n<td><strong>Peso<\/strong><\/td>\n<td>6 oz<\/td>\n<\/tr>\n<tr>\n<td><strong>Dimensiones<\/strong><\/td>\n<td>10&#8243;L x 12&#8243;W x 4&#8243;D<\/td>\n<\/tr>\n<tr>\n<td><strong>C\u00f3digos de producto<\/strong><\/td>\n<td>ML1MM, ML1MC, ML1MJ<\/td>\n<\/tr>\n<tr>\n<td><strong>Fabricante<\/strong><\/td>\n<td>Eberlestock (Empresa de veteranos)<\/td>\n<\/tr>\n<\/table>\n","protected":false},"excerpt":{"rendered":"<p>El Eberlestock Mission Lid es una adici\u00f3n de almacenamiento sencilla y efectiva que mantiene los art\u00edculos vitales al alcance de la mano sin agregar volumen ni aumentar el perfil. Dise\u00f1ado para funcionar de forma independiente o en combinaci\u00f3n con el Mission Load Panel, el Mission Lid aumenta significativamente la capacidad de carga del Mission System.<\/p>\n","protected":false},"featured_media":751103,"template":"","meta":{"_acf_changed":false},"product_brand":[15159],"product_cat":[12223],"product_tag":[],"class_list":{"0":"post-751102","1":"product","2":"type-product","3":"status-publish","4":"has-post-thumbnail","6":"product_brand-eberlestock","7":"product_cat-mochilas","9":"first","10":"outofstock","11":"taxable","12":"shipping-taxable","13":"purchasable","14":"product-type-simple"},"acf":[],"_links":{"self":[{"href":"https:\/\/nbg.eu\/es\/wp-json\/wp\/v2\/product\/751102","targetHints":{"allow":["GET"]}}],"collection":[{"href":"https:\/\/nbg.eu\/es\/wp-json\/wp\/v2\/product"}],"about":[{"href":"https:\/\/nbg.eu\/es\/wp-json\/wp\/v2\/types\/product"}],"wp:featuredmedia":[{"embeddable":true,"href":"https:\/\/nbg.eu\/es\/wp-json\/wp\/v2\/media\/751103"}],"wp:attachment":[{"href":"https:\/\/nbg.eu\/es\/wp-json\/wp\/v2\/media?parent=751102"}],"wp:term":[{"taxonomy":"product_brand","embeddable":true,"href":"https:\/\/nbg.eu\/es\/wp-json\/wp\/v2\/product_brand?post=751102"},{"taxonomy":"product_cat","embeddable":true,"href":"https:\/\/nbg.eu\/es\/wp-json\/wp\/v2\/product_cat?post=751102"},{"taxonomy":"product_tag","embeddable":true,"href":"https:\/\/nbg.eu\/es\/wp-json\/wp\/v2\/product_tag?post=751102"}],"curies":[{"name":"wp","href":"https:\/\/api.w.org\/{rel}","templated":true}]}}