{"id":751486,"date":"2026-04-24T11:17:58","date_gmt":"2026-04-24T08:17:58","guid":{"rendered":"https:\/\/nbg.eu\/product\/eberlestock-p12-knee-pad-juego-de-2\/"},"modified":"2026-04-24T12:09:15","modified_gmt":"2026-04-24T09:09:15","slug":"eberlestock-p12-knee-pad-juego-de-2","status":"publish","type":"product","link":"https:\/\/nbg.eu\/es\/producto\/eberlestock-p12-knee-pad-juego-de-2\/","title":{"rendered":"Eberlestock P12 Knee Pad Juego de 2"},"content":{"rendered":"<h2>Eberlestock P12 Knee Pad Juego de 2<\/h2>\n<p>El juego de rodilleras Eberlestock P12 proporciona protecci\u00f3n esencial de rodillas para operaciones de campo prolongadas, posiciones de tiro y aplicaciones t\u00e1cticas. Vendido como juego de 2, estas rodilleras est\u00e1n dise\u00f1adas para integrarse con pantalones y equipo Eberlestock compatibles, ofreciendo comodidad ligera y protecci\u00f3n contra impactos cuando m\u00e1s lo necesita.<\/p>\n<h3>Caracter\u00edsticas principales<\/h3>\n<ul>\n<li>Set of 2 knee pads<\/li>\n<li>Eberlestock pants compatible<\/li>\n<li>Lightweight construction<\/li>\n<li>Impact-absorbing foam<\/li>\n<li>Ergonomic design<\/li>\n<li>Eberlestock Lifetime Warranty<\/li>\n<\/ul>\n<h3>Especificaciones<\/h3>\n<table>\n<tr>\n<td><strong>Cantidad<\/strong><\/td>\n<td>2<\/td>\n<\/tr>\n<tr>\n<td><strong>Compatibilidad<\/strong><\/td>\n<td>Eberlestock tactical pants<\/td>\n<\/tr>\n<tr>\n<td><strong>Fabricante<\/strong><\/td>\n<td>Eberlestock (Empresa de veteranos)<\/td>\n<\/tr>\n<\/table>\n","protected":false},"excerpt":{"rendered":"<p>El juego de rodilleras Eberlestock P12 proporciona protecci\u00f3n esencial de rodillas para operaciones de campo prolongadas, posiciones de tiro y aplicaciones t\u00e1cticas. Vendido como juego de 2, estas rodilleras est\u00e1n dise\u00f1adas para integrarse con pantalones y equipo Eberlestock compatibles, ofreciendo comodidad ligera y protecci\u00f3n contra impactos cuando m\u00e1s lo necesita.<\/p>\n","protected":false},"featured_media":751546,"template":"","meta":{"_acf_changed":false},"product_brand":[15159],"product_cat":[12287],"product_tag":[],"class_list":{"0":"post-751486","1":"product","2":"type-product","3":"status-publish","4":"has-post-thumbnail","6":"product_brand-eberlestock","7":"product_cat-equipo","9":"first","10":"instock","11":"taxable","12":"shipping-taxable","13":"purchasable","14":"product-type-simple"},"acf":[],"_links":{"self":[{"href":"https:\/\/nbg.eu\/es\/wp-json\/wp\/v2\/product\/751486","targetHints":{"allow":["GET"]}}],"collection":[{"href":"https:\/\/nbg.eu\/es\/wp-json\/wp\/v2\/product"}],"about":[{"href":"https:\/\/nbg.eu\/es\/wp-json\/wp\/v2\/types\/product"}],"wp:featuredmedia":[{"embeddable":true,"href":"https:\/\/nbg.eu\/es\/wp-json\/wp\/v2\/media\/751546"}],"wp:attachment":[{"href":"https:\/\/nbg.eu\/es\/wp-json\/wp\/v2\/media?parent=751486"}],"wp:term":[{"taxonomy":"product_brand","embeddable":true,"href":"https:\/\/nbg.eu\/es\/wp-json\/wp\/v2\/product_brand?post=751486"},{"taxonomy":"product_cat","embeddable":true,"href":"https:\/\/nbg.eu\/es\/wp-json\/wp\/v2\/product_cat?post=751486"},{"taxonomy":"product_tag","embeddable":true,"href":"https:\/\/nbg.eu\/es\/wp-json\/wp\/v2\/product_tag?post=751486"}],"curies":[{"name":"wp","href":"https:\/\/api.w.org\/{rel}","templated":true}]}}